{"id":723739,"date":"2025-08-27T19:23:49","date_gmt":"2025-08-27T16:23:49","guid":{"rendered":"https:\/\/roveyayinevi.com.tr\/index.php\/urun\/aksi-kus\/"},"modified":"2026-04-16T02:31:48","modified_gmt":"2026-04-15T23:31:48","slug":"aksi-kus","status":"publish","type":"product","link":"https:\/\/roveyayinevi.com.tr\/index.php\/urun\/aksi-kus\/","title":{"rendered":"Aksi Ku\u015f"},"content":{"rendered":"<p>Bir g\u00fcn Aksi Ku\u015f oturuyordu yuvas\u0131nda, Gri sorgucu ve parlak kanatlar\u0131yla. Di\u011fer ku\u015flar onunla konu\u015fup, oynamak isterken; Aksi Ku\u015f yaln\u0131z kalmak istiyor. Gelin g\u00f6r\u00fcn ki, ba\u015f\u0131 derde girdi\u011finde, herkesin bir arkada\u015fa ihtiyac\u0131 oldu\u011funu anl\u0131yor. <\/p>\n","protected":false},"excerpt":{"rendered":"<p>Bir g\u00fcn Aksi Ku\u015f oturuyordu yuvas\u0131nda, Gri sorgucu ve parlak kanatlar\u0131yla. Di\u011fer ku\u015flar onunla konu\u015fup, oynamak isterken; Aksi Ku\u015f yaln\u0131z kalmak istiyor. Gelin g\u00f6r\u00fcn ki, ba\u015f\u0131<span class=\"excerpt-hellip\"> [\u2026]<\/span><\/p>\n","protected":false},"featured_media":0,"template":"","meta":{"_monsterinsights_skip_tracking":false,"_monsterinsights_sitenote_active":false,"_monsterinsights_sitenote_note":"","_monsterinsights_sitenote_category":0},"product_brand":[],"product_cat":[12274,12518],"product_tag":[],"class_list":{"0":"post-723739","1":"product","2":"type-product","3":"status-publish","5":"product_cat-cocuk-ve-genclik-kitaplari","6":"product_cat-okul-oncesi-kitaplar","7":"pa_cilt-ciltsiz","8":"pa_tur-kitap","9":"pa_yayinevi-is-bankasi-kultur-yayinlari","10":"pa_yazar-julia-donaldson","12":"first","13":"instock","14":"sale","15":"shipping-taxable","16":"purchasable","17":"product-type-simple"},"_links":{"self":[{"href":"https:\/\/roveyayinevi.com.tr\/index.php\/wp-json\/wp\/v2\/product\/723739","targetHints":{"allow":["GET"]}}],"collection":[{"href":"https:\/\/roveyayinevi.com.tr\/index.php\/wp-json\/wp\/v2\/product"}],"about":[{"href":"https:\/\/roveyayinevi.com.tr\/index.php\/wp-json\/wp\/v2\/types\/product"}],"wp:attachment":[{"href":"https:\/\/roveyayinevi.com.tr\/index.php\/wp-json\/wp\/v2\/media?parent=723739"}],"wp:term":[{"taxonomy":"product_brand","embeddable":true,"href":"https:\/\/roveyayinevi.com.tr\/index.php\/wp-json\/wp\/v2\/product_brand?post=723739"},{"taxonomy":"product_cat","embeddable":true,"href":"https:\/\/roveyayinevi.com.tr\/index.php\/wp-json\/wp\/v2\/product_cat?post=723739"},{"taxonomy":"product_tag","embeddable":true,"href":"https:\/\/roveyayinevi.com.tr\/index.php\/wp-json\/wp\/v2\/product_tag?post=723739"}],"curies":[{"name":"wp","href":"https:\/\/api.w.org\/{rel}","templated":true}]}}