{"id":723738,"date":"2025-08-27T19:23:48","date_gmt":"2025-08-27T16:23:48","guid":{"rendered":"https:\/\/roveyayinevi.com.tr\/index.php\/urun\/macera-masallari\/"},"modified":"2026-04-16T02:31:48","modified_gmt":"2026-04-15T23:31:48","slug":"macera-masallari","status":"publish","type":"product","link":"https:\/\/roveyayinevi.com.tr\/index.php\/urun\/macera-masallari\/","title":{"rendered":"Macera Masallar\u0131"},"content":{"rendered":"<p>\u0130nsanlar\u0131 ve binalar\u0131 kurtarmak i\u00e7in ko\u015fturan bir itfaiyeci, heyecan dolu bir ser\u00fcven i\u00e7in yola koyulan bir korsan ya da demiryolunda h\u0131zla ilerleyen bir makinist olmak nas\u0131l bir \u015fey? \u00d6\u011frenmek i\u00e7in hemen elinizdeki ki tab\u0131n sayfalar\u0131n\u0131 \u00e7evirmeye ba\u015flay\u0131n, macera masallar\u0131 ba\u015fl\u0131yor!<\/p>\n","protected":false},"excerpt":{"rendered":"<p>\u0130nsanlar\u0131 ve binalar\u0131 kurtarmak i\u00e7in ko\u015fturan bir itfaiyeci, heyecan dolu bir ser\u00fcven i\u00e7in yola koyulan bir korsan ya da demiryolunda h\u0131zla ilerleyen bir makinist olmak nas\u0131l<span class=\"excerpt-hellip\"> [\u2026]<\/span><\/p>\n","protected":false},"featured_media":0,"template":"","meta":{"_monsterinsights_skip_tracking":false,"_monsterinsights_sitenote_active":false,"_monsterinsights_sitenote_note":"","_monsterinsights_sitenote_category":0},"product_brand":[],"product_cat":[12274,12518],"product_tag":[],"class_list":{"0":"post-723738","1":"product","2":"type-product","3":"status-publish","5":"product_cat-cocuk-ve-genclik-kitaplari","6":"product_cat-okul-oncesi-kitaplar","7":"pa_cilt-ciltsiz","8":"pa_tur-kitap","9":"pa_yayinevi-is-bankasi-kultur-yayinlari","10":"pa_yazar-stephanie-moss-melanie-joyce","12":"first","13":"instock","14":"sale","15":"shipping-taxable","16":"purchasable","17":"product-type-simple"},"_links":{"self":[{"href":"https:\/\/roveyayinevi.com.tr\/index.php\/wp-json\/wp\/v2\/product\/723738","targetHints":{"allow":["GET"]}}],"collection":[{"href":"https:\/\/roveyayinevi.com.tr\/index.php\/wp-json\/wp\/v2\/product"}],"about":[{"href":"https:\/\/roveyayinevi.com.tr\/index.php\/wp-json\/wp\/v2\/types\/product"}],"wp:attachment":[{"href":"https:\/\/roveyayinevi.com.tr\/index.php\/wp-json\/wp\/v2\/media?parent=723738"}],"wp:term":[{"taxonomy":"product_brand","embeddable":true,"href":"https:\/\/roveyayinevi.com.tr\/index.php\/wp-json\/wp\/v2\/product_brand?post=723738"},{"taxonomy":"product_cat","embeddable":true,"href":"https:\/\/roveyayinevi.com.tr\/index.php\/wp-json\/wp\/v2\/product_cat?post=723738"},{"taxonomy":"product_tag","embeddable":true,"href":"https:\/\/roveyayinevi.com.tr\/index.php\/wp-json\/wp\/v2\/product_tag?post=723738"}],"curies":[{"name":"wp","href":"https:\/\/api.w.org\/{rel}","templated":true}]}}