{"id":723737,"date":"2025-08-27T19:23:47","date_gmt":"2025-08-27T16:23:47","guid":{"rendered":"https:\/\/roveyayinevi.com.tr\/index.php\/urun\/surpriz\/"},"modified":"2026-04-16T02:31:48","modified_gmt":"2026-04-15T23:31:48","slug":"surpriz","status":"publish","type":"product","link":"https:\/\/roveyayinevi.com.tr\/index.php\/urun\/surpriz\/","title":{"rendered":"S\u00fcrpriz"},"content":{"rendered":"<p>Her \u015fey, Memo\u2019nun bah\u00e7ede minik bir kedi bulmas\u0131yla ba\u015flad\u0131. Memo\u2019yla yavru kedi, k\u0131sa zamanda s\u0131k\u0131 dost oldular. Ama tuhaf \u015feyler ya\u015fan\u0131yordu. Kedicik b\u00fcy\u00fcd\u00fck\u00e7e b\u00fcy\u00fcyordu. Birbirinden ilgin\u00e7 s\u00fcrprizler Memo\u2019yu bekliyordu! <\/p>\n","protected":false},"excerpt":{"rendered":"<p>Her \u015fey, Memo\u2019nun bah\u00e7ede minik bir kedi bulmas\u0131yla ba\u015flad\u0131. Memo\u2019yla yavru kedi, k\u0131sa zamanda s\u0131k\u0131 dost oldular. Ama tuhaf \u015feyler ya\u015fan\u0131yordu. Kedicik b\u00fcy\u00fcd\u00fck\u00e7e b\u00fcy\u00fcyordu. Birbirinden ilgin\u00e7<span class=\"excerpt-hellip\"> [\u2026]<\/span><\/p>\n","protected":false},"featured_media":0,"template":"","meta":{"_monsterinsights_skip_tracking":false,"_monsterinsights_sitenote_active":false,"_monsterinsights_sitenote_note":"","_monsterinsights_sitenote_category":0},"product_brand":[],"product_cat":[12274,12518],"product_tag":[],"class_list":{"0":"post-723737","1":"product","2":"type-product","3":"status-publish","5":"product_cat-cocuk-ve-genclik-kitaplari","6":"product_cat-okul-oncesi-kitaplar","7":"pa_cilt-ciltsiz","8":"pa_tur-kitap","9":"pa_yayinevi-is-bankasi-kultur-yayinlari","10":"pa_yazar-funda-ozlem-seran","12":"first","13":"instock","14":"sale","15":"shipping-taxable","16":"purchasable","17":"product-type-simple"},"_links":{"self":[{"href":"https:\/\/roveyayinevi.com.tr\/index.php\/wp-json\/wp\/v2\/product\/723737","targetHints":{"allow":["GET"]}}],"collection":[{"href":"https:\/\/roveyayinevi.com.tr\/index.php\/wp-json\/wp\/v2\/product"}],"about":[{"href":"https:\/\/roveyayinevi.com.tr\/index.php\/wp-json\/wp\/v2\/types\/product"}],"wp:attachment":[{"href":"https:\/\/roveyayinevi.com.tr\/index.php\/wp-json\/wp\/v2\/media?parent=723737"}],"wp:term":[{"taxonomy":"product_brand","embeddable":true,"href":"https:\/\/roveyayinevi.com.tr\/index.php\/wp-json\/wp\/v2\/product_brand?post=723737"},{"taxonomy":"product_cat","embeddable":true,"href":"https:\/\/roveyayinevi.com.tr\/index.php\/wp-json\/wp\/v2\/product_cat?post=723737"},{"taxonomy":"product_tag","embeddable":true,"href":"https:\/\/roveyayinevi.com.tr\/index.php\/wp-json\/wp\/v2\/product_tag?post=723737"}],"curies":[{"name":"wp","href":"https:\/\/api.w.org\/{rel}","templated":true}]}}