{"id":723735,"date":"2025-08-27T19:23:45","date_gmt":"2025-08-27T16:23:45","guid":{"rendered":"https:\/\/roveyayinevi.com.tr\/index.php\/urun\/ters-olan-bir-seyler-var\/"},"modified":"2026-04-16T02:31:47","modified_gmt":"2026-04-15T23:31:47","slug":"ters-olan-bir-seyler-var","status":"publish","type":"product","link":"https:\/\/roveyayinevi.com.tr\/index.php\/urun\/ters-olan-bir-seyler-var\/","title":{"rendered":"Ters Olan Bir \u015eeyler Var"},"content":{"rendered":"<p>T\u00fcm yanl\u0131\u015fl\u0131klar\u0131 kim bulacak?   Defne sabah kalkar kalkmaz bir \u015feylerin ters gitti\u011fini hissetti. Tuhafl\u0131klar g\u00fcn boyu pe\u015fini b\u0131rakmad\u0131. Ancak Defne bir t\u00fcrl\u00fc neyin ters oldu\u011funu \u00e7\u00f6zemedi. Acaba buzdolab\u0131ndaki ayakkab\u0131lar\u0131 fark edemedi mi? Ya da limandaki z\u00fcrafay\u0131? Kim bilir?..   \u00c7ocuklar bu kitab\u0131 okurken hem e\u011flenecek hem de yanl\u0131\u015flar\u0131 bularak g\u00fcndelik hayatta ne kadar \u00e7ok \u015fey bildiklerini g\u00f6recekler. Yeti\u015fkinler de \u00e7ocuklarla birlikte yanl\u0131\u015flar\u0131 tahmin ederek \u00e7\u00f6z\u00fcm sayfas\u0131ndan kontrol edebilirler. \u00c7\u00f6z\u00fcm sayfalar\u0131 kitab\u0131n sonunda! <\/p>\n","protected":false},"excerpt":{"rendered":"<p>T\u00fcm yanl\u0131\u015fl\u0131klar\u0131 kim bulacak? Defne sabah kalkar kalkmaz bir \u015feylerin ters gitti\u011fini hissetti. Tuhafl\u0131klar g\u00fcn boyu pe\u015fini b\u0131rakmad\u0131. Ancak Defne bir t\u00fcrl\u00fc neyin ters oldu\u011funu \u00e7\u00f6zemedi.<span class=\"excerpt-hellip\"> [\u2026]<\/span><\/p>\n","protected":false},"featured_media":0,"template":"","meta":{"_monsterinsights_skip_tracking":false,"_monsterinsights_sitenote_active":false,"_monsterinsights_sitenote_note":"","_monsterinsights_sitenote_category":0},"product_brand":[],"product_cat":[12274,12518],"product_tag":[],"class_list":{"0":"post-723735","1":"product","2":"type-product","3":"status-publish","5":"product_cat-cocuk-ve-genclik-kitaplari","6":"product_cat-okul-oncesi-kitaplar","7":"pa_cilt-ciltsiz","8":"pa_tur-kitap","9":"pa_yayinevi-is-bankasi-kultur-yayinlari","10":"pa_yazar-ralf-butschkow","12":"first","13":"instock","14":"sale","15":"shipping-taxable","16":"purchasable","17":"product-type-simple"},"_links":{"self":[{"href":"https:\/\/roveyayinevi.com.tr\/index.php\/wp-json\/wp\/v2\/product\/723735","targetHints":{"allow":["GET"]}}],"collection":[{"href":"https:\/\/roveyayinevi.com.tr\/index.php\/wp-json\/wp\/v2\/product"}],"about":[{"href":"https:\/\/roveyayinevi.com.tr\/index.php\/wp-json\/wp\/v2\/types\/product"}],"wp:attachment":[{"href":"https:\/\/roveyayinevi.com.tr\/index.php\/wp-json\/wp\/v2\/media?parent=723735"}],"wp:term":[{"taxonomy":"product_brand","embeddable":true,"href":"https:\/\/roveyayinevi.com.tr\/index.php\/wp-json\/wp\/v2\/product_brand?post=723735"},{"taxonomy":"product_cat","embeddable":true,"href":"https:\/\/roveyayinevi.com.tr\/index.php\/wp-json\/wp\/v2\/product_cat?post=723735"},{"taxonomy":"product_tag","embeddable":true,"href":"https:\/\/roveyayinevi.com.tr\/index.php\/wp-json\/wp\/v2\/product_tag?post=723735"}],"curies":[{"name":"wp","href":"https:\/\/api.w.org\/{rel}","templated":true}]}}