{"id":723733,"date":"2025-08-27T19:23:44","date_gmt":"2025-08-27T16:23:44","guid":{"rendered":"https:\/\/roveyayinevi.com.tr\/index.php\/urun\/ilk-okuma-kitabim-cerenin-evcil-hayvani\/"},"modified":"2026-04-16T02:31:47","modified_gmt":"2026-04-15T23:31:47","slug":"ilk-okuma-kitabim-cerenin-evcil-hayvani","status":"publish","type":"product","link":"https:\/\/roveyayinevi.com.tr\/index.php\/urun\/ilk-okuma-kitabim-cerenin-evcil-hayvani\/","title":{"rendered":"\u0130lk Okuma Kitab\u0131m &#8211; Ceren&#8217;in Evcil Hayvan\u0131"},"content":{"rendered":"<p>Ceren\u2019in en b\u00fcy\u00fck dile\u011fi, evcil hayvan sahibi olmakt\u0131. Be\u015finci ya\u015f g\u00fcn\u00fcnde bu dile\u011fi ger\u00e7ekle\u015fti. Ancak evcil hayvan sahibi olmak, Ceren\u2019in sand\u0131\u011f\u0131 kadar kolay de\u011fildi. Sorumluluklar\u0131 ve zorluklar\u0131 vard\u0131. Ceren, evcil hayvan\u0131n\u0131n bak\u0131m\u0131n\u0131 ve beslenmesini \u00fcstlenerek, t\u00fcm ihtiya\u00e7lar\u0131n\u0131 kar\u015f\u0131layabilecek mi acaba? <\/p>\n","protected":false},"excerpt":{"rendered":"<p>Ceren\u2019in en b\u00fcy\u00fck dile\u011fi, evcil hayvan sahibi olmakt\u0131. Be\u015finci ya\u015f g\u00fcn\u00fcnde bu dile\u011fi ger\u00e7ekle\u015fti. Ancak evcil hayvan sahibi olmak, Ceren\u2019in sand\u0131\u011f\u0131 kadar kolay de\u011fildi. Sorumluluklar\u0131 ve<span class=\"excerpt-hellip\"> [\u2026]<\/span><\/p>\n","protected":false},"featured_media":0,"template":"","meta":{"_monsterinsights_skip_tracking":false,"_monsterinsights_sitenote_active":false,"_monsterinsights_sitenote_note":"","_monsterinsights_sitenote_category":0},"product_brand":[],"product_cat":[12274,12518],"product_tag":[],"class_list":{"0":"post-723733","1":"product","2":"type-product","3":"status-publish","5":"product_cat-cocuk-ve-genclik-kitaplari","6":"product_cat-okul-oncesi-kitaplar","7":"pa_cilt-ciltsiz","8":"pa_tur-kitap","9":"pa_yayinevi-is-bankasi-kultur-yayinlari","10":"pa_yazar-sabine-choinski-gabriela-krummel","12":"first","13":"instock","14":"sale","15":"shipping-taxable","16":"purchasable","17":"product-type-simple"},"_links":{"self":[{"href":"https:\/\/roveyayinevi.com.tr\/index.php\/wp-json\/wp\/v2\/product\/723733","targetHints":{"allow":["GET"]}}],"collection":[{"href":"https:\/\/roveyayinevi.com.tr\/index.php\/wp-json\/wp\/v2\/product"}],"about":[{"href":"https:\/\/roveyayinevi.com.tr\/index.php\/wp-json\/wp\/v2\/types\/product"}],"wp:attachment":[{"href":"https:\/\/roveyayinevi.com.tr\/index.php\/wp-json\/wp\/v2\/media?parent=723733"}],"wp:term":[{"taxonomy":"product_brand","embeddable":true,"href":"https:\/\/roveyayinevi.com.tr\/index.php\/wp-json\/wp\/v2\/product_brand?post=723733"},{"taxonomy":"product_cat","embeddable":true,"href":"https:\/\/roveyayinevi.com.tr\/index.php\/wp-json\/wp\/v2\/product_cat?post=723733"},{"taxonomy":"product_tag","embeddable":true,"href":"https:\/\/roveyayinevi.com.tr\/index.php\/wp-json\/wp\/v2\/product_tag?post=723733"}],"curies":[{"name":"wp","href":"https:\/\/api.w.org\/{rel}","templated":true}]}}