{"id":723732,"date":"2025-08-27T19:23:43","date_gmt":"2025-08-27T16:23:43","guid":{"rendered":"https:\/\/roveyayinevi.com.tr\/index.php\/urun\/tarihte-toplumsal-cinsiyet\/"},"modified":"2026-04-16T02:31:47","modified_gmt":"2026-04-15T23:31:47","slug":"tarihte-toplumsal-cinsiyet","status":"publish","type":"product","link":"https:\/\/roveyayinevi.com.tr\/index.php\/urun\/tarihte-toplumsal-cinsiyet\/","title":{"rendered":"Tarihte Toplumsal Cinsiyet"},"content":{"rendered":"<p>Arkas\u0131nda yaz\u0131l\u0131 kay\u0131t b\u0131rakm\u0131\u015f her k\u00fclt\u00fcrde erkek kad\u0131ndan daha fazla g\u00fcce, kaynaklara daha geni\u015f eri\u015fime sahip olmu\u015ftur. Tarihte Toplumsal Cinsiyet\u2019te \u00fcnl\u00fc tarih\u00e7i Merry Wiesner Hanks; yasal yapt\u0131r\u0131mlar, entelekt\u00fcel yap\u0131lar, dini sistemler, ekonomik imtiyazlar, sosyal kurumlar ve k\u00fclt\u00fcrel normlar gibi ba\u015fl\u0131klar alt\u0131nda i\u015fte bu dengesizli\u011fin tarihini inceliyor. Di\u015fi veya eril olman\u0131n anlam\u0131n\u0131n, toplumun ekonomik ve dini yap\u0131lar\u0131 taraf\u0131ndan nas\u0131l \u015fekillendirildi\u011fini sorgularken bir yandan da bunun tersini, yani toplumsal cinsiyetin, s\u00f6z gelimi \u00e7al\u0131\u015fma ya\u015fam\u0131n\u0131 veya dini kurumlar\u0131 nas\u0131l \u015fekillendirdi\u011fini ara\u015ft\u0131r\u0131yor. Wiesner Hanks\u2019in daha \u00f6nce yay\u0131mlad\u0131\u011f\u0131m\u0131z Erken D\u00f6nemde Modern Avrupa adl\u0131 eseri okuyucudan b\u00fcy\u00fck ilgi g\u00f6rm\u00fc\u015ft\u00fc. Yazar bu kitab\u0131nda da ola\u011fan\u00fcst\u00fc birikimini m\u00fckemmel bir sentez g\u00fcc\u00fcyle bir araya getiriyor ve Paleolitik zamandan g\u00fcn\u00fcm\u00fcze kadar uzanan geni\u015f bir zaman diliminde \u00e7e\u015fitli d\u00fcnya k\u00fclt\u00fcrlerinde toplumsal cinsiyetin nas\u0131l kuruldu\u011funun etkileyici bir \u00f6zetini sunuyor; her b\u00f6l\u00fcm\u00fcn sonunda verdi\u011fi geni\u015f kapsaml\u0131 kaynak\u00e7a listeleriyle kitab\u0131 \u00f6\u011frenciler, akademisyenler ve ara\u015ft\u0131rmac\u0131lar i\u00e7in vazge\u00e7ilmez bir kaynak eser haline getiriyor.<\/p>\n","protected":false},"excerpt":{"rendered":"<p>Arkas\u0131nda yaz\u0131l\u0131 kay\u0131t b\u0131rakm\u0131\u015f her k\u00fclt\u00fcrde erkek kad\u0131ndan daha fazla g\u00fcce, kaynaklara daha geni\u015f eri\u015fime sahip olmu\u015ftur. Tarihte Toplumsal Cinsiyet\u2019te \u00fcnl\u00fc tarih\u00e7i Merry Wiesner Hanks; yasal<span class=\"excerpt-hellip\"> [\u2026]<\/span><\/p>\n","protected":false},"featured_media":0,"template":"","meta":{"_monsterinsights_skip_tracking":false,"_monsterinsights_sitenote_active":false,"_monsterinsights_sitenote_note":"","_monsterinsights_sitenote_category":0},"product_brand":[],"product_cat":[12364,16266],"product_tag":[],"class_list":{"0":"post-723732","1":"product","2":"type-product","3":"status-publish","5":"product_cat-genel-konular","6":"product_cat-referans-kaynak-kitap","7":"pa_cilt-ciltsiz","8":"pa_tur-kitap","9":"pa_yayinevi-is-bankasi-kultur-yayinlari","10":"pa_yazar-merry-e-wiesner-hanks","12":"first","13":"instock","14":"sale","15":"shipping-taxable","16":"purchasable","17":"product-type-simple"},"_links":{"self":[{"href":"https:\/\/roveyayinevi.com.tr\/index.php\/wp-json\/wp\/v2\/product\/723732","targetHints":{"allow":["GET"]}}],"collection":[{"href":"https:\/\/roveyayinevi.com.tr\/index.php\/wp-json\/wp\/v2\/product"}],"about":[{"href":"https:\/\/roveyayinevi.com.tr\/index.php\/wp-json\/wp\/v2\/types\/product"}],"wp:attachment":[{"href":"https:\/\/roveyayinevi.com.tr\/index.php\/wp-json\/wp\/v2\/media?parent=723732"}],"wp:term":[{"taxonomy":"product_brand","embeddable":true,"href":"https:\/\/roveyayinevi.com.tr\/index.php\/wp-json\/wp\/v2\/product_brand?post=723732"},{"taxonomy":"product_cat","embeddable":true,"href":"https:\/\/roveyayinevi.com.tr\/index.php\/wp-json\/wp\/v2\/product_cat?post=723732"},{"taxonomy":"product_tag","embeddable":true,"href":"https:\/\/roveyayinevi.com.tr\/index.php\/wp-json\/wp\/v2\/product_tag?post=723732"}],"curies":[{"name":"wp","href":"https:\/\/api.w.org\/{rel}","templated":true}]}}