{"id":723731,"date":"2025-08-27T19:23:42","date_gmt":"2025-08-27T16:23:42","guid":{"rendered":"https:\/\/roveyayinevi.com.tr\/index.php\/urun\/36-gun-gelibolu-cikarmalarinin-anlatilmamis-oykusu\/"},"modified":"2025-12-30T10:29:57","modified_gmt":"2025-12-30T07:29:57","slug":"36-gun-gelibolu-cikarmalarinin-anlatilmamis-oykusu","status":"publish","type":"product","link":"https:\/\/roveyayinevi.com.tr\/index.php\/urun\/36-gun-gelibolu-cikarmalarinin-anlatilmamis-oykusu\/","title":{"rendered":"36 G\u00fcn Gelibolu \u00c7\u0131karmalar\u0131n\u0131n Anlat\u0131lmam\u0131\u015f \u00d6yk\u00fcs\u00fc"},"content":{"rendered":"<p>B\u00fct\u00fcn sava\u015flar gibi \u00c7anakkale Sava\u015f\u0131\u2019nda da istihbarat \u00e7ok \u00f6nemliydi Gelibolu\u2019ya \u00e7\u0131karma karar\u0131 alan \u0130tilaf devletleri, \u00e7\u0131k\u0131lacak noktalar\u0131 saptamak, kendilerini kar\u015f\u0131layacak kuvvetin insan ve ate\u015f g\u00fcc\u00fcn\u00fc \u00f6\u011frenmek, sahildeki tahkimatlar\u0131n d\u00fczenini tespit etmek i\u00e7in \u00e7aba harc\u0131yorlard\u0131. En geli\u015fmi\u015f devletlerden olu\u015fan bu ittifak\u0131n istihbarat yetkilileri, sahadan u\u00e7ak ve balonlarla g\u00f6zlemledikleri ve d\u00fcnyan\u0131n \u00e7e\u015fitli \u00fclkelerinden derledikleri bilgileri harmanl\u0131yorlard\u0131. Osmanl\u0131 Genelkurmay\u0131\u2019ndaki k\u0131demli bir subaydan, Gelibolu halk\u0131 i\u00e7indeki i\u015fbirlik\u00e7ilerinden ve hatta \u0130ngiltere\u2019nin \u00c7anakkale Konsolos Yard\u0131mc\u0131s\u0131 Charles Palmer gibi diplomatik konumunu istihbarat i\u00e7in kullanan g\u00f6revlilerden gelen bilgileri de bunlara ekliyorlard\u0131. Sahip olduklar\u0131 \u00f6rg\u00fctlenme, teknik olanaklar ve yeti\u015fmi\u015f insan g\u00fcc\u00fcyle bu ve di\u011fer kaynaklardan gelen istihbarat\u0131 de\u011ferlendirerek muharip birliklerinin emrine sunduklar\u0131 operasyonel haritalara d\u00f6n\u00fc\u015ft\u00fcr\u00fcyorlard\u0131. \u0130\u015fte Mustafa Kemal dahil t\u00fcm subay ve askerlerinin azimli direni\u015fiyle onlar\u0131 hezimete u\u011fratan Osmanl\u0131 ordusu, sadece ate\u015f g\u00fcc\u00fc a\u00e7\u0131s\u0131ndan de\u011fil, istihbarat a\u00e7\u0131s\u0131ndan da b\u00f6yle geni\u015f kaynaklara sahip bir d\u00fc\u015fmana kar\u015f\u0131 sava\u015ft\u0131. Avustralya ordusunda istihbarat subay\u0131 olarak g\u00f6rev yapan yazar Hugh Dolan, planlaman\u0131n ba\u015flad\u0131\u011f\u0131 tarihten 25 Nisan\u2019daki Anzak \u00e7\u0131karmas\u0131na kadar ge\u00e7en otuz alt\u0131 g\u00fcn\u00fc tek tek anlat\u0131yor. \u0130stihbarat a\u011f\u0131rl\u0131kl\u0131 olmak \u00fczere, yap\u0131lan t\u00fcm haz\u0131rl\u0131klar\u0131n sonuca nas\u0131l etki edebilece\u011fini farkl\u0131 ve ak\u0131c\u0131 tarz\u0131yla gayet g\u00fczel \u00f6zetliyor. <\/p>\n","protected":false},"excerpt":{"rendered":"<p>B\u00fct\u00fcn sava\u015flar gibi \u00c7anakkale Sava\u015f\u0131\u2019nda da istihbarat \u00e7ok \u00f6nemliydi Gelibolu\u2019ya \u00e7\u0131karma karar\u0131 alan \u0130tilaf devletleri, \u00e7\u0131k\u0131lacak noktalar\u0131 saptamak, kendilerini kar\u015f\u0131layacak kuvvetin insan ve ate\u015f g\u00fcc\u00fcn\u00fc \u00f6\u011frenmek,<span class=\"excerpt-hellip\"> [\u2026]<\/span><\/p>\n","protected":false},"featured_media":0,"template":"","meta":{"_monsterinsights_skip_tracking":false,"_monsterinsights_sitenote_active":false,"_monsterinsights_sitenote_note":"","_monsterinsights_sitenote_category":0},"product_brand":[],"product_cat":[12291,12711],"product_tag":[],"class_list":{"0":"post-723731","1":"product","2":"type-product","3":"status-publish","5":"product_cat-edebiyat","6":"product_cat-roman-oyku","7":"pa_cilt-ciltsiz","8":"pa_tur-kitap","9":"pa_yayinevi-is-bankasi-kultur-yayinlari","10":"pa_yazar-hugh-dolan","12":"first","13":"instock","14":"sale","15":"shipping-taxable","16":"purchasable","17":"product-type-simple"},"_links":{"self":[{"href":"https:\/\/roveyayinevi.com.tr\/index.php\/wp-json\/wp\/v2\/product\/723731","targetHints":{"allow":["GET"]}}],"collection":[{"href":"https:\/\/roveyayinevi.com.tr\/index.php\/wp-json\/wp\/v2\/product"}],"about":[{"href":"https:\/\/roveyayinevi.com.tr\/index.php\/wp-json\/wp\/v2\/types\/product"}],"wp:attachment":[{"href":"https:\/\/roveyayinevi.com.tr\/index.php\/wp-json\/wp\/v2\/media?parent=723731"}],"wp:term":[{"taxonomy":"product_brand","embeddable":true,"href":"https:\/\/roveyayinevi.com.tr\/index.php\/wp-json\/wp\/v2\/product_brand?post=723731"},{"taxonomy":"product_cat","embeddable":true,"href":"https:\/\/roveyayinevi.com.tr\/index.php\/wp-json\/wp\/v2\/product_cat?post=723731"},{"taxonomy":"product_tag","embeddable":true,"href":"https:\/\/roveyayinevi.com.tr\/index.php\/wp-json\/wp\/v2\/product_tag?post=723731"}],"curies":[{"name":"wp","href":"https:\/\/api.w.org\/{rel}","templated":true}]}}