{"id":723730,"date":"2025-08-27T19:23:41","date_gmt":"2025-08-27T16:23:41","guid":{"rendered":"https:\/\/roveyayinevi.com.tr\/index.php\/urun\/olalla\/"},"modified":"2026-04-16T02:31:47","modified_gmt":"2026-04-15T23:31:47","slug":"olalla","status":"publish","type":"product","link":"https:\/\/roveyayinevi.com.tr\/index.php\/urun\/olalla\/","title":{"rendered":"Olalla"},"content":{"rendered":"<p>Stevenson\u2019\u0131n \u0130spanya\u2019n\u0131n \u00fccra bir k\u00f6\u015fesinde, da\u011flarda ge\u00e7en bu t\u00fcyler \u00fcrpertici \u00f6yk\u00fcs\u00fc \u00e7\u00fcr\u00fcmekte olan aristokrasi ve trajik a\u015fk temalar\u0131n\u0131n yan\u0131 s\u0131ra vampirlik an\u0131\u015ft\u0131rmalar\u0131yla dikkat \u00e7eker. \u0130lk kez 1885 Noel\u2019inde The Court and Society Review\u2019da bir hayalet \u00f6yk\u00fcs\u00fc olarak yay\u0131mlanan Olalla, t\u0131pk\u0131 Dr. Jekyll ile Bay Hyde gibi Stevenson\u2019\u0131n d\u00fc\u015flerinden \u00e7\u0131km\u0131\u015ft\u0131r. Yazar d\u00fc\u015f\u00fcnde g\u00f6rd\u00fcklerini geleneksel bir anlat\u0131ya d\u00f6n\u00fc\u015ft\u00fcr\u00fcrken \u00e7ekti\u011fi zorluklar\u0131 bir yaz\u0131s\u0131nda bizzat anlat\u0131r. Yar\u0131mada Sava\u015f\u0131 (1808-1814) s\u0131ras\u0131nda \u0130spanyol ordusuyla birlikte sava\u015f\u0131rken yaralanan gen\u00e7 bir \u0130sko\u00e7 subay\u0131 hastanede tedavi g\u00f6rd\u00fckten sonra hava de\u011fi\u015fimi i\u00e7in yoksul d\u00fc\u015fm\u00fc\u015f soylu bir ailenin evine pansiyoner olarak yerle\u015ftirilir. Orada kendini akla hayale s\u0131\u011fmayacak olaylar\u0131n i\u00e7inde bulacakt\u0131r. Olalla, gotik edebiyat\u0131n kimi \u00f6zelliklerini bar\u0131nd\u0131r\u0131r: Stevenson\u2019\u0131n yaman f\u0131rt\u0131nalar\u0131n tozu dumana katt\u0131\u011f\u0131 k\u0131ra\u00e7 ve da\u011fl\u0131k arazilerdeki viran bir konakta ge\u00e7en \u00f6yk\u00fcde yaratt\u0131\u011f\u0131 kasvetli atmosfer, soyunun g\u00fcnahlar\u0131n\u0131n kefaretini \u00f6demek i\u00e7in d\u00fcnyadan elini ete\u011fini \u00e7eken ola\u011fan\u00fcst\u00fc g\u00fczellikte bir gen\u00e7 k\u0131z, lanetlenmi\u015f bir soy, sadizm\u2026 Yaz\u0131ld\u0131\u011f\u0131 tarihten beri g\u00f6rmezden gelinen bu muazzam \u00f6yk\u00fc, Modern Klasikler Dizisi\u2019nde yerini al\u0131yor. <\/p>\n","protected":false},"excerpt":{"rendered":"<p>Stevenson\u2019\u0131n \u0130spanya\u2019n\u0131n \u00fccra bir k\u00f6\u015fesinde, da\u011flarda ge\u00e7en bu t\u00fcyler \u00fcrpertici \u00f6yk\u00fcs\u00fc \u00e7\u00fcr\u00fcmekte olan aristokrasi ve trajik a\u015fk temalar\u0131n\u0131n yan\u0131 s\u0131ra vampirlik an\u0131\u015ft\u0131rmalar\u0131yla dikkat \u00e7eker. \u0130lk kez<span class=\"excerpt-hellip\"> [\u2026]<\/span><\/p>\n","protected":false},"featured_media":0,"template":"","meta":{"_monsterinsights_skip_tracking":false,"_monsterinsights_sitenote_active":false,"_monsterinsights_sitenote_note":"","_monsterinsights_sitenote_category":0},"product_brand":[],"product_cat":[12291,26797],"product_tag":[],"class_list":{"0":"post-723730","1":"product","2":"type-product","3":"status-publish","5":"product_cat-edebiyat","6":"product_cat-modern-klasikler","7":"pa_cilt-ciltsiz","8":"pa_tur-kitap","9":"pa_yayinevi-is-bankasi-kultur-yayinlari","10":"pa_yazar-robert-louis-stevenson","12":"first","13":"instock","14":"sale","15":"shipping-taxable","16":"purchasable","17":"product-type-simple"},"_links":{"self":[{"href":"https:\/\/roveyayinevi.com.tr\/index.php\/wp-json\/wp\/v2\/product\/723730","targetHints":{"allow":["GET"]}}],"collection":[{"href":"https:\/\/roveyayinevi.com.tr\/index.php\/wp-json\/wp\/v2\/product"}],"about":[{"href":"https:\/\/roveyayinevi.com.tr\/index.php\/wp-json\/wp\/v2\/types\/product"}],"wp:attachment":[{"href":"https:\/\/roveyayinevi.com.tr\/index.php\/wp-json\/wp\/v2\/media?parent=723730"}],"wp:term":[{"taxonomy":"product_brand","embeddable":true,"href":"https:\/\/roveyayinevi.com.tr\/index.php\/wp-json\/wp\/v2\/product_brand?post=723730"},{"taxonomy":"product_cat","embeddable":true,"href":"https:\/\/roveyayinevi.com.tr\/index.php\/wp-json\/wp\/v2\/product_cat?post=723730"},{"taxonomy":"product_tag","embeddable":true,"href":"https:\/\/roveyayinevi.com.tr\/index.php\/wp-json\/wp\/v2\/product_tag?post=723730"}],"curies":[{"name":"wp","href":"https:\/\/api.w.org\/{rel}","templated":true}]}}