{"id":723725,"date":"2025-08-27T19:23:36","date_gmt":"2025-08-27T16:23:36","guid":{"rendered":"https:\/\/roveyayinevi.com.tr\/index.php\/urun\/hamlet-ya-da-hekuba-zamanin-oyuna-baskini\/"},"modified":"2026-04-16T02:31:47","modified_gmt":"2026-04-15T23:31:47","slug":"hamlet-ya-da-hekuba-zamanin-oyuna-baskini","status":"publish","type":"product","link":"https:\/\/roveyayinevi.com.tr\/index.php\/urun\/hamlet-ya-da-hekuba-zamanin-oyuna-baskini\/","title":{"rendered":"Hamlet ya da Hekuba: Zaman\u0131n Oyuna Bask\u0131n\u0131"},"content":{"rendered":"<p>Yirminci y\u00fczy\u0131l\u0131n en \u00f6nemli d\u00fc\u015f\u00fcn\u00fcrlerinden biri kabul edilen Carl Schmitt 1956 tarihli Hamlet ya da Hekuba adl\u0131 bu incelemesinde Shakespeare\u2019in tragedyalar\u0131n\u0131n zihinsel arka plan\u0131n\u0131 ve tarihsel ba\u011flam\u0131n\u0131 derinlikli bir kavray\u0131\u015f ve yenilik\u00e7i bir bak\u0131\u015fla analiz ediyor. Schmitt, Shakespeare\u2019in eserlerinin \u201ckrali\u00e7e tabusu\u201d ve \u201cintikamc\u0131 fig\u00fcr\u201d \u00fczerine in\u015fa edildi\u011fini ortaya koyarken, bu unsurlar\u0131 k\u00fclt\u00fcrel bir mit yarat\u0131m\u0131 \u00f6rne\u011fi olarak kullan\u0131yor. Schmitt\u2019in \u00e7al\u0131\u015fmas\u0131, edebi ele\u015ftiri veya tarihsel analizden ziyade Walter Benjamin ve Theodor Adorno taraf\u0131ndan geli\u015ftirilen estetik-siyaset ili\u015fkisinin kapsaml\u0131 bir teorisini de ortaya koyuyor. Cana Bostan\u2019\u0131n zarif bir T\u00fcrk\u00e7eyle dilimize kazand\u0131rd\u0131\u011f\u0131 Hamlet ya da Hekuba, Shakespeare ve Schmitt \u00fczerine \u00e7al\u0131\u015fan akademisyenler i\u00e7in oldu\u011fu kadar, insan\u0131n trajik bir varl\u0131k oldu\u011funu yak\u0131ndan g\u00f6rmek isteyen okurlar i\u00e7in de zengin bir metin&#8230;<\/p>\n","protected":false},"excerpt":{"rendered":"<p>Yirminci y\u00fczy\u0131l\u0131n en \u00f6nemli d\u00fc\u015f\u00fcn\u00fcrlerinden biri kabul edilen Carl Schmitt 1956 tarihli Hamlet ya da Hekuba adl\u0131 bu incelemesinde Shakespeare\u2019in tragedyalar\u0131n\u0131n zihinsel arka plan\u0131n\u0131 ve tarihsel<span class=\"excerpt-hellip\"> [\u2026]<\/span><\/p>\n","protected":false},"featured_media":0,"template":"","meta":{"_monsterinsights_skip_tracking":false,"_monsterinsights_sitenote_active":false,"_monsterinsights_sitenote_note":"","_monsterinsights_sitenote_category":0},"product_brand":[],"product_cat":[12389,12388],"product_tag":[],"class_list":{"0":"post-723725","1":"product","2":"type-product","3":"status-publish","5":"product_cat-diger-felsefe","6":"product_cat-felsefe","7":"pa_cilt-ciltsiz","8":"pa_tur-kitap","9":"pa_yayinevi-vakifbank-kultur-yayinlari","10":"pa_yazar-carl-schmitt","12":"first","13":"instock","14":"sale","15":"shipping-taxable","16":"purchasable","17":"product-type-simple"},"_links":{"self":[{"href":"https:\/\/roveyayinevi.com.tr\/index.php\/wp-json\/wp\/v2\/product\/723725","targetHints":{"allow":["GET"]}}],"collection":[{"href":"https:\/\/roveyayinevi.com.tr\/index.php\/wp-json\/wp\/v2\/product"}],"about":[{"href":"https:\/\/roveyayinevi.com.tr\/index.php\/wp-json\/wp\/v2\/types\/product"}],"wp:attachment":[{"href":"https:\/\/roveyayinevi.com.tr\/index.php\/wp-json\/wp\/v2\/media?parent=723725"}],"wp:term":[{"taxonomy":"product_brand","embeddable":true,"href":"https:\/\/roveyayinevi.com.tr\/index.php\/wp-json\/wp\/v2\/product_brand?post=723725"},{"taxonomy":"product_cat","embeddable":true,"href":"https:\/\/roveyayinevi.com.tr\/index.php\/wp-json\/wp\/v2\/product_cat?post=723725"},{"taxonomy":"product_tag","embeddable":true,"href":"https:\/\/roveyayinevi.com.tr\/index.php\/wp-json\/wp\/v2\/product_tag?post=723725"}],"curies":[{"name":"wp","href":"https:\/\/api.w.org\/{rel}","templated":true}]}}