{"id":723724,"date":"2025-08-27T19:23:35","date_gmt":"2025-08-27T16:23:35","guid":{"rendered":"https:\/\/roveyayinevi.com.tr\/index.php\/urun\/yasayan-olumun-mekanlari\/"},"modified":"2026-04-16T02:31:47","modified_gmt":"2026-04-15T23:31:47","slug":"yasayan-olumun-mekanlari","status":"publish","type":"product","link":"https:\/\/roveyayinevi.com.tr\/index.php\/urun\/yasayan-olumun-mekanlari\/","title":{"rendered":"Ya\u015fayan \u00d6l\u00fcm\u00fcn Mekanlar\u0131"},"content":{"rendered":"<p>Macaristan\u2019\u0131n en sayg\u0131n entelekt\u00fcellerinden biri kabul edilen k\u00fclt\u00fcr kuramc\u0131s\u0131 ve sanat tarih\u00e7isi L\u00e1szl\u00f3 F. F\u00f6ld\u00e9nyi, Vak\u0131fBank K\u00fclt\u00fcr Yay\u0131nlar\u0131 arac\u0131l\u0131\u011f\u0131yla ilk defa T\u00fcrk okurlar\u0131yla bulu\u015fuyor.F\u00f6ld\u00e9nyi bu kitapta R\u00f6nesans resimlerinden Nazi Almanya\u2019s\u0131n\u0131n \u015fehir planlar\u0131na, Giorgio de Chirico\u2019nun ger\u00e7ek\u00fcst\u00fc resimlerinden Franz Kafka\u2019n\u0131n b\u00fcrokrasi mek\u00e2nlar\u0131na uzanan bir yolculukta, Bat\u0131n\u0131n \u201cideal \u015fehir\u201d hayalinin izini s\u00fcr\u00fcyor. Yazar do\u011fan\u0131n kaosu kar\u015f\u0131s\u0131nda her \u015feyi g\u00f6ren, organize eden ve y\u00f6netebilen bir g\u00f6z\u00fcn hayalinin moderniteyle beraber tekrar tekrar nas\u0131l in\u015fa edildi\u011fini, bunun arkas\u0131ndaki zihin d\u00fcnyas\u0131n\u0131, \u00fctopya ve \u00f6l\u00fcm aras\u0131ndaki yak\u0131n ili\u015fkiyi inceliyor.\u015eehir planlamas\u0131, resim sanat\u0131 ve edebiyat\u0131 birbiriyle konu\u015fturan Ya\u015fayan \u00d6l\u00fcm\u00fcn Mek\u00e2nlar\u0131: Kafka, Chirico ve Di\u011ferleri metinleraras\u0131 ve kuramsal bir ele\u015ftiri&#8230;<\/p>\n","protected":false},"excerpt":{"rendered":"<p>Macaristan\u2019\u0131n en sayg\u0131n entelekt\u00fcellerinden biri kabul edilen k\u00fclt\u00fcr kuramc\u0131s\u0131 ve sanat tarih\u00e7isi L\u00e1szl\u00f3 F. F\u00f6ld\u00e9nyi, Vak\u0131fBank K\u00fclt\u00fcr Yay\u0131nlar\u0131 arac\u0131l\u0131\u011f\u0131yla ilk defa T\u00fcrk okurlar\u0131yla bulu\u015fuyor.F\u00f6ld\u00e9nyi bu kitapta<span class=\"excerpt-hellip\"> [\u2026]<\/span><\/p>\n","protected":false},"featured_media":0,"template":"","meta":{"_monsterinsights_skip_tracking":false,"_monsterinsights_sitenote_active":false,"_monsterinsights_sitenote_note":"","_monsterinsights_sitenote_category":0},"product_brand":[],"product_cat":[13072,12291],"product_tag":[],"class_list":{"0":"post-723724","1":"product","2":"type-product","3":"status-publish","5":"product_cat-arastirma-inceleme-referans","6":"product_cat-edebiyat","7":"pa_cilt-ciltsiz","8":"pa_tur-kitap","9":"pa_yayinevi-vakifbank-kultur-yayinlari","10":"pa_yazar-laszlo-f-foldenyi","12":"first","13":"instock","14":"sale","15":"shipping-taxable","16":"purchasable","17":"product-type-simple"},"_links":{"self":[{"href":"https:\/\/roveyayinevi.com.tr\/index.php\/wp-json\/wp\/v2\/product\/723724","targetHints":{"allow":["GET"]}}],"collection":[{"href":"https:\/\/roveyayinevi.com.tr\/index.php\/wp-json\/wp\/v2\/product"}],"about":[{"href":"https:\/\/roveyayinevi.com.tr\/index.php\/wp-json\/wp\/v2\/types\/product"}],"wp:attachment":[{"href":"https:\/\/roveyayinevi.com.tr\/index.php\/wp-json\/wp\/v2\/media?parent=723724"}],"wp:term":[{"taxonomy":"product_brand","embeddable":true,"href":"https:\/\/roveyayinevi.com.tr\/index.php\/wp-json\/wp\/v2\/product_brand?post=723724"},{"taxonomy":"product_cat","embeddable":true,"href":"https:\/\/roveyayinevi.com.tr\/index.php\/wp-json\/wp\/v2\/product_cat?post=723724"},{"taxonomy":"product_tag","embeddable":true,"href":"https:\/\/roveyayinevi.com.tr\/index.php\/wp-json\/wp\/v2\/product_tag?post=723724"}],"curies":[{"name":"wp","href":"https:\/\/api.w.org\/{rel}","templated":true}]}}