{"id":723722,"date":"2025-08-27T19:23:34","date_gmt":"2025-08-27T16:23:34","guid":{"rendered":"https:\/\/roveyayinevi.com.tr\/index.php\/urun\/yaraticiligin-izinde\/"},"modified":"2026-04-16T02:31:47","modified_gmt":"2026-04-15T23:31:47","slug":"yaraticiligin-izinde","status":"publish","type":"product","link":"https:\/\/roveyayinevi.com.tr\/index.php\/urun\/yaraticiligin-izinde\/","title":{"rendered":"Yarat\u0131c\u0131l\u0131\u011f\u0131n \u0130zinde"},"content":{"rendered":"<p>Bu kitap, 2015 y\u0131l\u0131nda MediaCat\u2019te yay\u0131nlanmaya ba\u015flayan \u201cYarat\u0131c\u0131l\u0131\u011f\u0131n \u0130zinde\u201d isimli r\u00f6portaj serisinin \u201ciz\u201dlerini ta\u015f\u0131yor. Yarat\u0131c\u0131l\u0131\u011f\u0131n farkl\u0131 disiplinler aras\u0131nda nas\u0131l farkl\u0131la\u015f\u0131p nas\u0131l birle\u015fti\u011fini anlamak amac\u0131yla yola \u00e7\u0131kan bu mesleki sohbetlerden \u00e7ok say\u0131da oyuncu, m\u00fczisyen, tasar\u0131mc\u0131, gezgin, hik\u00e2ye anlat\u0131c\u0131s\u0131, foto\u011fraf sanat\u00e7\u0131s\u0131, heykelt\u0131ra\u015f, \u015fef, dans\u00e7\u0131 ve daha onlarcas\u0131 geldi ge\u00e7ti. Hepsinin yolu farkl\u0131yd\u0131 elbette. \u0130simler de\u011fi\u015fse de, farkl\u0131 \u00e7al\u0131\u015fma ve \u00fcretme tarzlar\u0131 aras\u0131nda, farkl\u0131 bakabilmenin, durmaks\u0131z\u0131n geli\u015fmeye ve farkl\u0131 yarat\u0131c\u0131 disiplinlerle birlikte olman\u0131n sihrine inanman\u0131n g\u00fcc\u00fc ortadayd\u0131\u2026Bu kitap, farkl\u0131 disiplinlerde \u00fcreten ve \u00e7al\u0131\u015fan ki\u015filerin yarat\u0131c\u0131 yolculuklar\u0131ndan ilham alman\u0131z i\u00e7in tasarland\u0131. Farkl\u0131 y\u0131llarda MediaCat\u2019te yay\u0131nlanan bu r\u00f6portajlar\u0131n burada olmas\u0131n\u0131n sebebi ise, bu yarat\u0131c\u0131 yolculuklar\u0131n zamans\u0131z sohbetler ortaya \u00e7\u0131karmas\u0131. Yani bu kitab\u0131 y\u0131llar sonra elinize ald\u0131\u011f\u0131n\u0131zda da, bu yarat\u0131c\u0131 etkiyle kar\u015f\u0131la\u015fman\u0131z ka\u00e7\u0131n\u0131lmaz olacak.Yarat\u0131c\u0131l\u0131\u011f\u0131n \u0130zinde\u2019de hik\u00e2yelerine ortak olaca\u011f\u0131n\u0131z isimler \u015f\u00f6yle: Ahmet \u00dcmit, Arzu Kaprol, Ayhan Sicimo\u011flu, Benal Tanr\u0131sever \u015eim\u015fek, Bozkurt \u0130lham Gencer, B\u00fclent Erkmen, Co\u015fkun Aral, Defne Koz, Demet Akba\u011f, Dilan Bozyel, Edoardo Tresoldi, Erdil Ya\u015faro\u011flu, \u0130skender Payda\u015f, Massimo Bottura, Mehmet Turgut, Mercan Dede, Mert F\u0131rat, Oral Yaz\u0131c\u0131, Ozan A\u00e7\u0131ktan, Stefan Sagmeister, \u015eemsa Denizsel, U\u011furcan Atao\u011flu, Zeynep Tosun ve Z\u00fclf\u00fc Livaneli.<\/p>\n","protected":false},"excerpt":{"rendered":"<p>Bu kitap, 2015 y\u0131l\u0131nda MediaCat\u2019te yay\u0131nlanmaya ba\u015flayan \u201cYarat\u0131c\u0131l\u0131\u011f\u0131n \u0130zinde\u201d isimli r\u00f6portaj serisinin \u201ciz\u201dlerini ta\u015f\u0131yor. Yarat\u0131c\u0131l\u0131\u011f\u0131n farkl\u0131 disiplinler aras\u0131nda nas\u0131l farkl\u0131la\u015f\u0131p nas\u0131l birle\u015fti\u011fini anlamak amac\u0131yla yola \u00e7\u0131kan<span class=\"excerpt-hellip\"> [\u2026]<\/span><\/p>\n","protected":false},"featured_media":0,"template":"","meta":{"_monsterinsights_skip_tracking":false,"_monsterinsights_sitenote_active":false,"_monsterinsights_sitenote_note":"","_monsterinsights_sitenote_category":0},"product_brand":[],"product_cat":[14787,13488],"product_tag":[],"class_list":{"0":"post-723722","1":"product","2":"type-product","3":"status-publish","5":"product_cat-diger-toplum-ve-insan","6":"product_cat-toplum-ve-insan","7":"pa_cilt-ciltsiz","8":"pa_tur-kitap","9":"pa_yayinevi-maltepe-universitesi-kitaplari","10":"pa_yazar-tugba-ozogretmen","12":"first","13":"instock","14":"sale","15":"shipping-taxable","16":"purchasable","17":"product-type-simple"},"_links":{"self":[{"href":"https:\/\/roveyayinevi.com.tr\/index.php\/wp-json\/wp\/v2\/product\/723722","targetHints":{"allow":["GET"]}}],"collection":[{"href":"https:\/\/roveyayinevi.com.tr\/index.php\/wp-json\/wp\/v2\/product"}],"about":[{"href":"https:\/\/roveyayinevi.com.tr\/index.php\/wp-json\/wp\/v2\/types\/product"}],"wp:attachment":[{"href":"https:\/\/roveyayinevi.com.tr\/index.php\/wp-json\/wp\/v2\/media?parent=723722"}],"wp:term":[{"taxonomy":"product_brand","embeddable":true,"href":"https:\/\/roveyayinevi.com.tr\/index.php\/wp-json\/wp\/v2\/product_brand?post=723722"},{"taxonomy":"product_cat","embeddable":true,"href":"https:\/\/roveyayinevi.com.tr\/index.php\/wp-json\/wp\/v2\/product_cat?post=723722"},{"taxonomy":"product_tag","embeddable":true,"href":"https:\/\/roveyayinevi.com.tr\/index.php\/wp-json\/wp\/v2\/product_tag?post=723722"}],"curies":[{"name":"wp","href":"https:\/\/api.w.org\/{rel}","templated":true}]}}