{"id":723721,"date":"2025-08-27T19:23:33","date_gmt":"2025-08-27T16:23:33","guid":{"rendered":"https:\/\/roveyayinevi.com.tr\/index.php\/urun\/gecmise-gidip-gelecegim-mucit-kafasi\/"},"modified":"2026-04-16T02:31:47","modified_gmt":"2026-04-15T23:31:47","slug":"gecmise-gidip-gelecegim-mucit-kafasi","status":"publish","type":"product","link":"https:\/\/roveyayinevi.com.tr\/index.php\/urun\/gecmise-gidip-gelecegim-mucit-kafasi\/","title":{"rendered":"Ge\u00e7mi\u015fe Gidip Gelece\u011fim &#8211; Mucit Kafas\u0131"},"content":{"rendered":"<p>Eski k\u00f6ye yeni \u00e2det getirme \u00e7al\u0131\u015fmalar\u0131m\u0131za ara vermeden son s\u00fcrat devam ediyoruz. Eline bu kitab\u0131 al\u0131p bu sat\u0131rlar\u0131 okudu\u011funa g\u00f6re sen de bizimle ayn\u0131 kafadas\u0131n galiba. Hangi kafa m\u0131? Mucit kafas\u0131 tabii ki!Biliyoruz, \u00e7evrendekiler h\u00e2l\u00e2 hayallerini anlamakta zorlan\u0131yorlar. Sen \u201cBuldum!\u201d diye ba\u011f\u0131rd\u0131\u011f\u0131nda \u201cNeyi kaybetmi\u015ftin?\u201d diye soranlar bile vard\u0131r mutlaka. Ama dert etme! Bu ilk defa senin ba\u015f\u0131na gelmiyor. Bilim sevdal\u0131 her mucit ya\u015f\u0131yor benzer durumlar\u0131.Bu kitap mucit olma yolculu\u011funa at\u0131lan yeni bir ad\u0131m asl\u0131nda. \u0130nsanl\u0131\u011f\u0131n ba\u015f\u0131na icat \u00e7\u0131karan birbirinden ilgin\u00e7 mucitlerin ve icatlar\u0131n hik\u00e2yeleriyle s\u0131ra d\u0131\u015f\u0131 deneyler ve teknikler i\u00e7in seni de bekliyoruz Mucit Kafas\u0131\u2019na.<\/p>\n","protected":false},"excerpt":{"rendered":"<p>Eski k\u00f6ye yeni \u00e2det getirme \u00e7al\u0131\u015fmalar\u0131m\u0131za ara vermeden son s\u00fcrat devam ediyoruz. Eline bu kitab\u0131 al\u0131p bu sat\u0131rlar\u0131 okudu\u011funa g\u00f6re sen de bizimle ayn\u0131 kafadas\u0131n galiba.<span class=\"excerpt-hellip\"> [\u2026]<\/span><\/p>\n","protected":false},"featured_media":0,"template":"","meta":{"_monsterinsights_skip_tracking":false,"_monsterinsights_sitenote_active":false,"_monsterinsights_sitenote_note":"","_monsterinsights_sitenote_category":0},"product_brand":[],"product_cat":[12274,12284],"product_tag":[],"class_list":{"0":"post-723721","1":"product","2":"type-product","3":"status-publish","5":"product_cat-cocuk-ve-genclik-kitaplari","6":"product_cat-hikayeler","7":"pa_cilt-ciltsiz","8":"pa_tur-kitap","9":"pa_yayinevi-acayip-kitaplar","10":"pa_yazar-semra-aydin-avsar","12":"first","13":"instock","14":"sale","15":"shipping-taxable","16":"purchasable","17":"product-type-simple"},"_links":{"self":[{"href":"https:\/\/roveyayinevi.com.tr\/index.php\/wp-json\/wp\/v2\/product\/723721","targetHints":{"allow":["GET"]}}],"collection":[{"href":"https:\/\/roveyayinevi.com.tr\/index.php\/wp-json\/wp\/v2\/product"}],"about":[{"href":"https:\/\/roveyayinevi.com.tr\/index.php\/wp-json\/wp\/v2\/types\/product"}],"wp:attachment":[{"href":"https:\/\/roveyayinevi.com.tr\/index.php\/wp-json\/wp\/v2\/media?parent=723721"}],"wp:term":[{"taxonomy":"product_brand","embeddable":true,"href":"https:\/\/roveyayinevi.com.tr\/index.php\/wp-json\/wp\/v2\/product_brand?post=723721"},{"taxonomy":"product_cat","embeddable":true,"href":"https:\/\/roveyayinevi.com.tr\/index.php\/wp-json\/wp\/v2\/product_cat?post=723721"},{"taxonomy":"product_tag","embeddable":true,"href":"https:\/\/roveyayinevi.com.tr\/index.php\/wp-json\/wp\/v2\/product_tag?post=723721"}],"curies":[{"name":"wp","href":"https:\/\/api.w.org\/{rel}","templated":true}]}}