{"id":723720,"date":"2025-08-27T19:23:32","date_gmt":"2025-08-27T16:23:32","guid":{"rendered":"https:\/\/roveyayinevi.com.tr\/index.php\/urun\/bankalarda-kurumsal-yonetim-ve-turk-bankacilik-sisteminde-kurumsal-yonetim-uygulamalari-ile-performans-iliskisinin-incelenmesi\/"},"modified":"2026-04-16T02:31:47","modified_gmt":"2026-04-15T23:31:47","slug":"bankalarda-kurumsal-yonetim-ve-turk-bankacilik-sisteminde-kurumsal-yonetim-uygulamalari-ile-performans-iliskisinin-incelenmesi","status":"publish","type":"product","link":"https:\/\/roveyayinevi.com.tr\/index.php\/urun\/bankalarda-kurumsal-yonetim-ve-turk-bankacilik-sisteminde-kurumsal-yonetim-uygulamalari-ile-performans-iliskisinin-incelenmesi\/","title":{"rendered":"Bankalarda Kurumsal Y\u00f6netim ve T\u00fcrk Bankac\u0131l\u0131k Sisteminde Kurumsal Y\u00f6netim Uygulamalar\u0131 \u0130le Performans \u0130li\u015fkisinin \u0130ncelenmesi"},"content":{"rendered":"<p>Kurumsal Y\u00f6netim Kurumsal Y\u00f6netim Kavram\u0131 Kurumsal Y\u00f6netime \u0130li\u015fkin Temel Teoriler Kurumsal Y\u00f6netim Sistemleri Kurumsal Y\u00f6netim Uygulamalar\u0131n\u0131n Ama\u00e7lar\u0131 Kurumsal Y\u00f6netim \u0130lkeleri Kurumsal Y\u00f6netim \u0130lkelerine Uyum Derecelendirmesi Bankalarda Kurumsal Y\u00f6netim Bankalarda Kurumsal Y\u00f6netimin \u00d6nemi Basel Bankac\u0131l\u0131k G\u00f6zetimi ve Denetimi Komitesinin Bankalarda Kurumsal Y\u00f6netime \u0130li\u015fkin D\u00fczenlemeleri Bankalarda Kurumsal Y\u00f6netim Derecelendirmesi Kurumsal Y\u00f6netime \u0130li\u015fkin T\u00fcrkiye\u2019de Yap\u0131lan D\u00fczenlemeler Bankac\u0131l\u0131k Kanunu\u2019ndaki Kurumsal Y\u00f6netime \u0130li\u015fkin H\u00fck\u00fcmler T\u00fcrk Ticaret Kanunu\u2019ndaki Kurumsal Y\u00f6netime \u0130li\u015fkin H\u00fck\u00fcmler SPK Taraf\u0131ndan Yap\u0131lan D\u00fczenlemeler BDDK Taraf\u0131ndan Yap\u0131lan D\u00fczenlemeler T\u00fcrkiye\u2019de Bankac\u0131l\u0131k Sistemi ve Bankalar\u0131n Kurumsal Yap\u0131s\u0131 T\u00fcrk Bankac\u0131l\u0131k Sistemine Genel Bak\u0131\u015f T\u00fcrkiye\u2019de Bankalar\u0131n Y\u00f6netim Yap\u0131s\u0131 \u00dcst Y\u00f6netime Mensup Ki\u015filerin Nitelik ve Sorumluluklar\u0131 Paylar\u0131 Borsada \u0130\u015flem G\u00f6ren Bankalar\u0131n Y\u00f6netim Kurulu Yap\u0131lar\u0131 ile Performans \u0130li\u015fkilerinin \u0130ncelenmesi Bankalar\u0131n Kurumsal Y\u00f6netimi ve Performanslar\u0131na \u0130li\u015fkin Literat\u00fcrde Yer Alan \u00c7al\u0131\u015fmalar Ara\u015ft\u0131rman\u0131n Amac\u0131 \u00c7al\u0131\u015fmada Kullan\u0131lan De\u011fi\u015fkenler Veri Toplama Y\u00f6ntemi ve Analiz Y\u00f6ntemi Verilerin Analizi Amprik Analiz Sonu\u00e7lar\u0131 <\/p>\n","protected":false},"excerpt":{"rendered":"<p>Kurumsal Y\u00f6netim Kurumsal Y\u00f6netim Kavram\u0131 Kurumsal Y\u00f6netime \u0130li\u015fkin Temel Teoriler Kurumsal Y\u00f6netim Sistemleri Kurumsal Y\u00f6netim Uygulamalar\u0131n\u0131n Ama\u00e7lar\u0131 Kurumsal Y\u00f6netim \u0130lkeleri Kurumsal Y\u00f6netim \u0130lkelerine Uyum Derecelendirmesi Bankalarda<span class=\"excerpt-hellip\"> [\u2026]<\/span><\/p>\n","protected":false},"featured_media":0,"template":"","meta":{"_monsterinsights_skip_tracking":false,"_monsterinsights_sitenote_active":false,"_monsterinsights_sitenote_note":"","_monsterinsights_sitenote_category":0},"product_brand":[],"product_cat":[17249,13043],"product_tag":[],"class_list":{"0":"post-723720","1":"product","2":"type-product","3":"status-publish","5":"product_cat-borsa-finans","6":"product_cat-ekonomi","7":"pa_cilt-ciltsiz","8":"pa_tur-kitap","9":"pa_yayinevi-gazi-kitabevi","10":"pa_yazar-burcu-gurol","12":"first","13":"instock","14":"sale","15":"shipping-taxable","16":"purchasable","17":"product-type-simple"},"_links":{"self":[{"href":"https:\/\/roveyayinevi.com.tr\/index.php\/wp-json\/wp\/v2\/product\/723720","targetHints":{"allow":["GET"]}}],"collection":[{"href":"https:\/\/roveyayinevi.com.tr\/index.php\/wp-json\/wp\/v2\/product"}],"about":[{"href":"https:\/\/roveyayinevi.com.tr\/index.php\/wp-json\/wp\/v2\/types\/product"}],"wp:attachment":[{"href":"https:\/\/roveyayinevi.com.tr\/index.php\/wp-json\/wp\/v2\/media?parent=723720"}],"wp:term":[{"taxonomy":"product_brand","embeddable":true,"href":"https:\/\/roveyayinevi.com.tr\/index.php\/wp-json\/wp\/v2\/product_brand?post=723720"},{"taxonomy":"product_cat","embeddable":true,"href":"https:\/\/roveyayinevi.com.tr\/index.php\/wp-json\/wp\/v2\/product_cat?post=723720"},{"taxonomy":"product_tag","embeddable":true,"href":"https:\/\/roveyayinevi.com.tr\/index.php\/wp-json\/wp\/v2\/product_tag?post=723720"}],"curies":[{"name":"wp","href":"https:\/\/api.w.org\/{rel}","templated":true}]}}