{"id":723719,"date":"2025-08-27T19:23:31","date_gmt":"2025-08-27T16:23:31","guid":{"rendered":"https:\/\/roveyayinevi.com.tr\/index.php\/urun\/darwin-gorev-onumuzde-gozler-uzerimizde\/"},"modified":"2026-04-16T02:31:47","modified_gmt":"2026-04-15T23:31:47","slug":"darwin-gorev-onumuzde-gozler-uzerimizde","status":"publish","type":"product","link":"https:\/\/roveyayinevi.com.tr\/index.php\/urun\/darwin-gorev-onumuzde-gozler-uzerimizde\/","title":{"rendered":"Darwin &#8211; G\u00f6rev \u00d6nu\u0308m\u00fczde G\u00f6zler U\u0308zerimizde"},"content":{"rendered":"<p>Bilginlerin Sakit bir hayat ya\u015fad\u0131\u011f\u0131n\u0131 kim s\u00f6yledi?   D\u00fcnyan\u0131n en b\u00fcy\u00fck bilim insanlar\u0131n\u0131n ya\u015famlar\u0131n\u0131 ve eserlerini nefes kesen maceralarla ke\u015ffet!   \u201cBeagle 27 Aral\u0131k 1831\u2019de d\u00fcnyay\u0131 dola\u015faca\u011f\u0131 uzun bir yolculuk i\u00e7in demir ald\u0131\u201d diye yaz\u0131yor Jules Berries k\u0131z\u0131 Maddy\u2019ye. Beagle\u2019\u0131n yolcular\u0131 aras\u0131nda bulunan 22 ya\u015f\u0131ndaki gen\u00e7 do\u011fa bilimci Charles Darwin en b\u00fcy\u00fck hayalini ger\u00e7ekle\u015ftiriyor: D\u00fcnyay\u0131 ke\u015ffetmek. Beagle o limandan bu limana yol al\u0131rken, \u00e7evresindeki her \u015feyi uzun uzun g\u00f6zlemleyen Darwin, bilim d\u00fcnyas\u0131n\u0131 sonsuza dek alt\u00fcst edecek yeni teoriler tasarl\u0131yor. Gelgelelim beklenmedik zorluklar ara\u015ft\u0131rmalar\u0131n\u0131n ilerleyi\u015fini sekteye u\u011frat\u0131yor. Bu tuhaf gen\u00e7 adama derin bir dostlukla ba\u011flanan iki k\u00fc\u00e7\u00fck mi\u00e7o, on bir ya\u015f\u0131ndaki Jules ve Victor ise, yoluna \u00e7\u0131kan tuzaklardan kurtulmas\u0131 i\u00e7in ona yard\u0131m ediyorlar. Ellerinden geldi\u011fi kadar tabii! Jules ile Victor, Bahia\u2019dan Rio\u2019ya, Ate\u015f Topraklar\u0131\u2019ndan Galapagos\u2019a ya da Tahiti\u2019ye, canl\u0131 t\u00fcrlerinin ak\u0131l almaz gizemini ke\u015ffedecekler. Yepyeni d\u00fc\u015f\u00fcncelerin filizlendi\u011fi ama tehlikeli mi tehlikeli bir yolculuk&#8230; <\/p>\n","protected":false},"excerpt":{"rendered":"<p>Bilginlerin Sakit bir hayat ya\u015fad\u0131\u011f\u0131n\u0131 kim s\u00f6yledi? D\u00fcnyan\u0131n en b\u00fcy\u00fck bilim insanlar\u0131n\u0131n ya\u015famlar\u0131n\u0131 ve eserlerini nefes kesen maceralarla ke\u015ffet! \u201cBeagle 27 Aral\u0131k 1831\u2019de d\u00fcnyay\u0131 dola\u015faca\u011f\u0131 uzun<span class=\"excerpt-hellip\"> [\u2026]<\/span><\/p>\n","protected":false},"featured_media":0,"template":"","meta":{"_monsterinsights_skip_tracking":false,"_monsterinsights_sitenote_active":false,"_monsterinsights_sitenote_note":"","_monsterinsights_sitenote_category":0},"product_brand":[],"product_cat":[12274,12284],"product_tag":[],"class_list":{"0":"post-723719","1":"product","2":"type-product","3":"status-publish","5":"product_cat-cocuk-ve-genclik-kitaplari","6":"product_cat-hikayeler","7":"pa_cilt-ciltsiz","8":"pa_tur-kitap","9":"pa_yayinevi-dinozor-cocuk","10":"pa_yazar-edith-pauly","12":"first","13":"instock","14":"sale","15":"shipping-taxable","16":"purchasable","17":"product-type-simple"},"_links":{"self":[{"href":"https:\/\/roveyayinevi.com.tr\/index.php\/wp-json\/wp\/v2\/product\/723719","targetHints":{"allow":["GET"]}}],"collection":[{"href":"https:\/\/roveyayinevi.com.tr\/index.php\/wp-json\/wp\/v2\/product"}],"about":[{"href":"https:\/\/roveyayinevi.com.tr\/index.php\/wp-json\/wp\/v2\/types\/product"}],"wp:attachment":[{"href":"https:\/\/roveyayinevi.com.tr\/index.php\/wp-json\/wp\/v2\/media?parent=723719"}],"wp:term":[{"taxonomy":"product_brand","embeddable":true,"href":"https:\/\/roveyayinevi.com.tr\/index.php\/wp-json\/wp\/v2\/product_brand?post=723719"},{"taxonomy":"product_cat","embeddable":true,"href":"https:\/\/roveyayinevi.com.tr\/index.php\/wp-json\/wp\/v2\/product_cat?post=723719"},{"taxonomy":"product_tag","embeddable":true,"href":"https:\/\/roveyayinevi.com.tr\/index.php\/wp-json\/wp\/v2\/product_tag?post=723719"}],"curies":[{"name":"wp","href":"https:\/\/api.w.org\/{rel}","templated":true}]}}