{"id":723718,"date":"2025-08-27T19:23:30","date_gmt":"2025-08-27T16:23:30","guid":{"rendered":"https:\/\/roveyayinevi.com.tr\/index.php\/urun\/vucudum-nasil-calisiyor\/"},"modified":"2026-04-16T02:31:47","modified_gmt":"2026-04-15T23:31:47","slug":"vucudum-nasil-calisiyor","status":"publish","type":"product","link":"https:\/\/roveyayinevi.com.tr\/index.php\/urun\/vucudum-nasil-calisiyor\/","title":{"rendered":"V\u00fccudum &#8211; Nas\u0131l \u00c7al\u0131\u015f\u0131yor?"},"content":{"rendered":"<p>Hareket etmemi sa\u011flayan ne? Kalbim neden at\u0131yor? Annem ve babam neden hep erken uyumam\u0131 s\u00f6yl\u00fcyor? Di\u015flerim neden d\u00fc\u015f\u00fcyor? Yeti\u015fkinlerin koltuk altlar\u0131 neden k\u0131ll\u0131?   V\u00fccudunun i\u00e7inde gizemli ve fantastik bir yolculu\u011fa \u00e7\u0131kmaya haz\u0131rlan! Beynin nas\u0131l bir orkestra \u015fefi gibi \u00e7al\u0131\u015ft\u0131\u011f\u0131n\u0131, duyular\u0131n\u0131n bazen seni nas\u0131l yan\u0131ltabilece\u011fini, insanlar\u0131n neden ve nas\u0131l p\u0131rtlad\u0131\u011f\u0131n\u0131, bedeninin kendi kendini nas\u0131l onard\u0131\u011f\u0131n\u0131 ya da bebeklerin d\u00fcnyaya nas\u0131l geldiklerini ke\u015ffet!   ETK\u0130NL\u0130KLER \u0130\u00c7\u0130N KOLLARINI SIVA VE HAREKETE GE\u00c7: &#8211; Nab\u0131z alarak kalp ritmini \u00f6l\u00e7. &#8211; Dokunma duyunu yan\u0131lt. &#8211; Reflekslerini test et! &#8211; Kendi akci\u011ferini yap! <\/p>\n","protected":false},"excerpt":{"rendered":"<p>Hareket etmemi sa\u011flayan ne? Kalbim neden at\u0131yor? Annem ve babam neden hep erken uyumam\u0131 s\u00f6yl\u00fcyor? Di\u015flerim neden d\u00fc\u015f\u00fcyor? Yeti\u015fkinlerin koltuk altlar\u0131 neden k\u0131ll\u0131? V\u00fccudunun i\u00e7inde gizemli<span class=\"excerpt-hellip\"> [\u2026]<\/span><\/p>\n","protected":false},"featured_media":0,"template":"","meta":{"_monsterinsights_skip_tracking":false,"_monsterinsights_sitenote_active":false,"_monsterinsights_sitenote_note":"","_monsterinsights_sitenote_category":0},"product_brand":[],"product_cat":[12274,15842],"product_tag":[],"class_list":{"0":"post-723718","1":"product","2":"type-product","3":"status-publish","5":"product_cat-cocuk-ve-genclik-kitaplari","6":"product_cat-egitici-kitaplar","7":"pa_cilt-ciltsiz","8":"pa_tur-kitap","9":"pa_yayinevi-dinozor-cocuk","10":"pa_yazar-sophie-fromager","12":"first","13":"instock","14":"sale","15":"shipping-taxable","16":"purchasable","17":"product-type-simple"},"_links":{"self":[{"href":"https:\/\/roveyayinevi.com.tr\/index.php\/wp-json\/wp\/v2\/product\/723718","targetHints":{"allow":["GET"]}}],"collection":[{"href":"https:\/\/roveyayinevi.com.tr\/index.php\/wp-json\/wp\/v2\/product"}],"about":[{"href":"https:\/\/roveyayinevi.com.tr\/index.php\/wp-json\/wp\/v2\/types\/product"}],"wp:attachment":[{"href":"https:\/\/roveyayinevi.com.tr\/index.php\/wp-json\/wp\/v2\/media?parent=723718"}],"wp:term":[{"taxonomy":"product_brand","embeddable":true,"href":"https:\/\/roveyayinevi.com.tr\/index.php\/wp-json\/wp\/v2\/product_brand?post=723718"},{"taxonomy":"product_cat","embeddable":true,"href":"https:\/\/roveyayinevi.com.tr\/index.php\/wp-json\/wp\/v2\/product_cat?post=723718"},{"taxonomy":"product_tag","embeddable":true,"href":"https:\/\/roveyayinevi.com.tr\/index.php\/wp-json\/wp\/v2\/product_tag?post=723718"}],"curies":[{"name":"wp","href":"https:\/\/api.w.org\/{rel}","templated":true}]}}