{"id":723716,"date":"2025-08-27T19:23:28","date_gmt":"2025-08-27T16:23:28","guid":{"rendered":"https:\/\/roveyayinevi.com.tr\/index.php\/urun\/mikroplar-zararli-midir\/"},"modified":"2026-04-16T02:31:47","modified_gmt":"2026-04-15T23:31:47","slug":"mikroplar-zararli-midir","status":"publish","type":"product","link":"https:\/\/roveyayinevi.com.tr\/index.php\/urun\/mikroplar-zararli-midir\/","title":{"rendered":"Mikroplar &#8211; Zararl\u0131 m\u0131d\u0131r?"},"content":{"rendered":"<p>Mikrop nedir? Nerelerde ya\u015farlar? Zararl\u0131 m\u0131d\u0131rlar? Ne pahas\u0131na olursa olsun onlardan kurtulmal\u0131 m\u0131y\u0131z? Onlarla arkada\u015f olabilir miyiz?   Minik canl\u0131 varl\u0131klar\u0131n g\u00f6r\u00fcnmez d\u00fcnyas\u0131na dalmaya ne dersin? Onlar\u0131n ger\u00e7ekte kim olduklar\u0131n\u0131 biliyor musun?   Mikroplar\u0131n ya\u015fam\u0131n ba\u015flang\u0131c\u0131ndan beri nas\u0131l var olduklar\u0131n\u0131, varl\u0131klar\u0131ndan hen\u00fcz haberdar olmadan \u00f6nce bile onlar\u0131 nas\u0131l yiyeceklerimizde kullanmaya ba\u015flad\u0131\u011f\u0131m\u0131z\u0131, bir\u00e7ok mikrop insanlarla uyum i\u00e7inde ya\u015farken neden baz\u0131lar\u0131n\u0131n tehlikeli oldu\u011funu ve bizi hasta edebilece\u011fini, dahas\u0131 ara\u015ft\u0131rmac\u0131lar\u0131n birtak\u0131m hastal\u0131klar\u0131 tedavi edebilme umuduyla g\u00fcnden g\u00fcne onlarla nas\u0131l daha \u00e7ok ilgilendi\u011fini ke\u015ffet!   ETK\u0130NL\u0130KLER \u0130\u00c7\u0130N KOLLARINI SIVA VE HAREKETE GE\u00c7: &#8211; Kendi mikrobunu \u00fcret. &#8211; Maya kullanarak balon \u015fi\u015fir. &#8211; Ekmek yap. &#8211; Mikroskop yap ve mikroplar\u0131 incele. <\/p>\n","protected":false},"excerpt":{"rendered":"<p>Mikrop nedir? Nerelerde ya\u015farlar? Zararl\u0131 m\u0131d\u0131rlar? Ne pahas\u0131na olursa olsun onlardan kurtulmal\u0131 m\u0131y\u0131z? Onlarla arkada\u015f olabilir miyiz? Minik canl\u0131 varl\u0131klar\u0131n g\u00f6r\u00fcnmez d\u00fcnyas\u0131na dalmaya ne dersin? Onlar\u0131n<span class=\"excerpt-hellip\"> [\u2026]<\/span><\/p>\n","protected":false},"featured_media":0,"template":"","meta":{"_monsterinsights_skip_tracking":false,"_monsterinsights_sitenote_active":false,"_monsterinsights_sitenote_note":"","_monsterinsights_sitenote_category":0},"product_brand":[],"product_cat":[12274,15842],"product_tag":[],"class_list":{"0":"post-723716","1":"product","2":"type-product","3":"status-publish","5":"product_cat-cocuk-ve-genclik-kitaplari","6":"product_cat-egitici-kitaplar","7":"pa_cilt-ciltsiz","8":"pa_tur-kitap","9":"pa_yayinevi-dinozor-cocuk","10":"pa_yazar-anne-olliver","12":"first","13":"instock","14":"sale","15":"shipping-taxable","16":"purchasable","17":"product-type-simple"},"_links":{"self":[{"href":"https:\/\/roveyayinevi.com.tr\/index.php\/wp-json\/wp\/v2\/product\/723716","targetHints":{"allow":["GET"]}}],"collection":[{"href":"https:\/\/roveyayinevi.com.tr\/index.php\/wp-json\/wp\/v2\/product"}],"about":[{"href":"https:\/\/roveyayinevi.com.tr\/index.php\/wp-json\/wp\/v2\/types\/product"}],"wp:attachment":[{"href":"https:\/\/roveyayinevi.com.tr\/index.php\/wp-json\/wp\/v2\/media?parent=723716"}],"wp:term":[{"taxonomy":"product_brand","embeddable":true,"href":"https:\/\/roveyayinevi.com.tr\/index.php\/wp-json\/wp\/v2\/product_brand?post=723716"},{"taxonomy":"product_cat","embeddable":true,"href":"https:\/\/roveyayinevi.com.tr\/index.php\/wp-json\/wp\/v2\/product_cat?post=723716"},{"taxonomy":"product_tag","embeddable":true,"href":"https:\/\/roveyayinevi.com.tr\/index.php\/wp-json\/wp\/v2\/product_tag?post=723716"}],"curies":[{"name":"wp","href":"https:\/\/api.w.org\/{rel}","templated":true}]}}