{"id":723715,"date":"2025-08-27T19:23:27","date_gmt":"2025-08-27T16:23:27","guid":{"rendered":"https:\/\/roveyayinevi.com.tr\/index.php\/urun\/insanlar-tarih-oncesi-donemde-nasil-yasiyorlardi\/"},"modified":"2026-04-16T02:31:47","modified_gmt":"2026-04-15T23:31:47","slug":"insanlar-tarih-oncesi-donemde-nasil-yasiyorlardi","status":"publish","type":"product","link":"https:\/\/roveyayinevi.com.tr\/index.php\/urun\/insanlar-tarih-oncesi-donemde-nasil-yasiyorlardi\/","title":{"rendered":"\u0130nsanlar &#8211; Tarih \u00d6ncesi D\u00f6nemde Nas\u0131l Ya\u015f\u0131yorlard\u0131?"},"content":{"rendered":"<p>\u0130nsanlar maymundan m\u0131 gelmi\u015ftir? Eski insanlar ma\u011faralarda m\u0131 ya\u015f\u0131yordu? Neden ma\u011faralar\u0131n duvarlar\u0131na resim \u00e7iziyorlard\u0131? Nas\u0131l besleniyorlard\u0131? Yolculuk ediyorlar m\u0131yd\u0131?   Tarihteki ilk insanlarla tan\u0131\u015fmak i\u00e7in yolculu\u011fa \u00e7\u0131kma vakti! K\u0131llar\u0131m\u0131z\u0131n zamanla nas\u0131l d\u00f6k\u00fcld\u00fc\u011f\u00fcn\u00fc ve bunun di\u011fer avc\u0131lar kar\u015f\u0131s\u0131nda bize ne t\u00fcr bir avantaj sa\u011flad\u0131\u011f\u0131n\u0131, ate\u015f yakmay\u0131 nas\u0131l \u00f6\u011frendi\u011fimizi ve bunun bize neler katt\u0131\u011f\u0131n\u0131, i\u011fne deli\u011finin nas\u0131l devrim niteli\u011finde bir icat oldu\u011funu ve g\u00f6\u00e7ebe ya\u015fam s\u00fcren insanlar\u0131n d\u00fcnyan\u0131n d\u00f6rt bir yan\u0131na nas\u0131l yay\u0131ld\u0131\u011f\u0131n\u0131 ke\u015ffet.   ETK\u0130NL\u0130KLER \u0130\u00c7\u0130N KOLLARINI SIVA VE HAREKETE GE\u00c7: &#8211; Tarih \u00f6ncesi d\u00f6nemdeki gibi ate\u015f yak. &#8211; Neolitik d\u00f6nemdeki gibi \u00e7\u00f6mlek yap. &#8211; Paleolitik d\u00f6nemdeki insanlar gibi resim \u00e7iz.<\/p>\n","protected":false},"excerpt":{"rendered":"<p>\u0130nsanlar maymundan m\u0131 gelmi\u015ftir? Eski insanlar ma\u011faralarda m\u0131 ya\u015f\u0131yordu? Neden ma\u011faralar\u0131n duvarlar\u0131na resim \u00e7iziyorlard\u0131? Nas\u0131l besleniyorlard\u0131? Yolculuk ediyorlar m\u0131yd\u0131? Tarihteki ilk insanlarla tan\u0131\u015fmak i\u00e7in yolculu\u011fa \u00e7\u0131kma<span class=\"excerpt-hellip\"> [\u2026]<\/span><\/p>\n","protected":false},"featured_media":0,"template":"","meta":{"_monsterinsights_skip_tracking":false,"_monsterinsights_sitenote_active":false,"_monsterinsights_sitenote_note":"","_monsterinsights_sitenote_category":0},"product_brand":[],"product_cat":[12274,15842],"product_tag":[],"class_list":{"0":"post-723715","1":"product","2":"type-product","3":"status-publish","5":"product_cat-cocuk-ve-genclik-kitaplari","6":"product_cat-egitici-kitaplar","7":"pa_cilt-ciltsiz","8":"pa_tur-kitap","9":"pa_yayinevi-dinozor-cocuk","10":"pa_yazar-jean-marc-rio","12":"first","13":"instock","14":"sale","15":"shipping-taxable","16":"purchasable","17":"product-type-simple"},"_links":{"self":[{"href":"https:\/\/roveyayinevi.com.tr\/index.php\/wp-json\/wp\/v2\/product\/723715","targetHints":{"allow":["GET"]}}],"collection":[{"href":"https:\/\/roveyayinevi.com.tr\/index.php\/wp-json\/wp\/v2\/product"}],"about":[{"href":"https:\/\/roveyayinevi.com.tr\/index.php\/wp-json\/wp\/v2\/types\/product"}],"wp:attachment":[{"href":"https:\/\/roveyayinevi.com.tr\/index.php\/wp-json\/wp\/v2\/media?parent=723715"}],"wp:term":[{"taxonomy":"product_brand","embeddable":true,"href":"https:\/\/roveyayinevi.com.tr\/index.php\/wp-json\/wp\/v2\/product_brand?post=723715"},{"taxonomy":"product_cat","embeddable":true,"href":"https:\/\/roveyayinevi.com.tr\/index.php\/wp-json\/wp\/v2\/product_cat?post=723715"},{"taxonomy":"product_tag","embeddable":true,"href":"https:\/\/roveyayinevi.com.tr\/index.php\/wp-json\/wp\/v2\/product_tag?post=723715"}],"curies":[{"name":"wp","href":"https:\/\/api.w.org\/{rel}","templated":true}]}}