{"id":723711,"date":"2025-08-27T19:23:23","date_gmt":"2025-08-27T16:23:23","guid":{"rendered":"https:\/\/roveyayinevi.com.tr\/index.php\/urun\/o-gunes-bir-daha-dogsun\/"},"modified":"2026-04-16T02:31:47","modified_gmt":"2026-04-15T23:31:47","slug":"o-gunes-bir-daha-dogsun","status":"publish","type":"product","link":"https:\/\/roveyayinevi.com.tr\/index.php\/urun\/o-gunes-bir-daha-dogsun\/","title":{"rendered":"O G\u00fcne\u015f Bir Daha Do\u011fsun"},"content":{"rendered":"<p>g\u00fcne\u015fimiz Atat\u00fcrk ufkumuz Samsun yalvar\u0131r\u0131m Tanr\u0131\u2019m o g\u00fcne\u015f bir daha do\u011fsun   korkutur bizi bu karanl\u0131k b\u00f6lgeler bir de insana benzeyen o g\u00f6lgeler bunlar, hepsi cehaletten belgeler yalvar\u0131r\u0131m Tanr\u0131\u2019m o g\u00fcne\u015f bir daha do\u011fsun gelse baksa bir kez durum ahvale bir yol bulsa bu i\u00e7inden \u00e7\u0131k\u0131lmaz hale sadece o kald\u0131 g\u00fcvendi\u011fim y\u0131k\u0131lmaz kale yalvar\u0131r\u0131m Tanr\u0131m o g\u00fcne\u015f bir daha do\u011fsun<\/p>\n","protected":false},"excerpt":{"rendered":"<p>g\u00fcne\u015fimiz Atat\u00fcrk ufkumuz Samsun yalvar\u0131r\u0131m Tanr\u0131\u2019m o g\u00fcne\u015f bir daha do\u011fsun korkutur bizi bu karanl\u0131k b\u00f6lgeler bir de insana benzeyen o g\u00f6lgeler bunlar, hepsi cehaletten belgeler<span class=\"excerpt-hellip\"> [\u2026]<\/span><\/p>\n","protected":false},"featured_media":0,"template":"","meta":{"_monsterinsights_skip_tracking":false,"_monsterinsights_sitenote_active":false,"_monsterinsights_sitenote_note":"","_monsterinsights_sitenote_category":0},"product_brand":[],"product_cat":[12291,12509],"product_tag":[],"class_list":{"0":"post-723711","1":"product","2":"type-product","3":"status-publish","5":"product_cat-edebiyat","6":"product_cat-siir","7":"pa_cilt-ciltsiz","8":"pa_tur-kitap","9":"pa_yayinevi-luna-yayinlari","10":"pa_yazar-adnan-uckun","12":"first","13":"instock","14":"sale","15":"shipping-taxable","16":"purchasable","17":"product-type-simple"},"_links":{"self":[{"href":"https:\/\/roveyayinevi.com.tr\/index.php\/wp-json\/wp\/v2\/product\/723711","targetHints":{"allow":["GET"]}}],"collection":[{"href":"https:\/\/roveyayinevi.com.tr\/index.php\/wp-json\/wp\/v2\/product"}],"about":[{"href":"https:\/\/roveyayinevi.com.tr\/index.php\/wp-json\/wp\/v2\/types\/product"}],"wp:attachment":[{"href":"https:\/\/roveyayinevi.com.tr\/index.php\/wp-json\/wp\/v2\/media?parent=723711"}],"wp:term":[{"taxonomy":"product_brand","embeddable":true,"href":"https:\/\/roveyayinevi.com.tr\/index.php\/wp-json\/wp\/v2\/product_brand?post=723711"},{"taxonomy":"product_cat","embeddable":true,"href":"https:\/\/roveyayinevi.com.tr\/index.php\/wp-json\/wp\/v2\/product_cat?post=723711"},{"taxonomy":"product_tag","embeddable":true,"href":"https:\/\/roveyayinevi.com.tr\/index.php\/wp-json\/wp\/v2\/product_tag?post=723711"}],"curies":[{"name":"wp","href":"https:\/\/api.w.org\/{rel}","templated":true}]}}