{"id":723710,"date":"2025-08-27T19:23:22","date_gmt":"2025-08-27T16:23:22","guid":{"rendered":"https:\/\/roveyayinevi.com.tr\/index.php\/urun\/senin-yolun-yormaz-beni\/"},"modified":"2026-04-16T02:31:47","modified_gmt":"2026-04-15T23:31:47","slug":"senin-yolun-yormaz-beni","status":"publish","type":"product","link":"https:\/\/roveyayinevi.com.tr\/index.php\/urun\/senin-yolun-yormaz-beni\/","title":{"rendered":"Senin Yolun Yormaz Beni"},"content":{"rendered":"<p>\u0131lg\u0131t \u0131lg\u0131t erisem de aya\u011f\u0131m\u0131 s\u00fcr\u00fcsem de gece g\u00fcnd\u00fcz y\u00fcr\u00fcsem de senin yolun yormaz beni \u00e7arm\u0131ha gerip \u00e7ivi \u00e7aksalar ba\u011fr\u0131m\u0131 da\u011flasa ve yaksalar ellerimi kelep\u00e7eleyip de aya\u011f\u0131ma zincirler taksalar ben yine de y\u0131lmadan y\u00fcr\u00fcr\u00fcm senin yolun yormaz beni zindana konsam yine ka\u00e7ar\u0131m bah\u00e7ende \u00e7i\u00e7ek olur a\u00e7ar\u0131m yolunda U\u00e7kun olur u\u00e7ar\u0131m senin yolun yormaz beni <\/p>\n","protected":false},"excerpt":{"rendered":"<p>\u0131lg\u0131t \u0131lg\u0131t erisem de aya\u011f\u0131m\u0131 s\u00fcr\u00fcsem de gece g\u00fcnd\u00fcz y\u00fcr\u00fcsem de senin yolun yormaz beni \u00e7arm\u0131ha gerip \u00e7ivi \u00e7aksalar ba\u011fr\u0131m\u0131 da\u011flasa ve yaksalar ellerimi kelep\u00e7eleyip de<span class=\"excerpt-hellip\"> [\u2026]<\/span><\/p>\n","protected":false},"featured_media":0,"template":"","meta":{"_monsterinsights_skip_tracking":false,"_monsterinsights_sitenote_active":false,"_monsterinsights_sitenote_note":"","_monsterinsights_sitenote_category":0},"product_brand":[],"product_cat":[12291,12509],"product_tag":[],"class_list":{"0":"post-723710","1":"product","2":"type-product","3":"status-publish","5":"product_cat-edebiyat","6":"product_cat-siir","7":"pa_cilt-ciltsiz","8":"pa_tur-kitap","9":"pa_yayinevi-luna-yayinlari","10":"pa_yazar-adnan-uckun","12":"first","13":"instock","14":"sale","15":"shipping-taxable","16":"purchasable","17":"product-type-simple"},"_links":{"self":[{"href":"https:\/\/roveyayinevi.com.tr\/index.php\/wp-json\/wp\/v2\/product\/723710","targetHints":{"allow":["GET"]}}],"collection":[{"href":"https:\/\/roveyayinevi.com.tr\/index.php\/wp-json\/wp\/v2\/product"}],"about":[{"href":"https:\/\/roveyayinevi.com.tr\/index.php\/wp-json\/wp\/v2\/types\/product"}],"wp:attachment":[{"href":"https:\/\/roveyayinevi.com.tr\/index.php\/wp-json\/wp\/v2\/media?parent=723710"}],"wp:term":[{"taxonomy":"product_brand","embeddable":true,"href":"https:\/\/roveyayinevi.com.tr\/index.php\/wp-json\/wp\/v2\/product_brand?post=723710"},{"taxonomy":"product_cat","embeddable":true,"href":"https:\/\/roveyayinevi.com.tr\/index.php\/wp-json\/wp\/v2\/product_cat?post=723710"},{"taxonomy":"product_tag","embeddable":true,"href":"https:\/\/roveyayinevi.com.tr\/index.php\/wp-json\/wp\/v2\/product_tag?post=723710"}],"curies":[{"name":"wp","href":"https:\/\/api.w.org\/{rel}","templated":true}]}}