{"id":723708,"date":"2025-08-27T19:23:21","date_gmt":"2025-08-27T16:23:21","guid":{"rendered":"https:\/\/roveyayinevi.com.tr\/index.php\/urun\/uyuyan-guzel-uyandi\/"},"modified":"2026-04-16T02:31:47","modified_gmt":"2026-04-15T23:31:47","slug":"uyuyan-guzel-uyandi","status":"publish","type":"product","link":"https:\/\/roveyayinevi.com.tr\/index.php\/urun\/uyuyan-guzel-uyandi\/","title":{"rendered":"Uyuyan G\u00fczel Uyand\u0131"},"content":{"rendered":"<p>\u201cPrenses de olsa temizlik kad\u0131n i\u015fidir.\u201d  \u201cCad\u0131lar \u00e7irkindir ve nedensiz k\u00f6t\u00fcl\u00fck yaparlar.\u201d \u201cMaceraya at\u0131lan k\u0131zlar\u0131n ba\u015f\u0131na mutlaka bir i\u015f gelir.\u201d  \u201cKurtar\u0131c\u0131lar daima erkektir ve kad\u0131nlar kurtar\u0131c\u0131lar\u0131 olmadan tutsakl\u0131\u011fa mahk\u00fbmdur.\u201d Bu masallar b\u00f6yle s\u00fcr\u00fcp gider ve toplumsal cinsiyet rolleri masallar arac\u0131l\u0131\u011f\u0131yla bir kez daha in\u015fa edilir. Masallar bug\u00fcne kadar kad\u0131nlar\u0131n uyutulduklar\u0131n\u0131, kulelere kapat\u0131ld\u0131klar\u0131n\u0131, kurtar\u0131c\u0131lar\u0131n\u0131 beklediklerini, sab\u0131rl\u0131 ve hamarat olduklar\u0131n\u0131 anlatt\u0131. Ayn\u0131 masallarda erkeklerin pay\u0131na ise cesaret ve kahramanl\u0131k, hatta yak\u0131\u015f\u0131kl\u0131 ve zengin olmak d\u00fc\u015ft\u00fc. Uyuyan G\u00fczel Uyand\u0131 masallar\u0131n peki\u015ftirdi\u011fi bu toplumsal cinsiyet rollerini ele\u015ftirel bir g\u00f6zle ele alarak kahramanlar\u0131 uyand\u0131r\u0131yor ve kendi s\u0131fatlar\u0131n\u0131 se\u00e7melerini sa\u011fl\u0131yor. Masallar\u0131 akademik referanslarla de\u011ferlendiren bu kitap, hayattan ve gazete man\u015fetlerinden verdi\u011fi \u00f6rneklerle masallar\u0131n i\u015fledi\u011fi kodlar\u0131 ve g\u00fcnl\u00fck hayat\u0131m\u0131za yans\u0131malar\u0131n\u0131 ele al\u0131yor.   Uyuyan g\u00fczellerin uyanma vakti geldi! Kad\u0131nlar art\u0131k kendi hik\u00e2yelerinin kahramanlar\u0131 oluyor, kendi sonlar\u0131n\u0131 kendileri yaz\u0131yor ve dayan\u0131\u015fmadan vazge\u00e7miyor. Uyuyan G\u00fczel Uyand\u0131 ve bir daha hi\u00e7 uyutulmad\u0131! <\/p>\n","protected":false},"excerpt":{"rendered":"<p>\u201cPrenses de olsa temizlik kad\u0131n i\u015fidir.\u201d \u201cCad\u0131lar \u00e7irkindir ve nedensiz k\u00f6t\u00fcl\u00fck yaparlar.\u201d \u201cMaceraya at\u0131lan k\u0131zlar\u0131n ba\u015f\u0131na mutlaka bir i\u015f gelir.\u201d \u201cKurtar\u0131c\u0131lar daima erkektir ve kad\u0131nlar kurtar\u0131c\u0131lar\u0131<span class=\"excerpt-hellip\"> [\u2026]<\/span><\/p>\n","protected":false},"featured_media":0,"template":"","meta":{"_monsterinsights_skip_tracking":false,"_monsterinsights_sitenote_active":false,"_monsterinsights_sitenote_note":"","_monsterinsights_sitenote_category":0},"product_brand":[],"product_cat":[14741,13488],"product_tag":[],"class_list":{"0":"post-723708","1":"product","2":"type-product","3":"status-publish","5":"product_cat-kadin-sorunlari-feminizm","6":"product_cat-toplum-ve-insan","7":"pa_cilt-ciltsiz","8":"pa_tur-kitap","9":"pa_yayinevi-nemesis-kitap","10":"pa_yazar-asli-karatas","12":"first","13":"instock","14":"sale","15":"shipping-taxable","16":"purchasable","17":"product-type-simple"},"_links":{"self":[{"href":"https:\/\/roveyayinevi.com.tr\/index.php\/wp-json\/wp\/v2\/product\/723708","targetHints":{"allow":["GET"]}}],"collection":[{"href":"https:\/\/roveyayinevi.com.tr\/index.php\/wp-json\/wp\/v2\/product"}],"about":[{"href":"https:\/\/roveyayinevi.com.tr\/index.php\/wp-json\/wp\/v2\/types\/product"}],"wp:attachment":[{"href":"https:\/\/roveyayinevi.com.tr\/index.php\/wp-json\/wp\/v2\/media?parent=723708"}],"wp:term":[{"taxonomy":"product_brand","embeddable":true,"href":"https:\/\/roveyayinevi.com.tr\/index.php\/wp-json\/wp\/v2\/product_brand?post=723708"},{"taxonomy":"product_cat","embeddable":true,"href":"https:\/\/roveyayinevi.com.tr\/index.php\/wp-json\/wp\/v2\/product_cat?post=723708"},{"taxonomy":"product_tag","embeddable":true,"href":"https:\/\/roveyayinevi.com.tr\/index.php\/wp-json\/wp\/v2\/product_tag?post=723708"}],"curies":[{"name":"wp","href":"https:\/\/api.w.org\/{rel}","templated":true}]}}