{"id":723707,"date":"2025-08-27T19:23:20","date_gmt":"2025-08-27T16:23:20","guid":{"rendered":"https:\/\/roveyayinevi.com.tr\/index.php\/urun\/daragaci-sarkisi\/"},"modified":"2026-04-16T02:31:47","modified_gmt":"2026-04-15T23:31:47","slug":"daragaci-sarkisi","status":"publish","type":"product","link":"https:\/\/roveyayinevi.com.tr\/index.php\/urun\/daragaci-sarkisi\/","title":{"rendered":"Dara\u011fac\u0131 \u015eark\u0131s\u0131"},"content":{"rendered":"<p>Violet, Alice ve Katie hik\u00e2yeyi tamamlay\u0131p karanl\u0131k, \u015fiddet dolu Dara\u011fac\u0131 Dans\u0131\u2019ndan kurtulal\u0131 bir y\u0131l ge\u00e7mi\u015fti \u2013 Nate ise h\u00e2l\u00e2 komada ve dolay\u0131s\u0131yla distopyada hapisti. Violet, ailesi geri d\u00f6n\u00fclmez bir karar vermeden \u00f6nce tekrar o d\u00fcnyaya girmek ve k\u00fc\u00e7\u00fck karde\u015fini geri getirmek zorundayd\u0131.Tam da o s\u0131rada, gizli bir hayran kurgusu yazar\u0131 ortaya \u00e7\u0131km\u0131\u015f ve hayatlar\u0131n\u0131 tehdit eden yeni b\u00f6l\u00fcmler yazmaya ba\u015flam\u0131\u015ft\u0131. Hik\u00e2yeyi ve Impleri kurtarabilecek tek ki\u015fi, korkun\u00e7 bir tart\u0131\u015fma ya\u015fad\u0131\u011f\u0131 ve yeni ihanetiyle onlar\u0131 ka\u00e7\u0131n\u0131lmaz sona s\u00fcr\u00fckleyen Alice\u2019ten ba\u015fkas\u0131 de\u011fildi.<\/p>\n","protected":false},"excerpt":{"rendered":"<p>Violet, Alice ve Katie hik\u00e2yeyi tamamlay\u0131p karanl\u0131k, \u015fiddet dolu Dara\u011fac\u0131 Dans\u0131\u2019ndan kurtulal\u0131 bir y\u0131l ge\u00e7mi\u015fti \u2013 Nate ise h\u00e2l\u00e2 komada ve dolay\u0131s\u0131yla distopyada hapisti. Violet, ailesi<span class=\"excerpt-hellip\"> [\u2026]<\/span><\/p>\n","protected":false},"featured_media":0,"template":"","meta":{"_monsterinsights_skip_tracking":false,"_monsterinsights_sitenote_active":false,"_monsterinsights_sitenote_note":"","_monsterinsights_sitenote_category":0},"product_brand":[],"product_cat":[12540,12291],"product_tag":[],"class_list":{"0":"post-723707","1":"product","2":"type-product","3":"status-publish","5":"product_cat-bilim-kurgu","6":"product_cat-edebiyat","7":"pa_cilt-ciltsiz","8":"pa_tur-kitap","9":"pa_yayinevi-yabanci-yayinevi","10":"pa_yazar-anna-day","12":"first","13":"instock","14":"sale","15":"shipping-taxable","16":"purchasable","17":"product-type-simple"},"_links":{"self":[{"href":"https:\/\/roveyayinevi.com.tr\/index.php\/wp-json\/wp\/v2\/product\/723707","targetHints":{"allow":["GET"]}}],"collection":[{"href":"https:\/\/roveyayinevi.com.tr\/index.php\/wp-json\/wp\/v2\/product"}],"about":[{"href":"https:\/\/roveyayinevi.com.tr\/index.php\/wp-json\/wp\/v2\/types\/product"}],"wp:attachment":[{"href":"https:\/\/roveyayinevi.com.tr\/index.php\/wp-json\/wp\/v2\/media?parent=723707"}],"wp:term":[{"taxonomy":"product_brand","embeddable":true,"href":"https:\/\/roveyayinevi.com.tr\/index.php\/wp-json\/wp\/v2\/product_brand?post=723707"},{"taxonomy":"product_cat","embeddable":true,"href":"https:\/\/roveyayinevi.com.tr\/index.php\/wp-json\/wp\/v2\/product_cat?post=723707"},{"taxonomy":"product_tag","embeddable":true,"href":"https:\/\/roveyayinevi.com.tr\/index.php\/wp-json\/wp\/v2\/product_tag?post=723707"}],"curies":[{"name":"wp","href":"https:\/\/api.w.org\/{rel}","templated":true}]}}