{"id":723706,"date":"2025-08-27T19:23:19","date_gmt":"2025-08-27T16:23:19","guid":{"rendered":"https:\/\/roveyayinevi.com.tr\/index.php\/urun\/son-sans\/"},"modified":"2026-04-16T02:31:47","modified_gmt":"2026-04-15T23:31:47","slug":"son-sans","status":"publish","type":"product","link":"https:\/\/roveyayinevi.com.tr\/index.php\/urun\/son-sans\/","title":{"rendered":"Son \u015eans"},"content":{"rendered":"<p>Hayalleri elinden al\u0131nd\u0131\u011f\u0131 h\u00e2lde kendi ayaklar\u0131 \u00fczerinde durmaya \u00e7al\u0131\u015fan gen\u00e7 bir kad\u0131nd\u0131 Zeynep. Y\u0131llarca pes etmeden, tek ba\u015f\u0131na hayatta kalmaya \u00e7al\u0131\u015fm\u0131\u015fken bir anda kar\u015f\u0131s\u0131na \u00e7\u0131kan bir yabanc\u0131 her \u015feyi alt\u00fcst etmi\u015fti. \u00dcstelik kaderinin iplerini eline al\u0131p hayat\u0131na h\u00fckmedebilece\u011fine inan\u0131yordu. Peki, Zeynep kalbinin ritmiyle oynayan bu adam\u0131n onu r\u00fczg\u00e2rda savrulan bir yaprak misali savurmas\u0131na izin verebilecek miydi?A\u015fk\u0131 filmlerde izlemeye bile tahamm\u00fcl edemeyen, masallar\u0131n mutsuz insanlar\u0131 avutmak i\u00e7in uyduruldu\u011funa inanan ve atlatt\u0131\u011f\u0131 olayl\u0131 bo\u015fanman\u0131n ard\u0131ndan evlili\u011fe t\u00f6vbe etmi\u015f bir adamd\u0131 Sinan. Hayattan ne istedi\u011fini art\u0131k \u00e7ok iyi bildi\u011fini san\u0131yordu. \u00c7ok konu\u015fan kad\u0131nlarla ilgilenmiyordu, sar\u0131\u015f\u0131nlardan ho\u015flanm\u0131yordu ve \u00f6zellikle \u00e7al\u0131\u015fanlar\u0131yla aras\u0131ndaki mesafeyi korumak sars\u0131lmaz prensiplerinden biriydi.Ancak bir g\u00fcn aniden ofisinin, hatta hayat\u0131n\u0131n merkezine yerle\u015fen bir sar\u0131\u015f\u0131n ezberini bozacakt\u0131, kurallar\u0131n\u0131 tek tek y\u0131kt\u0131racakt\u0131.Kaderin k\u00fc\u00e7\u00fck oyunlarla ve tesad\u00fcflerle bir araya getirdi\u011fi bu iki insan birbirleriyle sava\u015fmay\u0131 m\u0131, yoksa ayn\u0131 yolda el ele y\u00fcr\u00fcmeyi mi se\u00e7eceklerdi? \u00dcstelik birinin mutluluk i\u00e7in, di\u011ferininse hayat\u0131n\u0131 yoluna koymak i\u00e7in son \u015fans\u0131yd\u0131.Peki, bu \u015fans\u0131 nas\u0131l de\u011ferlendireceklerdi?<\/p>\n","protected":false},"excerpt":{"rendered":"<p>Hayalleri elinden al\u0131nd\u0131\u011f\u0131 h\u00e2lde kendi ayaklar\u0131 \u00fczerinde durmaya \u00e7al\u0131\u015fan gen\u00e7 bir kad\u0131nd\u0131 Zeynep. Y\u0131llarca pes etmeden, tek ba\u015f\u0131na hayatta kalmaya \u00e7al\u0131\u015fm\u0131\u015fken bir anda kar\u015f\u0131s\u0131na \u00e7\u0131kan bir<span class=\"excerpt-hellip\"> [\u2026]<\/span><\/p>\n","protected":false},"featured_media":0,"template":"","meta":{"_monsterinsights_skip_tracking":false,"_monsterinsights_sitenote_active":false,"_monsterinsights_sitenote_note":"","_monsterinsights_sitenote_category":0},"product_brand":[],"product_cat":[14643,12291],"product_tag":[],"class_list":{"0":"post-723706","1":"product","2":"type-product","3":"status-publish","5":"product_cat-ask","6":"product_cat-edebiyat","7":"pa_cilt-ciltsiz","8":"pa_tur-kitap","9":"pa_yayinevi-muptela-yayinevi","10":"pa_yazar-damlanur-buyuksen","12":"first","13":"instock","14":"sale","15":"shipping-taxable","16":"purchasable","17":"product-type-simple"},"_links":{"self":[{"href":"https:\/\/roveyayinevi.com.tr\/index.php\/wp-json\/wp\/v2\/product\/723706","targetHints":{"allow":["GET"]}}],"collection":[{"href":"https:\/\/roveyayinevi.com.tr\/index.php\/wp-json\/wp\/v2\/product"}],"about":[{"href":"https:\/\/roveyayinevi.com.tr\/index.php\/wp-json\/wp\/v2\/types\/product"}],"wp:attachment":[{"href":"https:\/\/roveyayinevi.com.tr\/index.php\/wp-json\/wp\/v2\/media?parent=723706"}],"wp:term":[{"taxonomy":"product_brand","embeddable":true,"href":"https:\/\/roveyayinevi.com.tr\/index.php\/wp-json\/wp\/v2\/product_brand?post=723706"},{"taxonomy":"product_cat","embeddable":true,"href":"https:\/\/roveyayinevi.com.tr\/index.php\/wp-json\/wp\/v2\/product_cat?post=723706"},{"taxonomy":"product_tag","embeddable":true,"href":"https:\/\/roveyayinevi.com.tr\/index.php\/wp-json\/wp\/v2\/product_tag?post=723706"}],"curies":[{"name":"wp","href":"https:\/\/api.w.org\/{rel}","templated":true}]}}