{"id":723705,"date":"2025-08-27T19:23:18","date_gmt":"2025-08-27T16:23:18","guid":{"rendered":"https:\/\/roveyayinevi.com.tr\/index.php\/urun\/kayip-kedi-ilani\/"},"modified":"2026-04-16T02:31:47","modified_gmt":"2026-04-15T23:31:47","slug":"kayip-kedi-ilani","status":"publish","type":"product","link":"https:\/\/roveyayinevi.com.tr\/index.php\/urun\/kayip-kedi-ilani\/","title":{"rendered":"Kay\u0131p Kedi \u0130lan\u0131"},"content":{"rendered":"<p>\u201cOrada!\u201d Anneannesi \u015eayeste Sultan\u2019\u0131n s\u00fcrekli g\u00f6sterdi\u011fi k\u00f6\u015fede, ger\u00e7ekten de ortaya \u00e7\u0131kmay\u0131 bekleyen bir s\u0131r m\u0131 vard\u0131?    Yeleser Kasabas\u0131\u2019n\u0131n duvarlar\u0131na as\u0131lm\u0131\u015f gizemli ilan\u0131n pe\u015fine d\u00fc\u015fen on d\u00f6rt ya\u015f\u0131ndaki Ulutay, kay\u0131p bir kediden \u00e7ok daha fazlas\u0131n\u0131 bulaca\u011f\u0131ndan habersizdi. Her \u015feyi unutan anneannesinin garip s\u00f6zleri, \u0130stasyon Sokak\u2019taki evin eski sahiplerinin d\u00f6n\u00fc\u015f\u00fc ve bodrum kat\u0131 k\u0131r\u0131k oyuncaklarla dolu kul\u00fcbenin f\u0131s\u0131lt\u0131lar\u0131yla, Ulutay\u2019\u0131n bu k\u00fc\u00e7\u00fck kasabadaki hayat\u0131 tamamen de\u011fi\u015fecekti.    Kay\u0131p Kedi \u0130lan\u0131, 1948 ile 2006\u2019y\u0131 ba\u011flayan duygusal kurgusuyla okurlar\u0131n\u0131 siyah-beyaz film tad\u0131nda bir yolculu\u011fa \u00e7\u0131kar\u0131yor. <\/p>\n","protected":false},"excerpt":{"rendered":"<p>\u201cOrada!\u201d Anneannesi \u015eayeste Sultan\u2019\u0131n s\u00fcrekli g\u00f6sterdi\u011fi k\u00f6\u015fede, ger\u00e7ekten de ortaya \u00e7\u0131kmay\u0131 bekleyen bir s\u0131r m\u0131 vard\u0131? Yeleser Kasabas\u0131\u2019n\u0131n duvarlar\u0131na as\u0131lm\u0131\u015f gizemli ilan\u0131n pe\u015fine d\u00fc\u015fen on d\u00f6rt<span class=\"excerpt-hellip\"> [\u2026]<\/span><\/p>\n","protected":false},"featured_media":0,"template":"","meta":{"_monsterinsights_skip_tracking":false,"_monsterinsights_sitenote_active":false,"_monsterinsights_sitenote_note":"","_monsterinsights_sitenote_category":0},"product_brand":[],"product_cat":[12291,12711],"product_tag":[],"class_list":{"0":"post-723705","1":"product","2":"type-product","3":"status-publish","5":"product_cat-edebiyat","6":"product_cat-roman-oyku","7":"pa_cilt-ciltsiz","8":"pa_tur-kitap","9":"pa_yayinevi-ithaki-yayinlari","10":"pa_yazar-hanzade-servi","12":"first","13":"instock","14":"sale","15":"shipping-taxable","16":"purchasable","17":"product-type-simple"},"_links":{"self":[{"href":"https:\/\/roveyayinevi.com.tr\/index.php\/wp-json\/wp\/v2\/product\/723705","targetHints":{"allow":["GET"]}}],"collection":[{"href":"https:\/\/roveyayinevi.com.tr\/index.php\/wp-json\/wp\/v2\/product"}],"about":[{"href":"https:\/\/roveyayinevi.com.tr\/index.php\/wp-json\/wp\/v2\/types\/product"}],"wp:attachment":[{"href":"https:\/\/roveyayinevi.com.tr\/index.php\/wp-json\/wp\/v2\/media?parent=723705"}],"wp:term":[{"taxonomy":"product_brand","embeddable":true,"href":"https:\/\/roveyayinevi.com.tr\/index.php\/wp-json\/wp\/v2\/product_brand?post=723705"},{"taxonomy":"product_cat","embeddable":true,"href":"https:\/\/roveyayinevi.com.tr\/index.php\/wp-json\/wp\/v2\/product_cat?post=723705"},{"taxonomy":"product_tag","embeddable":true,"href":"https:\/\/roveyayinevi.com.tr\/index.php\/wp-json\/wp\/v2\/product_tag?post=723705"}],"curies":[{"name":"wp","href":"https:\/\/api.w.org\/{rel}","templated":true}]}}