{"id":723703,"date":"2025-08-27T19:23:16","date_gmt":"2025-08-27T16:23:16","guid":{"rendered":"https:\/\/roveyayinevi.com.tr\/index.php\/urun\/ay-polisi-ciltli\/"},"modified":"2026-04-16T02:31:47","modified_gmt":"2026-04-15T23:31:47","slug":"ay-polisi-ciltli","status":"publish","type":"product","link":"https:\/\/roveyayinevi.com.tr\/index.php\/urun\/ay-polisi-ciltli\/","title":{"rendered":"Ay Polisi (Ciltli)"},"content":{"rendered":"<p>\u201cAy\u2019da ya\u015famak&#8230; Akl\u0131m\u0131zdan ne ge\u00e7iyordu ki? \u015eimdi d\u00fc\u015f\u00fcn\u00fcnce aptalca geliyor.\u201d   Ay\u2019daki koloni yava\u015f yava\u015f \u0131ss\u0131zla\u015f\u0131yordu. Kahraman\u0131m\u0131z Ay Polisi g\u00fcnl\u00fck rutinini s\u00fcrd\u00fcr\u00fcyordu ama kolonideki insanlar Ay\u2019dan ayr\u0131l\u0131p D\u00fcnya\u2019ya d\u00f6nd\u00fck\u00e7e ilgilenmesi gereken vakalar da gittik\u00e7e azal\u0131yordu; ka\u00e7ak bir k\u0131z, k\u00f6pe\u011fini kaybeden ya\u015fl\u0131 bir kad\u0131n, Ay M\u00fczesi\u2019nden \u00e7\u0131k\u0131p yolunu kaybeden bir otomat\u2026    Kendine has, ger\u00e7ek\u00e7i \u00e7izimleriyle Tom Gauld e\u011flenceli ve olduk\u00e7a melankolik bir \u00f6yk\u00fc anlat\u0131yor. Ay Polisi, insan\u0131n \u00f6z\u00fcn\u00fc ba\u015far\u0131l\u0131 bir \u015fekilde yakalay\u0131p ge\u00e7mi\u015fi, \u015fimdiyi ve gelece\u011fi tek bir hik\u00e2yede birle\u015ftiriyor.    \u201cM\u00fckemmel yaz\u0131lm\u0131\u015f, bir s\u00fcre ak\u0131ldan \u00e7\u0131kmayacak melankolik bir \u00e7izgi roman.\u201d \u2013Nnedi Okorafor   \u201cH\u00fcz\u00fcnl\u00fc bir komedi.\u201d \u2013The New York Times    \u201cHaval\u0131, sade ve e\u011flenceli\u2026 Sanki Jim Jarmusch, Ay\u2019da ge\u00e7en bir film \u00e7ekmi\u015f de onu izliyorsunuz gibi.\u201d \u2013The Publishers Weekly   \u201cEn iyi bilimkurgu \u00e7izgi romanlar\u0131ndan biri.\u201d \u2013BLASTR <\/p>\n","protected":false},"excerpt":{"rendered":"<p>\u201cAy\u2019da ya\u015famak&#8230; Akl\u0131m\u0131zdan ne ge\u00e7iyordu ki? \u015eimdi d\u00fc\u015f\u00fcn\u00fcnce aptalca geliyor.\u201d Ay\u2019daki koloni yava\u015f yava\u015f \u0131ss\u0131zla\u015f\u0131yordu. Kahraman\u0131m\u0131z Ay Polisi g\u00fcnl\u00fck rutinini s\u00fcrd\u00fcr\u00fcyordu ama kolonideki insanlar Ay\u2019dan ayr\u0131l\u0131p<span class=\"excerpt-hellip\"> [\u2026]<\/span><\/p>\n","protected":false},"featured_media":0,"template":"","meta":{"_monsterinsights_skip_tracking":false,"_monsterinsights_sitenote_active":false,"_monsterinsights_sitenote_note":"","_monsterinsights_sitenote_category":0},"product_brand":[],"product_cat":[12416,12291],"product_tag":[],"class_list":{"0":"post-723703","1":"product","2":"type-product","3":"status-publish","5":"product_cat-cizgi-roman","6":"product_cat-edebiyat","7":"pa_cilt-ciltli","8":"pa_tur-kitap","9":"pa_yayinevi-ithaki-yayinlari","10":"pa_yazar-tom-gauld","12":"first","13":"instock","14":"sale","15":"shipping-taxable","16":"purchasable","17":"product-type-simple"},"_links":{"self":[{"href":"https:\/\/roveyayinevi.com.tr\/index.php\/wp-json\/wp\/v2\/product\/723703","targetHints":{"allow":["GET"]}}],"collection":[{"href":"https:\/\/roveyayinevi.com.tr\/index.php\/wp-json\/wp\/v2\/product"}],"about":[{"href":"https:\/\/roveyayinevi.com.tr\/index.php\/wp-json\/wp\/v2\/types\/product"}],"wp:attachment":[{"href":"https:\/\/roveyayinevi.com.tr\/index.php\/wp-json\/wp\/v2\/media?parent=723703"}],"wp:term":[{"taxonomy":"product_brand","embeddable":true,"href":"https:\/\/roveyayinevi.com.tr\/index.php\/wp-json\/wp\/v2\/product_brand?post=723703"},{"taxonomy":"product_cat","embeddable":true,"href":"https:\/\/roveyayinevi.com.tr\/index.php\/wp-json\/wp\/v2\/product_cat?post=723703"},{"taxonomy":"product_tag","embeddable":true,"href":"https:\/\/roveyayinevi.com.tr\/index.php\/wp-json\/wp\/v2\/product_tag?post=723703"}],"curies":[{"name":"wp","href":"https:\/\/api.w.org\/{rel}","templated":true}]}}