{"id":723702,"date":"2025-08-27T19:23:15","date_gmt":"2025-08-27T16:23:15","guid":{"rendered":"https:\/\/roveyayinevi.com.tr\/index.php\/urun\/sokratesiin-olumu\/"},"modified":"2026-04-16T02:31:47","modified_gmt":"2026-04-15T23:31:47","slug":"sokratesiin-olumu","status":"publish","type":"product","link":"https:\/\/roveyayinevi.com.tr\/index.php\/urun\/sokratesiin-olumu\/","title":{"rendered":"Sokratesi&#8217;in \u00d6l\u00fcm\u00fc"},"content":{"rendered":"<p>Sokrates\u2019in \u00d6l\u00fcm\u00fc, Sokrates\u2019e ili\u015fkin g\u00f6r\u00fc\u015flerin tarihsel gelgitlerini a\u00e7\u0131k\u00e7a g\u00f6sterir. Bat\u0131 entelekt\u00fcel ve sanatsal geleneklerinde Sokrates\u2019in rol\u00fcn\u00fc anlamak i\u00e7in \u00f6nemli bir kaynakt\u0131r. Dahas\u0131, farkl\u0131 Sokrates fig\u00fcrlerinin g\u00f6sterdi\u011fi \u00fczere, Sokrates\u2019in k\u00fclt\u00fcrel tarihteki varl\u0131\u011f\u0131, y\u00fcksek e\u011fitimlilerin metinleriyle ve sanatlar\u0131yla s\u0131n\u0131rl\u0131 de\u011fildir ve pop\u00fcler hayal g\u00fcc\u00fcn\u00fcn \u00e7e\u015fitli tezah\u00fcrlerini de kapsar. Her ne kadar kitab\u0131n oda\u011f\u0131nda Sokrates\u2019in \u00f6l\u00fcm\u00fcn\u00fcn al\u0131nmas\u0131 olsa da filozofun ya\u015fam\u0131ndaki \u00f6nemli olaylar ve onun gizemli nitelikleri de tart\u0131\u015f\u0131l\u0131r.<\/p>\n","protected":false},"excerpt":{"rendered":"<p>Sokrates\u2019in \u00d6l\u00fcm\u00fc, Sokrates\u2019e ili\u015fkin g\u00f6r\u00fc\u015flerin tarihsel gelgitlerini a\u00e7\u0131k\u00e7a g\u00f6sterir. Bat\u0131 entelekt\u00fcel ve sanatsal geleneklerinde Sokrates\u2019in rol\u00fcn\u00fc anlamak i\u00e7in \u00f6nemli bir kaynakt\u0131r. Dahas\u0131, farkl\u0131 Sokrates fig\u00fcrlerinin g\u00f6sterdi\u011fi<span class=\"excerpt-hellip\"> [\u2026]<\/span><\/p>\n","protected":false},"featured_media":0,"template":"","meta":{"_monsterinsights_skip_tracking":false,"_monsterinsights_sitenote_active":false,"_monsterinsights_sitenote_note":"","_monsterinsights_sitenote_category":0},"product_brand":[],"product_cat":[12388,26788],"product_tag":[],"class_list":{"0":"post-723702","1":"product","2":"type-product","3":"status-publish","5":"product_cat-felsefe","6":"product_cat-filozoflar","7":"pa_cilt-ciltsiz","8":"pa_tur-kitap","9":"pa_yayinevi-pinhan-yayincilik","10":"pa_yazar-emily-wilson","12":"first","13":"instock","14":"sale","15":"shipping-taxable","16":"purchasable","17":"product-type-simple"},"_links":{"self":[{"href":"https:\/\/roveyayinevi.com.tr\/index.php\/wp-json\/wp\/v2\/product\/723702","targetHints":{"allow":["GET"]}}],"collection":[{"href":"https:\/\/roveyayinevi.com.tr\/index.php\/wp-json\/wp\/v2\/product"}],"about":[{"href":"https:\/\/roveyayinevi.com.tr\/index.php\/wp-json\/wp\/v2\/types\/product"}],"wp:attachment":[{"href":"https:\/\/roveyayinevi.com.tr\/index.php\/wp-json\/wp\/v2\/media?parent=723702"}],"wp:term":[{"taxonomy":"product_brand","embeddable":true,"href":"https:\/\/roveyayinevi.com.tr\/index.php\/wp-json\/wp\/v2\/product_brand?post=723702"},{"taxonomy":"product_cat","embeddable":true,"href":"https:\/\/roveyayinevi.com.tr\/index.php\/wp-json\/wp\/v2\/product_cat?post=723702"},{"taxonomy":"product_tag","embeddable":true,"href":"https:\/\/roveyayinevi.com.tr\/index.php\/wp-json\/wp\/v2\/product_tag?post=723702"}],"curies":[{"name":"wp","href":"https:\/\/api.w.org\/{rel}","templated":true}]}}