{"id":723701,"date":"2025-08-27T19:23:15","date_gmt":"2025-08-27T16:23:15","guid":{"rendered":"https:\/\/roveyayinevi.com.tr\/index.php\/urun\/karanliga-asik-olmak\/"},"modified":"2026-04-11T13:50:07","modified_gmt":"2026-04-11T10:50:07","slug":"karanliga-asik-olmak","status":"publish","type":"product","link":"https:\/\/roveyayinevi.com.tr\/index.php\/urun\/karanliga-asik-olmak\/","title":{"rendered":"Karanl\u0131\u011fa A\u015f\u0131k Olmak"},"content":{"rendered":"<p>Karanl\u0131ktan korkuyoruz. Karanl\u0131k, kontrol edemedi\u011fimiz \u00e7ok \u015fey bar\u0131nd\u0131r\u0131yor. Karanl\u0131ktan korkuyoruz \u00e7u\u0308nku\u0308 asl\u0131nda yaln\u0131z kalmaktan korkuyoruz. Bu korkudan ka\u00e7mak i\u00e7in du\u0308nyay\u0131, yuvam\u0131z\u0131 \u0131\u015f\u0131klar ile kirlettik. Gezegenimizin, \u015fehirlerimizin, evlerimizin her k\u00f6\u015fesindeki \u00e7e\u015fitli \u0131\u015f\u0131klar\u0131n istilalar\u0131 alt\u0131nday\u0131z.Karanl\u0131\u011fa A\u015f\u0131k Olmak, Osho\u2019nun bizi spiritu\u0308el ve psikolojik ba\u011flamda karanl\u0131kla temasa ge\u00e7irme giri\u015fimidir. Karanl\u0131k son derece yararl\u0131d\u0131r \u00e7u\u0308nku\u0308 huzurludur, sessizdir. Karanl\u0131k \u0131\u015f\u0131k doludur; bu, farkl\u0131 tu\u0308rde bir \u0131\u015f\u0131kt\u0131r. Bu yu\u0308zden ilk ba\u015fta onu karanl\u0131k gibi hissedersin ama derinlerine indik\u00e7e, yava\u015f yava\u015f daha \u00f6nce bilmedi\u011fin farkl\u0131 bir tu\u0308r \u0131\u015f\u0131k haline gelmeye ba\u015flar.Yak\u0131ta ihtiya\u00e7 duyan \u0131\u015f\u0131klar\u0131 biliyorsun, gu\u0308n\u0131\u015f\u0131\u011f\u0131 bile yak\u0131ta ihtiya\u00e7 duyar. Her ge\u00e7en gu\u0308n gu\u0308ne\u015fin yak\u0131t\u0131 tu\u0308keniyor ve bilim insanlar\u0131 gu\u0308ne\u015fin en fazla birka\u00e7 milyon y\u0131l daha \u0131\u015f\u0131yabilece\u011fini s\u00f6ylu\u0308yor. Sonra bir gu\u0308n aniden \u0131\u015f\u0131\u011f\u0131n\u0131 kaybedecek ve her yere karanl\u0131k \u00e7\u00f6kecek. Her gu\u0308n kararan y\u0131ld\u0131zlar var, senin gu\u0308ne\u015finden daha bu\u0308yu\u0308k y\u0131ld\u0131zlar. Senin gu\u0308ne\u015finden \u00e7ok daha uzun su\u0308redir ya\u015fad\u0131klar\u0131 i\u00e7in yak\u0131tlar\u0131 tu\u0308kendi. D\u0131\u015far\u0131da, tu\u0308m \u0131\u015f\u0131k yak\u0131ta ba\u011fl\u0131, i\u00e7eride ise tamamen ba\u015fka bir tu\u0308rde bir \u0131\u015f\u0131k var ve onun yak\u0131ta ihtiyac\u0131 yok. Sonsuz olmas\u0131n\u0131n sebebi de bu, i\u00e7erideki \u0131\u015f\u0131k asla tu\u0308kenmez.<\/p>\n","protected":false},"excerpt":{"rendered":"<p>Karanl\u0131ktan korkuyoruz. Karanl\u0131k, kontrol edemedi\u011fimiz \u00e7ok \u015fey bar\u0131nd\u0131r\u0131yor. Karanl\u0131ktan korkuyoruz \u00e7u\u0308nku\u0308 asl\u0131nda yaln\u0131z kalmaktan korkuyoruz. Bu korkudan ka\u00e7mak i\u00e7in du\u0308nyay\u0131, yuvam\u0131z\u0131 \u0131\u015f\u0131klar ile kirlettik. Gezegenimizin, \u015fehirlerimizin,<span class=\"excerpt-hellip\"> [\u2026]<\/span><\/p>\n","protected":false},"featured_media":0,"template":"","meta":{"_monsterinsights_skip_tracking":false,"_monsterinsights_sitenote_active":false,"_monsterinsights_sitenote_note":"","_monsterinsights_sitenote_category":0},"product_brand":[],"product_cat":[12364,12376],"product_tag":[],"class_list":{"0":"post-723701","1":"product","2":"type-product","3":"status-publish","5":"product_cat-genel-konular","6":"product_cat-kisisel-gelisim","7":"pa_cilt-ciltsiz","8":"pa_tur-kitap","9":"pa_yayinevi-omega","10":"pa_yazar-osho-bhagwan-shree-rajneesh","12":"first","13":"instock","14":"sale","15":"shipping-taxable","16":"purchasable","17":"product-type-simple"},"_links":{"self":[{"href":"https:\/\/roveyayinevi.com.tr\/index.php\/wp-json\/wp\/v2\/product\/723701","targetHints":{"allow":["GET"]}}],"collection":[{"href":"https:\/\/roveyayinevi.com.tr\/index.php\/wp-json\/wp\/v2\/product"}],"about":[{"href":"https:\/\/roveyayinevi.com.tr\/index.php\/wp-json\/wp\/v2\/types\/product"}],"wp:attachment":[{"href":"https:\/\/roveyayinevi.com.tr\/index.php\/wp-json\/wp\/v2\/media?parent=723701"}],"wp:term":[{"taxonomy":"product_brand","embeddable":true,"href":"https:\/\/roveyayinevi.com.tr\/index.php\/wp-json\/wp\/v2\/product_brand?post=723701"},{"taxonomy":"product_cat","embeddable":true,"href":"https:\/\/roveyayinevi.com.tr\/index.php\/wp-json\/wp\/v2\/product_cat?post=723701"},{"taxonomy":"product_tag","embeddable":true,"href":"https:\/\/roveyayinevi.com.tr\/index.php\/wp-json\/wp\/v2\/product_tag?post=723701"}],"curies":[{"name":"wp","href":"https:\/\/api.w.org\/{rel}","templated":true}]}}