{"id":723700,"date":"2025-08-27T19:23:14","date_gmt":"2025-08-27T16:23:14","guid":{"rendered":"https:\/\/roveyayinevi.com.tr\/index.php\/urun\/kod-adi-cicero\/"},"modified":"2026-04-16T02:31:47","modified_gmt":"2026-04-15T23:31:47","slug":"kod-adi-cicero","status":"publish","type":"product","link":"https:\/\/roveyayinevi.com.tr\/index.php\/urun\/kod-adi-cicero\/","title":{"rendered":"Kod Ad\u0131 \u00c7i\u00e7ero"},"content":{"rendered":"<p>Y\u0131l 1943; \u0130kinci Du\u0308nya Sava\u015f\u0131\u2019n\u0131n tu\u0308m taraflar\u0131 i\u00e7in en \u015fiddetli ve entrika dolu d\u00f6nemi: Almanya\u2019da Naziler soyk\u0131r\u0131ma devam ediyor, \u0130ngiltere Ege a\u00e7\u0131klar\u0131nda tehlikeli bir oyun oynuyor ve Tu\u0308rkiye iki taraf\u0131n bask\u0131lar\u0131na kar\u015f\u0131 tarafs\u0131z kalmaya \u00e7al\u0131\u015f\u0131rken kendi sava\u015f\u0131n\u0131 veriyor.\u0130\u015fte b\u00f6ylesi karma\u015f\u0131k bir d\u00f6nemde kimsenin tahmin edemeyece\u011fi bir casus \u00e7al\u0131\u015fmaya ba\u015fl\u0131yor: Arnavut as\u0131ll\u0131 bir Tu\u0308rk olan Elyasa (\u0130lyas) Bazna, u\u015fak olarak \u00e7al\u0131\u015ft\u0131\u011f\u0131 \u0130ngiliz bu\u0308yu\u0308kel\u00e7ili\u011findeki konumunu kullanarak elde etti\u011fi belgeleri Almanlara sat\u0131yor. Ankara-Berlin aras\u0131nda d\u00f6rt ay boyunca devam eden bu casusluk oyunu, sonunda Bazna\u2019n\u0131n en derin k\u00e2buslar\u0131nda g\u00f6remeyece\u011fi kadar bu\u0308yu\u0308k bir hayal k\u0131r\u0131kl\u0131\u011f\u0131yla sonlan\u0131yor. Kod Ad\u0131 \u00c7i\u00e7ero \u0130ngilizlere duydu\u011fu nefretle yola \u00e7\u0131kan h\u0131rsl\u0131 bir adam\u0131n, sava\u015f\u0131n kaderini de\u011fi\u015ftiren bir casusa d\u00f6nu\u0308\u015fmesinin tarihi kan\u0131tlara dayanan ilgin\u00e7 ve heyecanl\u0131 hikayesi.<\/p>\n","protected":false},"excerpt":{"rendered":"<p>Y\u0131l 1943; \u0130kinci Du\u0308nya Sava\u015f\u0131\u2019n\u0131n tu\u0308m taraflar\u0131 i\u00e7in en \u015fiddetli ve entrika dolu d\u00f6nemi: Almanya\u2019da Naziler soyk\u0131r\u0131ma devam ediyor, \u0130ngiltere Ege a\u00e7\u0131klar\u0131nda tehlikeli bir oyun oynuyor<span class=\"excerpt-hellip\"> [\u2026]<\/span><\/p>\n","protected":false},"featured_media":0,"template":"","meta":{"_monsterinsights_skip_tracking":false,"_monsterinsights_sitenote_active":false,"_monsterinsights_sitenote_note":"","_monsterinsights_sitenote_category":0},"product_brand":[],"product_cat":[12305,12304],"product_tag":[],"class_list":{"0":"post-723700","1":"product","2":"type-product","3":"status-publish","5":"product_cat-dunya-tarihi","6":"product_cat-tarih","7":"pa_cilt-ciltsiz","8":"pa_tur-kitap","9":"pa_yayinevi-say-yayinlari","10":"pa_yazar-richard-wires","12":"first","13":"instock","14":"sale","15":"shipping-taxable","16":"purchasable","17":"product-type-simple"},"_links":{"self":[{"href":"https:\/\/roveyayinevi.com.tr\/index.php\/wp-json\/wp\/v2\/product\/723700","targetHints":{"allow":["GET"]}}],"collection":[{"href":"https:\/\/roveyayinevi.com.tr\/index.php\/wp-json\/wp\/v2\/product"}],"about":[{"href":"https:\/\/roveyayinevi.com.tr\/index.php\/wp-json\/wp\/v2\/types\/product"}],"wp:attachment":[{"href":"https:\/\/roveyayinevi.com.tr\/index.php\/wp-json\/wp\/v2\/media?parent=723700"}],"wp:term":[{"taxonomy":"product_brand","embeddable":true,"href":"https:\/\/roveyayinevi.com.tr\/index.php\/wp-json\/wp\/v2\/product_brand?post=723700"},{"taxonomy":"product_cat","embeddable":true,"href":"https:\/\/roveyayinevi.com.tr\/index.php\/wp-json\/wp\/v2\/product_cat?post=723700"},{"taxonomy":"product_tag","embeddable":true,"href":"https:\/\/roveyayinevi.com.tr\/index.php\/wp-json\/wp\/v2\/product_tag?post=723700"}],"curies":[{"name":"wp","href":"https:\/\/api.w.org\/{rel}","templated":true}]}}