{"id":723693,"date":"2025-08-27T19:23:08","date_gmt":"2025-08-27T16:23:08","guid":{"rendered":"https:\/\/roveyayinevi.com.tr\/index.php\/urun\/dinin-elestirisi\/"},"modified":"2026-04-16T02:31:46","modified_gmt":"2026-04-15T23:31:46","slug":"dinin-elestirisi","status":"publish","type":"product","link":"https:\/\/roveyayinevi.com.tr\/index.php\/urun\/dinin-elestirisi\/","title":{"rendered":"Dinin Ele\u015ftirisi"},"content":{"rendered":"<p>Cennetin Ele\u015ftirisi\u2019nin sonunda materyalist teoloji olarak adland\u0131r\u0131labilecek olan \u015fey i\u00e7in yol haritas\u0131 belirlemekte oldu\u011fuma i\u015faret etmi\u015ftim, ama \u015fu g\u00fcnlerde epey dile d\u00fc\u015ft\u00fc\u011f\u00fc i\u00e7in bu adland\u0131rmay\u0131 kullanmakta teredd\u00fct ediyorum. Art\u0131k be\u015f ciltlik bir diziyi bulmu\u015f olan (ve toplu olarak Cennetin ve D\u00fcnyan\u0131n Ele\u015ftirisi ba\u015fl\u0131\u011f\u0131n\u0131 ta\u015f\u0131yan) bu \u00e7al\u0131\u015fmada yapt\u0131\u011f\u0131m \u015fey ise bu t\u00fcrl\u00fc t\u00fcrl\u00fc Marksist ele\u015ftirmenden ald\u0131\u011f\u0131m \u00e7e\u015fitli a\u00e7\u0131l\u0131mlar\u0131 derlemek. Bu bir miktar \u00e7e\u015fitli tala\u015f par\u00e7alar\u0131 toplay\u0131p sonra bunlardan ne yap\u0131labilece\u011fini g\u00f6rmek i\u00e7in boyut ve bi\u00e7im \u00fczerine kafa yormaya benziyor. Ya da metaforu de\u011fi\u015ftirmek gerekirse: bu a\u00e7\u0131l\u0131mlar\u0131 \u00e7antama koyduktan sonra sessiz bir noktaya oturacak, bunlar\u0131 \u00e7imlerin \u00fczerine serecek, yeniden d\u00fczenleyecek, ba\u011flant\u0131lar\u0131 ara\u015ft\u0131racak ve bunlardan mant\u0131kl\u0131 bir sistem \u00e7\u0131k\u0131yor mu diye bakaca\u011f\u0131m, tabi \u201csistem\u201d biraz iddial\u0131 olabilir. Bu Marksizm ile teolojinin kesi\u015fiminde bulunan bir d\u00fc\u015f\u00fcnme tarz\u0131 ya da daha ziyade, ancak teolojiyle i\u015ftigal eden bu Marksistlerin eserlerine b\u00fcsb\u00fct\u00fcn kendimi kapt\u0131r\u0131rsam ger\u00e7ekle\u015ftirebilece\u011fim bir g\u00f6rev. B\u00fcy\u00fck dinlerin ekonomik, sosyal ve ideolojik tarihlerinin Marksist ilhaml\u0131 yeniden in\u015falar\u0131 birer bitmemi\u015f projedir.<\/p>\n","protected":false},"excerpt":{"rendered":"<p>Cennetin Ele\u015ftirisi\u2019nin sonunda materyalist teoloji olarak adland\u0131r\u0131labilecek olan \u015fey i\u00e7in yol haritas\u0131 belirlemekte oldu\u011fuma i\u015faret etmi\u015ftim, ama \u015fu g\u00fcnlerde epey dile d\u00fc\u015ft\u00fc\u011f\u00fc i\u00e7in bu adland\u0131rmay\u0131 kullanmakta<span class=\"excerpt-hellip\"> [\u2026]<\/span><\/p>\n","protected":false},"featured_media":0,"template":"","meta":{"_monsterinsights_skip_tracking":false,"_monsterinsights_sitenote_active":false,"_monsterinsights_sitenote_note":"","_monsterinsights_sitenote_category":0},"product_brand":[],"product_cat":[19998,12388],"product_tag":[],"class_list":{"0":"post-723693","1":"product","2":"type-product","3":"status-publish","5":"product_cat-din-felsefesi","6":"product_cat-felsefe","7":"pa_cilt-ciltsiz","8":"pa_tur-kitap","9":"pa_yayinevi-ayrinti-yayinlari","10":"pa_yazar-roland-boer","12":"first","13":"instock","14":"sale","15":"shipping-taxable","16":"purchasable","17":"product-type-simple"},"_links":{"self":[{"href":"https:\/\/roveyayinevi.com.tr\/index.php\/wp-json\/wp\/v2\/product\/723693","targetHints":{"allow":["GET"]}}],"collection":[{"href":"https:\/\/roveyayinevi.com.tr\/index.php\/wp-json\/wp\/v2\/product"}],"about":[{"href":"https:\/\/roveyayinevi.com.tr\/index.php\/wp-json\/wp\/v2\/types\/product"}],"wp:attachment":[{"href":"https:\/\/roveyayinevi.com.tr\/index.php\/wp-json\/wp\/v2\/media?parent=723693"}],"wp:term":[{"taxonomy":"product_brand","embeddable":true,"href":"https:\/\/roveyayinevi.com.tr\/index.php\/wp-json\/wp\/v2\/product_brand?post=723693"},{"taxonomy":"product_cat","embeddable":true,"href":"https:\/\/roveyayinevi.com.tr\/index.php\/wp-json\/wp\/v2\/product_cat?post=723693"},{"taxonomy":"product_tag","embeddable":true,"href":"https:\/\/roveyayinevi.com.tr\/index.php\/wp-json\/wp\/v2\/product_tag?post=723693"}],"curies":[{"name":"wp","href":"https:\/\/api.w.org\/{rel}","templated":true}]}}