{"id":723692,"date":"2025-08-27T19:23:07","date_gmt":"2025-08-27T16:23:07","guid":{"rendered":"https:\/\/roveyayinevi.com.tr\/index.php\/urun\/takimyildizi\/"},"modified":"2026-04-16T02:31:46","modified_gmt":"2026-04-15T23:31:46","slug":"takimyildizi","status":"publish","type":"product","link":"https:\/\/roveyayinevi.com.tr\/index.php\/urun\/takimyildizi\/","title":{"rendered":"Tak\u0131my\u0131ld\u0131z\u0131"},"content":{"rendered":"<p>\u201c&#8230;Dolab\u0131n, t\u00fcr\u00fc tehlikede olan bir a\u011fa\u00e7tan yap\u0131ld\u0131\u011f\u0131n\u0131 s\u00f6ylemi\u015fti sana ve sen ona \u015fu sa\u00e7mal\u0131\u011f\u0131 kesmesini s\u00f6ylemi\u015ftin. Sa\u00e7mal\u0131k, ona s\u00f6yledi\u011fin son kelime miydi? Bekleyemedin, halat\u0131 kendin kesip indirdin onu bir mutfak b\u0131\u00e7a\u011f\u0131yla. B\u0131\u00e7ak \u00f6yle k\u00f6r, o\u011flun \u00f6yle \u00f6l\u00fcyd\u00fc ki inanamam\u0131\u015ft\u0131n, kocan onun g\u00f6\u011fs\u00fcne bast\u0131r\u0131yor, sonra telefonun tu\u015flar\u0131na bas\u0131yordu, sen onun \u00f6l\u00fc dudaklar\u0131na nefesini veriyordun ve tek istedi\u011fin nefesini \u00e7eke \u00e7eke onu i\u00e7ine geri almak, etraf\u0131n\u0131 derinle sarmak, yeniden, en ba\u015ftan ba\u015flamak, bu sonsuza kadar s\u00fcrecekmi\u015f gibi duran sondan kurtulmakt\u0131. Ve i\u015fte \u015fimdi burada o\u011flun. E\u011fimli parka g\u00f6m\u00fclm\u00fc\u015f, sessiz; bisiklete binen biri var; iki anne, bisiklet tekerlekli son teknoloji bebek arabalar\u0131n\u0131n arkas\u0131nda y\u00fcr\u00fcyor, i\u00e7lerinde bebekler uyuyor, \u2013senin bebe\u011fin nerede?\u2013 annelerin bacaklar\u0131 ince ve y\u00fcnl\u00fc kuma\u015fla sar\u0131l\u0131. Sikti\u011fimin ezik hormon torbalar\u0131 gelmi\u015f mezarlar\u0131n aras\u0131nda y\u00fcr\u00fcyor, ke\u015fke, ke\u015fke bu \u00e7irkin d\u00fcnyay\u0131 komple sikip atabilsen&#8230;\u201d   Bir pazartesi sabah\u0131 on yedi ya\u015f\u0131ndaki Patrick Furey\u2019nin intihar haberi okudu\u011fu okulun yalandan, yarg\u0131lamalardan, s\u0131rlardan ve a\u015fa\u011f\u0131lamalardan \u00f6r\u00fcl\u00fc duvarlar\u0131 aras\u0131nda kulaktan kula\u011fa yay\u0131l\u0131r ve dokundu\u011fu herkesi bir i\u00e7 hesapla\u015fmaya s\u00fcr\u00fckler. Ta ki tek boynuzlu atlar g\u00f6kten bir l\u00fctuf gibi inene kadar&#8230; <\/p>\n","protected":false},"excerpt":{"rendered":"<p>\u201c&#8230;Dolab\u0131n, t\u00fcr\u00fc tehlikede olan bir a\u011fa\u00e7tan yap\u0131ld\u0131\u011f\u0131n\u0131 s\u00f6ylemi\u015fti sana ve sen ona \u015fu sa\u00e7mal\u0131\u011f\u0131 kesmesini s\u00f6ylemi\u015ftin. Sa\u00e7mal\u0131k, ona s\u00f6yledi\u011fin son kelime miydi? Bekleyemedin, halat\u0131 kendin kesip<span class=\"excerpt-hellip\"> [\u2026]<\/span><\/p>\n","protected":false},"featured_media":0,"template":"","meta":{"_monsterinsights_skip_tracking":false,"_monsterinsights_sitenote_active":false,"_monsterinsights_sitenote_note":"","_monsterinsights_sitenote_category":0},"product_brand":[],"product_cat":[12291,12711],"product_tag":[],"class_list":{"0":"post-723692","1":"product","2":"type-product","3":"status-publish","5":"product_cat-edebiyat","6":"product_cat-roman-oyku","7":"pa_cilt-ciltsiz","8":"pa_tur-kitap","9":"pa_yayinevi-ayrinti-yayinlari","10":"pa_yazar-suzette-mayr","12":"first","13":"instock","14":"sale","15":"shipping-taxable","16":"purchasable","17":"product-type-simple"},"_links":{"self":[{"href":"https:\/\/roveyayinevi.com.tr\/index.php\/wp-json\/wp\/v2\/product\/723692","targetHints":{"allow":["GET"]}}],"collection":[{"href":"https:\/\/roveyayinevi.com.tr\/index.php\/wp-json\/wp\/v2\/product"}],"about":[{"href":"https:\/\/roveyayinevi.com.tr\/index.php\/wp-json\/wp\/v2\/types\/product"}],"wp:attachment":[{"href":"https:\/\/roveyayinevi.com.tr\/index.php\/wp-json\/wp\/v2\/media?parent=723692"}],"wp:term":[{"taxonomy":"product_brand","embeddable":true,"href":"https:\/\/roveyayinevi.com.tr\/index.php\/wp-json\/wp\/v2\/product_brand?post=723692"},{"taxonomy":"product_cat","embeddable":true,"href":"https:\/\/roveyayinevi.com.tr\/index.php\/wp-json\/wp\/v2\/product_cat?post=723692"},{"taxonomy":"product_tag","embeddable":true,"href":"https:\/\/roveyayinevi.com.tr\/index.php\/wp-json\/wp\/v2\/product_tag?post=723692"}],"curies":[{"name":"wp","href":"https:\/\/api.w.org\/{rel}","templated":true}]}}