{"id":723691,"date":"2025-08-27T19:23:06","date_gmt":"2025-08-27T16:23:06","guid":{"rendered":"https:\/\/roveyayinevi.com.tr\/index.php\/urun\/rus-masallari\/"},"modified":"2026-04-16T02:31:46","modified_gmt":"2026-04-15T23:31:46","slug":"rus-masallari","status":"publish","type":"product","link":"https:\/\/roveyayinevi.com.tr\/index.php\/urun\/rus-masallari\/","title":{"rendered":"Rus Masallar\u0131"},"content":{"rendered":"<p>Rus k\u00fclt\u00fcr\u00fc, so\u011fuk havas\u0131, \u00e7ar ve \u00e7ari\u00e7eleri, yi\u011fit kahramanlar\u0131, g\u00fczel prensesleri, fakir k\u00f6yl\u00fcleri ve zengin t\u00fcccarlar\u0131yla Rus Masallar\u0131\u2019nda canlan\u0131yor!D\u00fcr\u00fcst insanlar\u0131n ba\u015f\u0131na hep iyi \u015feyler mi gelir? K\u00f6t\u00fcler her zaman cezas\u0131n\u0131 bulur mu? Peki, bir turna ku\u015funun hayat\u0131n\u0131 ba\u011f\u0131\u015flamak size neler kazand\u0131r\u0131r? Ya da hayat\u0131n\u0131z\u0131n a\u015fk\u0131 hangi uzak diyardad\u0131r ve onun i\u00e7in hangi da\u011flar\u0131, denizleri, karl\u0131 vadileri a\u015fman\u0131z gerekir? Masallar bir halk\u0131n k\u00fclt\u00fcr\u00fcn\u00fc \u00f6\u011frenmek, nelerin takdir edildi\u011fini nelerin ay\u0131pland\u0131\u011f\u0131n\u0131, kimin g\u00fc\u00e7l\u00fc kimin g\u00fc\u00e7s\u00fcz oldu\u011funu g\u00f6rmenin belki de en iyi yolu. Rus Masallar\u0131\u2019nda kar\u015f\u0131n\u0131za \u00e7\u0131kacak karakterler hem masallar\u0131n evrenselli\u011fini hem de k\u00fclt\u00fcre dair en \u00f6zel ayr\u0131nt\u0131lar\u0131 bir arada g\u00f6rmenizi sa\u011flayacak.<\/p>\n","protected":false},"excerpt":{"rendered":"<p>Rus k\u00fclt\u00fcr\u00fc, so\u011fuk havas\u0131, \u00e7ar ve \u00e7ari\u00e7eleri, yi\u011fit kahramanlar\u0131, g\u00fczel prensesleri, fakir k\u00f6yl\u00fcleri ve zengin t\u00fcccarlar\u0131yla Rus Masallar\u0131\u2019nda canlan\u0131yor!D\u00fcr\u00fcst insanlar\u0131n ba\u015f\u0131na hep iyi \u015feyler mi gelir?<span class=\"excerpt-hellip\"> [\u2026]<\/span><\/p>\n","protected":false},"featured_media":0,"template":"","meta":{"_monsterinsights_skip_tracking":false,"_monsterinsights_sitenote_active":false,"_monsterinsights_sitenote_note":"","_monsterinsights_sitenote_category":0},"product_brand":[],"product_cat":[12291,13570],"product_tag":[],"class_list":{"0":"post-723691","1":"product","2":"type-product","3":"status-publish","5":"product_cat-edebiyat","6":"product_cat-rus-edebiyati","7":"pa_cilt-ciltsiz","8":"pa_tur-kitap","9":"pa_yayinevi-kara-karga-yayinlari","10":"pa_yazar-robert-nisbet-bain","12":"first","13":"instock","14":"sale","15":"shipping-taxable","16":"purchasable","17":"product-type-simple"},"_links":{"self":[{"href":"https:\/\/roveyayinevi.com.tr\/index.php\/wp-json\/wp\/v2\/product\/723691","targetHints":{"allow":["GET"]}}],"collection":[{"href":"https:\/\/roveyayinevi.com.tr\/index.php\/wp-json\/wp\/v2\/product"}],"about":[{"href":"https:\/\/roveyayinevi.com.tr\/index.php\/wp-json\/wp\/v2\/types\/product"}],"wp:attachment":[{"href":"https:\/\/roveyayinevi.com.tr\/index.php\/wp-json\/wp\/v2\/media?parent=723691"}],"wp:term":[{"taxonomy":"product_brand","embeddable":true,"href":"https:\/\/roveyayinevi.com.tr\/index.php\/wp-json\/wp\/v2\/product_brand?post=723691"},{"taxonomy":"product_cat","embeddable":true,"href":"https:\/\/roveyayinevi.com.tr\/index.php\/wp-json\/wp\/v2\/product_cat?post=723691"},{"taxonomy":"product_tag","embeddable":true,"href":"https:\/\/roveyayinevi.com.tr\/index.php\/wp-json\/wp\/v2\/product_tag?post=723691"}],"curies":[{"name":"wp","href":"https:\/\/api.w.org\/{rel}","templated":true}]}}