{"id":723690,"date":"2025-08-27T19:23:05","date_gmt":"2025-08-27T16:23:05","guid":{"rendered":"https:\/\/roveyayinevi.com.tr\/index.php\/urun\/ortam-4\/"},"modified":"2026-04-16T02:31:46","modified_gmt":"2026-04-15T23:31:46","slug":"ortam-4","status":"publish","type":"product","link":"https:\/\/roveyayinevi.com.tr\/index.php\/urun\/ortam-4\/","title":{"rendered":"Ortam 4"},"content":{"rendered":"<p>En telma\u015fa adam: Ortam, Penguen ve Uykusuz dergilerinin usta \u00e7izeri S\u00f6nmez Karakurt\u2019un yaratt\u0131\u011f\u0131 efsane bir karakter. Ortam, bunal\u0131mlar ve \u00e7aresizlikler d\u00fcnyas\u0131n\u0131n efendisi, g\u00f6rkemli bir kaybeden, ibretlik bir anti kahraman. Her sayfas\u0131 muhte\u015fem tespitlerle ve detaylarla dolu maceralar\u0131 bu seride bir araya geliyor.<\/p>\n","protected":false},"excerpt":{"rendered":"<p>En telma\u015fa adam: Ortam, Penguen ve Uykusuz dergilerinin usta \u00e7izeri S\u00f6nmez Karakurt\u2019un yaratt\u0131\u011f\u0131 efsane bir karakter. Ortam, bunal\u0131mlar ve \u00e7aresizlikler d\u00fcnyas\u0131n\u0131n efendisi, g\u00f6rkemli bir kaybeden, ibretlik<span class=\"excerpt-hellip\"> [\u2026]<\/span><\/p>\n","protected":false},"featured_media":0,"template":"","meta":{"_monsterinsights_skip_tracking":false,"_monsterinsights_sitenote_active":false,"_monsterinsights_sitenote_note":"","_monsterinsights_sitenote_category":0},"product_brand":[],"product_cat":[12416,12291],"product_tag":[],"class_list":{"0":"post-723690","1":"product","2":"type-product","3":"status-publish","5":"product_cat-cizgi-roman","6":"product_cat-edebiyat","7":"pa_cilt-ciltsiz","8":"pa_tur-kitap","9":"pa_yayinevi-kara-karga-yayinlari","10":"pa_yazar-sonmez-karakurt","12":"first","13":"instock","14":"sale","15":"shipping-taxable","16":"purchasable","17":"product-type-simple"},"_links":{"self":[{"href":"https:\/\/roveyayinevi.com.tr\/index.php\/wp-json\/wp\/v2\/product\/723690","targetHints":{"allow":["GET"]}}],"collection":[{"href":"https:\/\/roveyayinevi.com.tr\/index.php\/wp-json\/wp\/v2\/product"}],"about":[{"href":"https:\/\/roveyayinevi.com.tr\/index.php\/wp-json\/wp\/v2\/types\/product"}],"wp:attachment":[{"href":"https:\/\/roveyayinevi.com.tr\/index.php\/wp-json\/wp\/v2\/media?parent=723690"}],"wp:term":[{"taxonomy":"product_brand","embeddable":true,"href":"https:\/\/roveyayinevi.com.tr\/index.php\/wp-json\/wp\/v2\/product_brand?post=723690"},{"taxonomy":"product_cat","embeddable":true,"href":"https:\/\/roveyayinevi.com.tr\/index.php\/wp-json\/wp\/v2\/product_cat?post=723690"},{"taxonomy":"product_tag","embeddable":true,"href":"https:\/\/roveyayinevi.com.tr\/index.php\/wp-json\/wp\/v2\/product_tag?post=723690"}],"curies":[{"name":"wp","href":"https:\/\/api.w.org\/{rel}","templated":true}]}}