{"id":723689,"date":"2025-08-27T19:23:04","date_gmt":"2025-08-27T16:23:04","guid":{"rendered":"https:\/\/roveyayinevi.com.tr\/index.php\/urun\/istanbulun-karanliginda\/"},"modified":"2026-04-16T02:31:46","modified_gmt":"2026-04-15T23:31:46","slug":"istanbulun-karanliginda","status":"publish","type":"product","link":"https:\/\/roveyayinevi.com.tr\/index.php\/urun\/istanbulun-karanliginda\/","title":{"rendered":"\u0130stanbul\u2019un Karanl\u0131\u011f\u0131nda"},"content":{"rendered":"<p>Zeynep \u00c7olako\u011flu ve Orkide \u00dcns\u00fcr\u2019den \u0130stanbul\u2019un karanl\u0131\u011f\u0131nda ge\u00e7en, \u015fehrin ak\u0131l almaz s\u0131rlar\u0131na do\u011fru yol alan gotik \u00f6yk\u00fcler sizi \u0130stanbul\u2019un hi\u00e7 bilmedi\u011finiz gizemlerine uzanan bir yolculu\u011fa \u00e7\u0131karacak.\u0130stanbul\u2019un Karanl\u0131\u011f\u0131nda psikolojik gerilim, gotik, fantastik ve gizem t\u00fcrlerinin i\u00e7 i\u00e7e ge\u00e7ti\u011fi alt\u0131 \u00f6yk\u00fcy\u00fc bir araya getiriyor.Lamia &#8211; Kan Ba\u011f\u0131 kitab\u0131yla b\u00fcy\u00fck bir okur kitlesine ula\u015fan Orkide \u00dcns\u00fcr ve Mina, B\u00fcy\u00fcl\u00fc S\u00f6zl\u00fck kitaplar\u0131yla gotik ve heavy metal\u2019in derin sular\u0131na dalan Zeynep \u00c7olako\u011flu bu kez \u0130stanbul\u2019un karanl\u0131k sular\u0131na, zaman ve mek\u00e2n\u0131 a\u015fan \u00f6yk\u00fclerle dal\u0131yor. Huzursuz hayaletler, gizemli heykeller, garip kom\u015fular, \u00e7\u00f6z\u00fclmesi gereken s\u0131rlar hepsi bu alt\u0131 \u00f6yk\u00fcde bir araya gelerek okuru varl\u0131\u011f\u0131ndan haberdar bile olmad\u0131\u011f\u0131 d\u00fcnyalara bir gezintiye \u00e7\u0131kar\u0131yor. Korku ve gerilim t\u00fcrlerini sevenler i\u00e7in ka\u00e7\u0131r\u0131lmamas\u0131 gereken bir kitap!<\/p>\n","protected":false},"excerpt":{"rendered":"<p>Zeynep \u00c7olako\u011flu ve Orkide \u00dcns\u00fcr\u2019den \u0130stanbul\u2019un karanl\u0131\u011f\u0131nda ge\u00e7en, \u015fehrin ak\u0131l almaz s\u0131rlar\u0131na do\u011fru yol alan gotik \u00f6yk\u00fcler sizi \u0130stanbul\u2019un hi\u00e7 bilmedi\u011finiz gizemlerine uzanan bir yolculu\u011fa \u00e7\u0131karacak.\u0130stanbul\u2019un<span class=\"excerpt-hellip\"> [\u2026]<\/span><\/p>\n","protected":false},"featured_media":0,"template":"","meta":{"_monsterinsights_skip_tracking":false,"_monsterinsights_sitenote_active":false,"_monsterinsights_sitenote_note":"","_monsterinsights_sitenote_category":0},"product_brand":[],"product_cat":[12291,12711],"product_tag":[],"class_list":{"0":"post-723689","1":"product","2":"type-product","3":"status-publish","5":"product_cat-edebiyat","6":"product_cat-roman-oyku","7":"pa_cilt-ciltsiz","8":"pa_tur-kitap","9":"pa_yayinevi-kara-karga-yayinlari","10":"pa_yazar-orkide-unsur-zeynep-colakoglu","12":"first","13":"instock","14":"sale","15":"shipping-taxable","16":"purchasable","17":"product-type-simple"},"_links":{"self":[{"href":"https:\/\/roveyayinevi.com.tr\/index.php\/wp-json\/wp\/v2\/product\/723689","targetHints":{"allow":["GET"]}}],"collection":[{"href":"https:\/\/roveyayinevi.com.tr\/index.php\/wp-json\/wp\/v2\/product"}],"about":[{"href":"https:\/\/roveyayinevi.com.tr\/index.php\/wp-json\/wp\/v2\/types\/product"}],"wp:attachment":[{"href":"https:\/\/roveyayinevi.com.tr\/index.php\/wp-json\/wp\/v2\/media?parent=723689"}],"wp:term":[{"taxonomy":"product_brand","embeddable":true,"href":"https:\/\/roveyayinevi.com.tr\/index.php\/wp-json\/wp\/v2\/product_brand?post=723689"},{"taxonomy":"product_cat","embeddable":true,"href":"https:\/\/roveyayinevi.com.tr\/index.php\/wp-json\/wp\/v2\/product_cat?post=723689"},{"taxonomy":"product_tag","embeddable":true,"href":"https:\/\/roveyayinevi.com.tr\/index.php\/wp-json\/wp\/v2\/product_tag?post=723689"}],"curies":[{"name":"wp","href":"https:\/\/api.w.org\/{rel}","templated":true}]}}