{"id":723685,"date":"2025-08-27T19:23:00","date_gmt":"2025-08-27T16:23:00","guid":{"rendered":"https:\/\/roveyayinevi.com.tr\/index.php\/urun\/6-yas-grubu-ogrencilerinin-psikomotor-gelisimlerinin-saglanmasinda-oyunun-yeri-ve-onemi\/"},"modified":"2026-04-16T02:31:46","modified_gmt":"2026-04-15T23:31:46","slug":"6-yas-grubu-ogrencilerinin-psikomotor-gelisimlerinin-saglanmasinda-oyunun-yeri-ve-onemi","status":"publish","type":"product","link":"https:\/\/roveyayinevi.com.tr\/index.php\/urun\/6-yas-grubu-ogrencilerinin-psikomotor-gelisimlerinin-saglanmasinda-oyunun-yeri-ve-onemi\/","title":{"rendered":"6 Ya\u015f Grubu \u00d6\u011frencilerinin Psikomotor Geli\u015fimlerinin Sa\u011flanmas\u0131nda Oyunun Yeri ve \u00d6nemi"},"content":{"rendered":"<p>G\u00fcn\u00fcm\u00fczde erken \u00e7ocukluk geli\u015fiminin \u00f6nemi ve e\u011fitim programlar\u0131n\u0131n\u00e7ocuklar \u00fczerindeki olumlu etkileri konusunda g\u00f6r\u00fc\u015f birli\u011fi artmaktad\u0131r. Bukonu ile ilgili yap\u0131lan \u00e7al\u0131\u015fmalar ise g\u00fcn ge\u00e7tik\u00e7e \u00f6nem kazanmaktad\u0131r. Bud\u00f6nemin \u00e7ocu\u011fun geli\u015fiminde \u00f6nemli yer etmesinden dolayd\u0131r ki \u00e7ocu\u011fungeli\u015fiminden sorumlu olan ki\u015filer erken \u00e7ocukluk d\u00f6nemine daha fazla \u00f6nemvermektedirler.Erken \u00e7ocukluk d\u00f6nemindeki \u00e7ocuklar\u0131n en \u00f6nemli faaliyetlerinden birioyundur. Oyun, bu d\u00f6nem \u00e7ocuklar\u0131n\u0131n vazge\u00e7emeyecekleri bir u\u011fra\u015f\u0131 veya\u015fam\u0131d\u0131r. Kurdu\u011fu bu ya\u015famda \u00e7ocuk sosyalle\u015fmeyi, bili\u015fsel becerilerinigeli\u015ftirmeyi, psikomotor becerilerini \u00fcst seviyelere \u00e7\u0131karmay\u0131 \u00f6\u011frenmektedir. Bu\u00e7al\u0131\u015fmada da oyunun \u00e7ocuklar\u0131n psikomotor geli\u015fimlerindeki \u00f6nemiara\u015ft\u0131r\u0131lm\u0131\u015ft\u0131r.\u00c7ocu\u011fun geli\u015fiminden sorumlu olan ki\u015filerin, hangi oyunlar\u0131n hangibeceriler \u00fczerinde etkisinin oldu\u011funu bilmeleri \u00e7ocu\u011fun psikomotor becerileriningeli\u015fiminde daha olumlu sonu\u00e7lar elde edebilmelerini sa\u011flayacakt\u0131r.<\/p>\n","protected":false},"excerpt":{"rendered":"<p>G\u00fcn\u00fcm\u00fczde erken \u00e7ocukluk geli\u015fiminin \u00f6nemi ve e\u011fitim programlar\u0131n\u0131n\u00e7ocuklar \u00fczerindeki olumlu etkileri konusunda g\u00f6r\u00fc\u015f birli\u011fi artmaktad\u0131r. Bukonu ile ilgili yap\u0131lan \u00e7al\u0131\u015fmalar ise g\u00fcn ge\u00e7tik\u00e7e \u00f6nem kazanmaktad\u0131r. Bud\u00f6nemin<span class=\"excerpt-hellip\"> [\u2026]<\/span><\/p>\n","protected":false},"featured_media":0,"template":"","meta":{"_monsterinsights_skip_tracking":false,"_monsterinsights_sitenote_active":false,"_monsterinsights_sitenote_note":"","_monsterinsights_sitenote_category":0},"product_brand":[],"product_cat":[12567,12566],"product_tag":[],"class_list":{"0":"post-723685","1":"product","2":"type-product","3":"status-publish","5":"product_cat-diger-egitim","6":"product_cat-egitim","7":"pa_cilt-ciltsiz","8":"pa_tur-kitap","9":"pa_yayinevi-gazi-kitabevi","10":"pa_yazar-cagri-ozdenk","12":"first","13":"instock","14":"sale","15":"shipping-taxable","16":"purchasable","17":"product-type-simple"},"_links":{"self":[{"href":"https:\/\/roveyayinevi.com.tr\/index.php\/wp-json\/wp\/v2\/product\/723685","targetHints":{"allow":["GET"]}}],"collection":[{"href":"https:\/\/roveyayinevi.com.tr\/index.php\/wp-json\/wp\/v2\/product"}],"about":[{"href":"https:\/\/roveyayinevi.com.tr\/index.php\/wp-json\/wp\/v2\/types\/product"}],"wp:attachment":[{"href":"https:\/\/roveyayinevi.com.tr\/index.php\/wp-json\/wp\/v2\/media?parent=723685"}],"wp:term":[{"taxonomy":"product_brand","embeddable":true,"href":"https:\/\/roveyayinevi.com.tr\/index.php\/wp-json\/wp\/v2\/product_brand?post=723685"},{"taxonomy":"product_cat","embeddable":true,"href":"https:\/\/roveyayinevi.com.tr\/index.php\/wp-json\/wp\/v2\/product_cat?post=723685"},{"taxonomy":"product_tag","embeddable":true,"href":"https:\/\/roveyayinevi.com.tr\/index.php\/wp-json\/wp\/v2\/product_tag?post=723685"}],"curies":[{"name":"wp","href":"https:\/\/api.w.org\/{rel}","templated":true}]}}