{"id":723680,"date":"2025-08-27T19:22:55","date_gmt":"2025-08-27T16:22:55","guid":{"rendered":"https:\/\/roveyayinevi.com.tr\/index.php\/urun\/nazli\/"},"modified":"2026-04-16T02:31:46","modified_gmt":"2026-04-15T23:31:46","slug":"nazli","status":"publish","type":"product","link":"https:\/\/roveyayinevi.com.tr\/index.php\/urun\/nazli\/","title":{"rendered":"Nazl\u0131"},"content":{"rendered":"<p>Bir T\u00fcrk kaptan\u0131n a\u015fkla dolu ser\u00fcvenine odaklanan bu roman, farkl\u0131 k\u00fclt\u00fcrlerden pratikler sunmakta, okuyucuyu bilinenin \u00f6tesine g\u00f6t\u00fcrerek g\u00f6r\u00fcnen ger\u00e7eklerin arkas\u0131nda nelerin gizlendi\u011fini g\u00f6rmemizi sa\u011flamaktad\u0131r. Romanda bir yandan Tayland ve Vietnam gibi \u00fclkelerde olup biten siyasi olaylar\u0131 kendi halinde bir kaptan\u0131n g\u00f6z\u00fcnden okurken, bir yandan da Buda ve Mevlana \u00f6\u011fretisinin ortak de\u011ferlerini g\u00f6rmekteyiz. Nazl\u0131, resmedilen somut olaylar ve bir a\u015fk hik\u00e2yesi \u00fczerinden \u201cger\u00e7ek\u201d ile \u201chayal\u201din veya \u201can\u201d ile \u201can\u0131\u201dn\u0131n asl\u0131nda ayn\u0131 ger\u00e7e\u011fin farkl\u0131 gibi alg\u0131lanan iki sureti oldu\u011funu ortaya koyuyor. Bir bak\u0131ma kendi ger\u00e7e\u011fimizi, a\u015fka ve sevgiye adanm\u0131\u015f bir hayat hik\u00e2yesi \u00fczerinden s\u0131cak ve sarmalay\u0131c\u0131 bir \u00fcslupla bir ayna gibi \u00f6n\u00fcm\u00fcze koyuyor. Nazl\u0131, bir kaptanla gen\u00e7 bir k\u0131z aras\u0131nda ya\u015fanm\u0131\u015f a\u015fka odaklanmakla birlikte esas olarak bizim de hik\u00e2yemiz. Hik\u00e2yenin bizimle ba\u011flant\u0131s\u0131n\u0131 anlamak i\u00e7in \u00e7al\u0131\u015fmay\u0131 ba\u015ftan sonuna kadar hi\u00e7bir sat\u0131r\u0131n\u0131 ka\u00e7\u0131rmadan okumak gerekir\u2026<\/p>\n","protected":false},"excerpt":{"rendered":"<p>Bir T\u00fcrk kaptan\u0131n a\u015fkla dolu ser\u00fcvenine odaklanan bu roman, farkl\u0131 k\u00fclt\u00fcrlerden pratikler sunmakta, okuyucuyu bilinenin \u00f6tesine g\u00f6t\u00fcrerek g\u00f6r\u00fcnen ger\u00e7eklerin arkas\u0131nda nelerin gizlendi\u011fini g\u00f6rmemizi sa\u011flamaktad\u0131r. Romanda bir<span class=\"excerpt-hellip\"> [\u2026]<\/span><\/p>\n","protected":false},"featured_media":0,"template":"","meta":{"_monsterinsights_skip_tracking":false,"_monsterinsights_sitenote_active":false,"_monsterinsights_sitenote_note":"","_monsterinsights_sitenote_category":0},"product_brand":[],"product_cat":[12291,12711],"product_tag":[],"class_list":{"0":"post-723680","1":"product","2":"type-product","3":"status-publish","5":"product_cat-edebiyat","6":"product_cat-roman-oyku","7":"pa_cilt-ciltsiz","8":"pa_tur-kitap","9":"pa_yayinevi-liman-kitaplar","10":"pa_yazar-omer-caha","12":"first","13":"instock","14":"sale","15":"shipping-taxable","16":"purchasable","17":"product-type-simple"},"_links":{"self":[{"href":"https:\/\/roveyayinevi.com.tr\/index.php\/wp-json\/wp\/v2\/product\/723680","targetHints":{"allow":["GET"]}}],"collection":[{"href":"https:\/\/roveyayinevi.com.tr\/index.php\/wp-json\/wp\/v2\/product"}],"about":[{"href":"https:\/\/roveyayinevi.com.tr\/index.php\/wp-json\/wp\/v2\/types\/product"}],"wp:attachment":[{"href":"https:\/\/roveyayinevi.com.tr\/index.php\/wp-json\/wp\/v2\/media?parent=723680"}],"wp:term":[{"taxonomy":"product_brand","embeddable":true,"href":"https:\/\/roveyayinevi.com.tr\/index.php\/wp-json\/wp\/v2\/product_brand?post=723680"},{"taxonomy":"product_cat","embeddable":true,"href":"https:\/\/roveyayinevi.com.tr\/index.php\/wp-json\/wp\/v2\/product_cat?post=723680"},{"taxonomy":"product_tag","embeddable":true,"href":"https:\/\/roveyayinevi.com.tr\/index.php\/wp-json\/wp\/v2\/product_tag?post=723680"}],"curies":[{"name":"wp","href":"https:\/\/api.w.org\/{rel}","templated":true}]}}