{"id":723679,"date":"2025-08-27T19:22:54","date_gmt":"2025-08-27T16:22:54","guid":{"rendered":"https:\/\/roveyayinevi.com.tr\/index.php\/urun\/icindeki-sakirti-oldurmek\/"},"modified":"2026-04-16T02:31:46","modified_gmt":"2026-04-15T23:31:46","slug":"icindeki-sakirti-oldurmek","status":"publish","type":"product","link":"https:\/\/roveyayinevi.com.tr\/index.php\/urun\/icindeki-sakirti-oldurmek\/","title":{"rendered":"\u0130\u00e7indeki \u015eakirti \u00d6ld\u00fcrmek"},"content":{"rendered":"<p>\u201c\u0130nsan, kendinden uzakla\u015f\u0131nca ba\u015fka t\u00fcrl\u00fc bencil olurmu\u015f Mikie. Kendi beninden ayr\u0131lan insan\u0131n kal\u0131b\u0131na ba\u015fkas\u0131n\u0131n beni yerle\u015fir; hem de binlerce a\u00e7g\u00f6zl\u00fc muhteris insan\u0131n beni.Hizmet dedi\u011fimiz \u015fey, asl\u0131nda bir adam\u0131n b\u00f6n ve berbat benini, binlerce insan\u0131n kal\u0131b\u0131na yerle\u015ftirme \u00e7abas\u0131ndan ba\u015fka bir \u015fey de\u011filmi\u015f!Ak\u0131l, insan\u0131n en i\u015fe yarar hazinesidir Mikie.Akl\u0131 elinden al\u0131nan insan uysal ve itaatk\u00e2r k\u00f6ledir. Ama en zararl\u0131 ve tehlikeli olan\u0131d\u0131r. Efendisi taraf\u0131ndan \u00fczerine sal\u0131nd\u0131 m\u0131, ac\u0131ma ve merhamet nedir bilmez!Bunu anlamak i\u00e7in ya\u015fad\u0131\u011f\u0131m t\u00fcrl\u00fc t\u00fcrl\u00fc olaylar yetmedi; bir de Temmuz zelzelesine yakalan\u0131p koca bir enkaz\u0131n \u00fczerime devrilmesi gerekti.Ah cahil ba\u015f\u0131m ah! Gaflet uykusuna yatan akl\u0131m, benli\u011fim, ki\u015fili\u011fim, \u00f6z\u00fcm ah!\u201d\u0130\u015fte bu sat\u0131rlarla anlat\u0131yor yazar her \u015feyi; robotik bir insana, bir canavara, bir mankurta d\u00f6n\u00fc\u015fm\u00fc\u015f \u015fakirt Yusuf\u2019un ya\u015fam \u00f6yk\u00fcs\u00fcn\u00fc, son pi\u015fmanl\u0131\u011f\u0131n\u0131!&#8230;\u0130\u00e7indeki \u015eakirti \u00d6ld\u00fcrmek, ger\u00e7ek ya\u015fam \u00f6yk\u00fclerinden hareketle, kendi halindeki bir insan\u0131n, bir \u00f6l\u00fcm makinesine nas\u0131l d\u00f6n\u00fc\u015ft\u00fc\u011f\u00fcn\u00fcn hik\u00e2yesini seriyor, g\u00f6zlerimizin \u00f6n\u00fcne.<\/p>\n","protected":false},"excerpt":{"rendered":"<p>\u201c\u0130nsan, kendinden uzakla\u015f\u0131nca ba\u015fka t\u00fcrl\u00fc bencil olurmu\u015f Mikie. Kendi beninden ayr\u0131lan insan\u0131n kal\u0131b\u0131na ba\u015fkas\u0131n\u0131n beni yerle\u015fir; hem de binlerce a\u00e7g\u00f6zl\u00fc muhteris insan\u0131n beni.Hizmet dedi\u011fimiz \u015fey, asl\u0131nda<span class=\"excerpt-hellip\"> [\u2026]<\/span><\/p>\n","protected":false},"featured_media":0,"template":"","meta":{"_monsterinsights_skip_tracking":false,"_monsterinsights_sitenote_active":false,"_monsterinsights_sitenote_note":"","_monsterinsights_sitenote_category":0},"product_brand":[],"product_cat":[12291,12711],"product_tag":[],"class_list":{"0":"post-723679","1":"product","2":"type-product","3":"status-publish","5":"product_cat-edebiyat","6":"product_cat-roman-oyku","7":"pa_cilt-ciltsiz","8":"pa_tur-kitap","9":"pa_yayinevi-liman-kitaplar","10":"pa_yazar-omer-caha","12":"first","13":"instock","14":"sale","15":"shipping-taxable","16":"purchasable","17":"product-type-simple"},"_links":{"self":[{"href":"https:\/\/roveyayinevi.com.tr\/index.php\/wp-json\/wp\/v2\/product\/723679","targetHints":{"allow":["GET"]}}],"collection":[{"href":"https:\/\/roveyayinevi.com.tr\/index.php\/wp-json\/wp\/v2\/product"}],"about":[{"href":"https:\/\/roveyayinevi.com.tr\/index.php\/wp-json\/wp\/v2\/types\/product"}],"wp:attachment":[{"href":"https:\/\/roveyayinevi.com.tr\/index.php\/wp-json\/wp\/v2\/media?parent=723679"}],"wp:term":[{"taxonomy":"product_brand","embeddable":true,"href":"https:\/\/roveyayinevi.com.tr\/index.php\/wp-json\/wp\/v2\/product_brand?post=723679"},{"taxonomy":"product_cat","embeddable":true,"href":"https:\/\/roveyayinevi.com.tr\/index.php\/wp-json\/wp\/v2\/product_cat?post=723679"},{"taxonomy":"product_tag","embeddable":true,"href":"https:\/\/roveyayinevi.com.tr\/index.php\/wp-json\/wp\/v2\/product_tag?post=723679"}],"curies":[{"name":"wp","href":"https:\/\/api.w.org\/{rel}","templated":true}]}}