{"id":723674,"date":"2025-08-27T19:22:49","date_gmt":"2025-08-27T16:22:49","guid":{"rendered":"https:\/\/roveyayinevi.com.tr\/index.php\/urun\/aliye-gore-gercek\/"},"modified":"2026-04-16T02:31:46","modified_gmt":"2026-04-15T23:31:46","slug":"aliye-gore-gercek","status":"publish","type":"product","link":"https:\/\/roveyayinevi.com.tr\/index.php\/urun\/aliye-gore-gercek\/","title":{"rendered":"Ali&#8217;ye G\u00f6re Ger\u00e7ek"},"content":{"rendered":"<p>Bu \u00e7ocu\u011fun ad\u0131 Ali.Ve di\u011feri de Ger\u00e7ek.Ali bug\u00fcn yapt\u0131\u011f\u0131 Yanl\u0131\u015flar y\u00fcz\u00fcnden annesinin bu konuda kendisine sorular soraca\u011f\u0131n\u0131 biliyor.Peki, sence Ali ger\u00e7e\u011fi s\u00f6yleyecek mi?Yoksa E\u011fip B\u00fckecek, Gerip Uzatacak veya Saklamaya m\u0131 \u00e7al\u0131\u015facak?Sen onun Yerinde Olsan ne yapard\u0131n?Yalan s\u00f6ylemek ve ger\u00e7eklerle bar\u0131\u015fmak \u00fczerine e\u011flenceli bir kitap!<\/p>\n","protected":false},"excerpt":{"rendered":"<p>Bu \u00e7ocu\u011fun ad\u0131 Ali.Ve di\u011feri de Ger\u00e7ek.Ali bug\u00fcn yapt\u0131\u011f\u0131 Yanl\u0131\u015flar y\u00fcz\u00fcnden annesinin bu konuda kendisine sorular soraca\u011f\u0131n\u0131 biliyor.Peki, sence Ali ger\u00e7e\u011fi s\u00f6yleyecek mi?Yoksa E\u011fip B\u00fckecek, Gerip<span class=\"excerpt-hellip\"> [\u2026]<\/span><\/p>\n","protected":false},"featured_media":0,"template":"","meta":{"_monsterinsights_skip_tracking":false,"_monsterinsights_sitenote_active":false,"_monsterinsights_sitenote_note":"","_monsterinsights_sitenote_category":0},"product_brand":[],"product_cat":[12274,12284],"product_tag":[],"class_list":{"0":"post-723674","1":"product","2":"type-product","3":"status-publish","5":"product_cat-cocuk-ve-genclik-kitaplari","6":"product_cat-hikayeler","7":"pa_cilt-ciltsiz","8":"pa_tur-kitap","9":"pa_yayinevi-altin-kitaplar-cocuk-kitaplari","10":"pa_yazar-tim-hopgood","12":"first","13":"instock","14":"sale","15":"shipping-taxable","16":"purchasable","17":"product-type-simple"},"_links":{"self":[{"href":"https:\/\/roveyayinevi.com.tr\/index.php\/wp-json\/wp\/v2\/product\/723674","targetHints":{"allow":["GET"]}}],"collection":[{"href":"https:\/\/roveyayinevi.com.tr\/index.php\/wp-json\/wp\/v2\/product"}],"about":[{"href":"https:\/\/roveyayinevi.com.tr\/index.php\/wp-json\/wp\/v2\/types\/product"}],"wp:attachment":[{"href":"https:\/\/roveyayinevi.com.tr\/index.php\/wp-json\/wp\/v2\/media?parent=723674"}],"wp:term":[{"taxonomy":"product_brand","embeddable":true,"href":"https:\/\/roveyayinevi.com.tr\/index.php\/wp-json\/wp\/v2\/product_brand?post=723674"},{"taxonomy":"product_cat","embeddable":true,"href":"https:\/\/roveyayinevi.com.tr\/index.php\/wp-json\/wp\/v2\/product_cat?post=723674"},{"taxonomy":"product_tag","embeddable":true,"href":"https:\/\/roveyayinevi.com.tr\/index.php\/wp-json\/wp\/v2\/product_tag?post=723674"}],"curies":[{"name":"wp","href":"https:\/\/api.w.org\/{rel}","templated":true}]}}