{"id":723673,"date":"2025-08-27T19:22:49","date_gmt":"2025-08-27T16:22:49","guid":{"rendered":"https:\/\/roveyayinevi.com.tr\/index.php\/urun\/bugun-nasil-hissediyorsun\/"},"modified":"2026-04-16T02:31:46","modified_gmt":"2026-04-15T23:31:46","slug":"bugun-nasil-hissediyorsun","status":"publish","type":"product","link":"https:\/\/roveyayinevi.com.tr\/index.php\/urun\/bugun-nasil-hissediyorsun\/","title":{"rendered":"Bug\u00fcn Nas\u0131l Hissediyorsun?"},"content":{"rendered":"<p>\u00c7ocuklar g\u00fc\u00e7l\u00fc ve bazen idaresi zor duygulara sahiptir.T\u00fcm anne ve babalar \u00f6fkeli, kalbi k\u0131r\u0131k ve a\u015f\u0131r\u0131 huzursuz bir \u00e7ocukla ba\u015f etmenin ne demek oldu\u011funu bilir.Bug\u00fcn Nas\u0131l Hissediyorsun? kitab\u0131 \u00e7ocuklar\u0131n\u0131z\u0131n, t\u00fcm bu duygularla uyum i\u00e7inde olmas\u0131n\u0131n yollar\u0131n\u0131 g\u00f6steren ve onlar\u0131n sorunlar\u0131n\u0131 \u00e7\u00f6zmek i\u00e7in yarat\u0131c\u0131 yollar sunan bir i\u00e7eri\u011fe sahip. \u00c7ocu\u011funuzun bu yolculu\u011funda ona destek olman\u0131za yard\u0131m edecek ipu\u00e7lar\u0131 bu kitapta!Elinizdeki kitap; \u00c7ocu\u011funuzla onun duygular\u0131 hakk\u0131nda konu\u015fabilmenizi sa\u011flar.Alt\u0131 ya\u015f alt\u0131 \u00e7ocuklarla kolayca ileti\u015fim kurman\u0131z\u0131 sa\u011flar.\u00c7ocu\u011fun farkl\u0131 duygular\u0131n\u0131 ya da duygu \u00e7e\u015fitlili\u011fini anlamas\u0131na yard\u0131mc\u0131 olur.Ebeveyn Rehberi ve duygusal okuryazarl\u0131\u011f\u0131 anlatan bir b\u00f6l\u00fcm i\u00e7erir.\u00c7ocu\u011funuzun olumlu duygular\u0131n\u0131n yan\u0131nda olumsuz duygular\u0131n\u0131 da kabul etmesini sa\u011flar.<\/p>\n","protected":false},"excerpt":{"rendered":"<p>\u00c7ocuklar g\u00fc\u00e7l\u00fc ve bazen idaresi zor duygulara sahiptir.T\u00fcm anne ve babalar \u00f6fkeli, kalbi k\u0131r\u0131k ve a\u015f\u0131r\u0131 huzursuz bir \u00e7ocukla ba\u015f etmenin ne demek oldu\u011funu bilir.Bug\u00fcn Nas\u0131l<span class=\"excerpt-hellip\"> [\u2026]<\/span><\/p>\n","protected":false},"featured_media":0,"template":"","meta":{"_monsterinsights_skip_tracking":false,"_monsterinsights_sitenote_active":false,"_monsterinsights_sitenote_note":"","_monsterinsights_sitenote_category":0},"product_brand":[],"product_cat":[12274,15842],"product_tag":[],"class_list":{"0":"post-723673","1":"product","2":"type-product","3":"status-publish","5":"product_cat-cocuk-ve-genclik-kitaplari","6":"product_cat-egitici-kitaplar","7":"pa_cilt-ciltsiz","8":"pa_tur-kitap","9":"pa_yayinevi-altin-kitaplar-cocuk-kitaplari","10":"pa_yazar-molly-potter","12":"first","13":"instock","14":"sale","15":"shipping-taxable","16":"purchasable","17":"product-type-simple"},"_links":{"self":[{"href":"https:\/\/roveyayinevi.com.tr\/index.php\/wp-json\/wp\/v2\/product\/723673","targetHints":{"allow":["GET"]}}],"collection":[{"href":"https:\/\/roveyayinevi.com.tr\/index.php\/wp-json\/wp\/v2\/product"}],"about":[{"href":"https:\/\/roveyayinevi.com.tr\/index.php\/wp-json\/wp\/v2\/types\/product"}],"wp:attachment":[{"href":"https:\/\/roveyayinevi.com.tr\/index.php\/wp-json\/wp\/v2\/media?parent=723673"}],"wp:term":[{"taxonomy":"product_brand","embeddable":true,"href":"https:\/\/roveyayinevi.com.tr\/index.php\/wp-json\/wp\/v2\/product_brand?post=723673"},{"taxonomy":"product_cat","embeddable":true,"href":"https:\/\/roveyayinevi.com.tr\/index.php\/wp-json\/wp\/v2\/product_cat?post=723673"},{"taxonomy":"product_tag","embeddable":true,"href":"https:\/\/roveyayinevi.com.tr\/index.php\/wp-json\/wp\/v2\/product_tag?post=723673"}],"curies":[{"name":"wp","href":"https:\/\/api.w.org\/{rel}","templated":true}]}}