{"id":723671,"date":"2025-08-27T19:22:47","date_gmt":"2025-08-27T16:22:47","guid":{"rendered":"https:\/\/roveyayinevi.com.tr\/index.php\/urun\/istanbul-maviyken\/"},"modified":"2026-04-16T02:31:46","modified_gmt":"2026-04-15T23:31:46","slug":"istanbul-maviyken","status":"publish","type":"product","link":"https:\/\/roveyayinevi.com.tr\/index.php\/urun\/istanbul-maviyken\/","title":{"rendered":"\u0130stanbul Maviyken"},"content":{"rendered":"<p>Hi\u00e7 Kimsenin Kenti\u2019nin yazar\u0131 Tolga G\u00fcm\u00fc\u015fay\u2019dan b\u00fcy\u00fcleyici bir \u0130stanbul ba\u015fyap\u0131t\u0131\u2026 Beyo\u011flu\u2019nun ser\u00fcvenci ruh hali, Kumkap\u0131 ve Kad\u0131rga\u2019n\u0131n al\u00e7akg\u00f6n\u00fcll\u00fcl\u00fc\u011f\u00fc, Bo\u011fazi\u00e7i\u2019nin ba\u015ftan \u00e7\u0131kar\u0131c\u0131l\u0131\u011f\u0131 \u0130stanbul\u2019un mavisinde eriyor, okurun ruhunu \u0131s\u0131tan bir \u00f6rt\u00fcye d\u00f6n\u00fc\u015f\u00fcyor. Kitab\u0131n ana karakteri Konstantin\u2019in de ifade etti\u011fi gibi, &#8220;Sanki bu \u015fehir karlar alt\u0131ndayken, insan\u0131n kula\u011f\u0131na hayat\u0131n anlam\u0131n\u0131 f\u0131s\u0131lday\u0131verecekmi\u015f gibi gizemli bir havaya b\u00fcr\u00fcn\u00fcyor.&#8221; Rum Vasili, aln\u0131nda rak\u0131 kadehiyle &#8220;O \u00c7i \u00c7orniye&#8221; s\u00f6yl\u00fcyor\u2026 Barones\u2019in notalar\u0131 Tarlaba\u015f\u0131 sokaklar\u0131na kar taneleri gibi d\u00fc\u015f\u00fcyor\u2026 Agop Bey sakas\u0131n\u0131n h\u00fcz\u00fcnl\u00fc c\u0131v\u0131lt\u0131lar\u0131 e\u015fli\u011finde \u00e7aylar\u0131 tazeliyor\u2026 Mucit Kadir son ve en b\u00fcy\u00fck icad\u0131 \u00fczerinde har\u0131l har\u0131l \u00e7al\u0131\u015f\u0131yor\u2026 Denizk\u0131z\u0131 kadar g\u00fczel Bella tavan aras\u0131nda Chagall\u2019\u0131 k\u0131skand\u0131racak resimler yap\u0131yor\u2026 Lale Han\u0131m\u2019\u0131n dans\u00f6zl\u00fck g\u00f6sterisi apartman dairesini pavyona \u00e7eviriyor\u2026 Ve 20. y\u00fczy\u0131l \u0130stanbul&#8217;unun b\u00fcy\u00fcleyici ya\u015fant\u0131s\u0131, Konstantin\u2019le birlikte okuru da usul usul ele ge\u00e7iriyor. \u0130stanbul Maviyken dili, m\u00fczi\u011fi ve sar\u0131p sarmalayan atmosferiyle okura kendini adeta mavi camdan bir kar k\u00fcresinde hissettiriyor.<\/p>\n","protected":false},"excerpt":{"rendered":"<p>Hi\u00e7 Kimsenin Kenti\u2019nin yazar\u0131 Tolga G\u00fcm\u00fc\u015fay\u2019dan b\u00fcy\u00fcleyici bir \u0130stanbul ba\u015fyap\u0131t\u0131\u2026 Beyo\u011flu\u2019nun ser\u00fcvenci ruh hali, Kumkap\u0131 ve Kad\u0131rga\u2019n\u0131n al\u00e7akg\u00f6n\u00fcll\u00fcl\u00fc\u011f\u00fc, Bo\u011fazi\u00e7i\u2019nin ba\u015ftan \u00e7\u0131kar\u0131c\u0131l\u0131\u011f\u0131 \u0130stanbul\u2019un mavisinde eriyor, okurun ruhunu<span class=\"excerpt-hellip\"> [\u2026]<\/span><\/p>\n","protected":false},"featured_media":0,"template":"","meta":{"_monsterinsights_skip_tracking":false,"_monsterinsights_sitenote_active":false,"_monsterinsights_sitenote_note":"","_monsterinsights_sitenote_category":0},"product_brand":[],"product_cat":[12291,12711],"product_tag":[],"class_list":{"0":"post-723671","1":"product","2":"type-product","3":"status-publish","5":"product_cat-edebiyat","6":"product_cat-roman-oyku","7":"pa_cilt-ciltsiz","8":"pa_tur-kitap","9":"pa_yayinevi-altin-kitaplar","10":"pa_yazar-tolga-gumusay","12":"first","13":"instock","14":"sale","15":"shipping-taxable","16":"purchasable","17":"product-type-simple"},"_links":{"self":[{"href":"https:\/\/roveyayinevi.com.tr\/index.php\/wp-json\/wp\/v2\/product\/723671","targetHints":{"allow":["GET"]}}],"collection":[{"href":"https:\/\/roveyayinevi.com.tr\/index.php\/wp-json\/wp\/v2\/product"}],"about":[{"href":"https:\/\/roveyayinevi.com.tr\/index.php\/wp-json\/wp\/v2\/types\/product"}],"wp:attachment":[{"href":"https:\/\/roveyayinevi.com.tr\/index.php\/wp-json\/wp\/v2\/media?parent=723671"}],"wp:term":[{"taxonomy":"product_brand","embeddable":true,"href":"https:\/\/roveyayinevi.com.tr\/index.php\/wp-json\/wp\/v2\/product_brand?post=723671"},{"taxonomy":"product_cat","embeddable":true,"href":"https:\/\/roveyayinevi.com.tr\/index.php\/wp-json\/wp\/v2\/product_cat?post=723671"},{"taxonomy":"product_tag","embeddable":true,"href":"https:\/\/roveyayinevi.com.tr\/index.php\/wp-json\/wp\/v2\/product_tag?post=723671"}],"curies":[{"name":"wp","href":"https:\/\/api.w.org\/{rel}","templated":true}]}}