{"id":723670,"date":"2025-08-27T19:22:46","date_gmt":"2025-08-27T16:22:46","guid":{"rendered":"https:\/\/roveyayinevi.com.tr\/index.php\/urun\/iki-renkli-sirma\/"},"modified":"2026-04-16T02:31:46","modified_gmt":"2026-04-15T23:31:46","slug":"iki-renkli-sirma","status":"publish","type":"product","link":"https:\/\/roveyayinevi.com.tr\/index.php\/urun\/iki-renkli-sirma\/","title":{"rendered":"\u0130ki Renkli S\u0131rma"},"content":{"rendered":"<p>Annemarie Schimmel bu kitapta \u0130ran, Osmanl\u0131 ve M\u00fcsl\u00fcman Hindistan\u2019da \u015fairlerin kulland\u0131\u011f\u0131 karma\u015f\u0131k ve \u00e7ok y\u00f6nl\u00fc belagat ve imge sistemine kapsaml\u0131 bir giri\u015f yap\u0131yor. Y\u00fczy\u0131llard\u0131r kullan\u0131lagelen bu imgelerin, zamanla kusursuzla\u015ft\u0131\u011f\u0131n\u0131 ve \u0130slam \u00e2lemindeki de\u011fi\u015fen ko\u015fullar\u0131 yans\u0131tt\u0131\u011f\u0131n\u0131 g\u00f6steriyor. Schimmel\u2019e g\u00f6re, \u0130ran edebiyat\u0131 dilin kurallar\u0131na k\u00f6k salm\u0131\u015ft\u0131r ve geleneklerine ba\u011fl\u0131d\u0131r, fazla ki\u015fisel olmaya \u00e7al\u0131\u015fmaz. \u0130deal olarak kusursuzca olu\u015fturulmu\u015f her bir dize \u00e7ok y\u00fczl\u00fc nadide birer ta\u015f gibi olmal\u0131 ve g\u00fcnl\u00fck hayat\u0131n ger\u00e7ekli\u011fi ile soyut aras\u0131ndaki dinamik ili\u015fkiyi yans\u0131tabilmelidir. Schimmel, \u0130ran edebiyat\u0131n\u0131n \u00f6z\u00fcnde d\u00fcnyay\u0131 \u0130slam k\u00fclt\u00fcr\u00fcne g\u00f6m\u00fcl\u00fc semboller a\u011f\u0131na d\u00f6n\u00fc\u015ft\u00fcrd\u00fc\u011f\u00fcn\u00fc g\u00f6steriyor. <\/p>\n","protected":false},"excerpt":{"rendered":"<p>Annemarie Schimmel bu kitapta \u0130ran, Osmanl\u0131 ve M\u00fcsl\u00fcman Hindistan\u2019da \u015fairlerin kulland\u0131\u011f\u0131 karma\u015f\u0131k ve \u00e7ok y\u00f6nl\u00fc belagat ve imge sistemine kapsaml\u0131 bir giri\u015f yap\u0131yor. Y\u00fczy\u0131llard\u0131r kullan\u0131lagelen bu<span class=\"excerpt-hellip\"> [\u2026]<\/span><\/p>\n","protected":false},"featured_media":0,"template":"","meta":{"_monsterinsights_skip_tracking":false,"_monsterinsights_sitenote_active":false,"_monsterinsights_sitenote_note":"","_monsterinsights_sitenote_category":0},"product_brand":[],"product_cat":[13072,12291],"product_tag":[],"class_list":{"0":"post-723670","1":"product","2":"type-product","3":"status-publish","5":"product_cat-arastirma-inceleme-referans","6":"product_cat-edebiyat","7":"pa_cilt-ciltsiz","8":"pa_tur-kitap","9":"pa_yayinevi-alfa-yayinlari","10":"pa_yazar-annemarie-schimmel","12":"first","13":"instock","14":"sale","15":"shipping-taxable","16":"purchasable","17":"product-type-simple"},"_links":{"self":[{"href":"https:\/\/roveyayinevi.com.tr\/index.php\/wp-json\/wp\/v2\/product\/723670","targetHints":{"allow":["GET"]}}],"collection":[{"href":"https:\/\/roveyayinevi.com.tr\/index.php\/wp-json\/wp\/v2\/product"}],"about":[{"href":"https:\/\/roveyayinevi.com.tr\/index.php\/wp-json\/wp\/v2\/types\/product"}],"wp:attachment":[{"href":"https:\/\/roveyayinevi.com.tr\/index.php\/wp-json\/wp\/v2\/media?parent=723670"}],"wp:term":[{"taxonomy":"product_brand","embeddable":true,"href":"https:\/\/roveyayinevi.com.tr\/index.php\/wp-json\/wp\/v2\/product_brand?post=723670"},{"taxonomy":"product_cat","embeddable":true,"href":"https:\/\/roveyayinevi.com.tr\/index.php\/wp-json\/wp\/v2\/product_cat?post=723670"},{"taxonomy":"product_tag","embeddable":true,"href":"https:\/\/roveyayinevi.com.tr\/index.php\/wp-json\/wp\/v2\/product_tag?post=723670"}],"curies":[{"name":"wp","href":"https:\/\/api.w.org\/{rel}","templated":true}]}}