{"id":723669,"date":"2025-08-27T19:22:45","date_gmt":"2025-08-27T16:22:45","guid":{"rendered":"https:\/\/roveyayinevi.com.tr\/index.php\/urun\/uluslararasi-bankacilik-ve-finans-sistemi\/"},"modified":"2026-04-16T02:31:46","modified_gmt":"2026-04-15T23:31:46","slug":"uluslararasi-bankacilik-ve-finans-sistemi","status":"publish","type":"product","link":"https:\/\/roveyayinevi.com.tr\/index.php\/urun\/uluslararasi-bankacilik-ve-finans-sistemi\/","title":{"rendered":"Uluslararas\u0131 Bankac\u0131l\u0131k ve Finans Sistemi"},"content":{"rendered":"<p>Uluslararas\u0131 bankalar, \u00fclkeler aras\u0131nda ticaret, sermaye ak\u0131\u015flar\u0131, k\u00fcresel piyasalarda alternatif yat\u0131r\u0131m aray\u0131\u015flar\u0131 ile riskler ve getirileri de\u011ferlendirerek k\u00fcreselle\u015fen finans sisteminin \u00fcretken alanlar\u0131nda i\u015flem yapmaktad\u0131rlar.D\u0131\u015f ticaret alan\u0131nda \u00e7al\u0131\u015fan i\u015fletmeler mallar\u0131n\u0131 zaman kaybetmeden satmak ve yerlerine ula\u015ft\u0131rmak zorundad\u0131rlar. Durum b\u00f6yle olunca da \u00e7a\u011f\u0131n ilerisinde olmak durumunda olan ve yenile\u015fme potansiyeli ta\u015f\u0131yan uluslararas\u0131 bankalar m\u00fc\u015fteri talebine h\u0131zla cevap verirken bilgi teknoloji ve yenilik\u00e7i fikirleri kullanmak durumundad\u0131rlar.Finansal sisteminin en \u00f6nemi unsuru bankalard\u0131r. Bankac\u0131l\u0131k sisteminin uygulad\u0131\u011f\u0131 \u00f6deme ve kredilendirme y\u00f6ntemleri ile uluslararas\u0131 ticarete ivme kazand\u0131rmaktad\u0131rlar. G\u00fcn\u00fcm\u00fczde uluslararas\u0131 bankac\u0131l\u0131k sistemi geli\u015ferek de\u011fi\u015fimini s\u00fcrd\u00fcrmektedir.H\u0131zla k\u00fcreselle\u015fen finans sistemi i\u00e7erisinde ya\u015fanan yo\u011fun rekabet bankalar\u0131 bilgi teknolojisini kullanarak uluslararas\u0131 \u00f6deme sistemlerinde \u00e7e\u015fitlendirmeye y\u00f6nlendirmi\u015ftir. Uluslararas\u0131 bankac\u0131l\u0131k, finansal sistemdeki etkin ve g\u00fc\u00e7l\u00fcl\u00fc\u011f\u00fcn\u00fc s\u00fcrd\u00fcrmek i\u00e7in denetleme ve d\u00fczenlemeye ili\u015fkin evrensel standartlarla uyum i\u00e7inde yenilik\u00e7i \u00e7al\u0131\u015fmalara devam etmektedirler.Bu kitapta, uluslararas\u0131 bankalar\u0131n \u00e7al\u0131\u015fma y\u00f6ntemleri ile bu bankalar\u0131n uluslararas\u0131 ticarete ve finansal sisteme etkileri incelenmi\u015ftir.<\/p>\n","protected":false},"excerpt":{"rendered":"<p>Uluslararas\u0131 bankalar, \u00fclkeler aras\u0131nda ticaret, sermaye ak\u0131\u015flar\u0131, k\u00fcresel piyasalarda alternatif yat\u0131r\u0131m aray\u0131\u015flar\u0131 ile riskler ve getirileri de\u011ferlendirerek k\u00fcreselle\u015fen finans sisteminin \u00fcretken alanlar\u0131nda i\u015flem yapmaktad\u0131rlar.D\u0131\u015f ticaret alan\u0131nda<span class=\"excerpt-hellip\"> [\u2026]<\/span><\/p>\n","protected":false},"featured_media":0,"template":"","meta":{"_monsterinsights_skip_tracking":false,"_monsterinsights_sitenote_active":false,"_monsterinsights_sitenote_note":"","_monsterinsights_sitenote_category":0},"product_brand":[],"product_cat":[17249,13043],"product_tag":[],"class_list":{"0":"post-723669","1":"product","2":"type-product","3":"status-publish","5":"product_cat-borsa-finans","6":"product_cat-ekonomi","7":"pa_cilt-ciltsiz","8":"pa_tur-kitap","9":"pa_yayinevi-astana-yayinlari","10":"pa_yazar-meltem-keskin","12":"first","13":"instock","14":"sale","15":"shipping-taxable","16":"purchasable","17":"product-type-simple"},"_links":{"self":[{"href":"https:\/\/roveyayinevi.com.tr\/index.php\/wp-json\/wp\/v2\/product\/723669","targetHints":{"allow":["GET"]}}],"collection":[{"href":"https:\/\/roveyayinevi.com.tr\/index.php\/wp-json\/wp\/v2\/product"}],"about":[{"href":"https:\/\/roveyayinevi.com.tr\/index.php\/wp-json\/wp\/v2\/types\/product"}],"wp:attachment":[{"href":"https:\/\/roveyayinevi.com.tr\/index.php\/wp-json\/wp\/v2\/media?parent=723669"}],"wp:term":[{"taxonomy":"product_brand","embeddable":true,"href":"https:\/\/roveyayinevi.com.tr\/index.php\/wp-json\/wp\/v2\/product_brand?post=723669"},{"taxonomy":"product_cat","embeddable":true,"href":"https:\/\/roveyayinevi.com.tr\/index.php\/wp-json\/wp\/v2\/product_cat?post=723669"},{"taxonomy":"product_tag","embeddable":true,"href":"https:\/\/roveyayinevi.com.tr\/index.php\/wp-json\/wp\/v2\/product_tag?post=723669"}],"curies":[{"name":"wp","href":"https:\/\/api.w.org\/{rel}","templated":true}]}}