{"id":723667,"date":"2025-08-27T19:22:44","date_gmt":"2025-08-27T16:22:44","guid":{"rendered":"https:\/\/roveyayinevi.com.tr\/index.php\/urun\/iki-sehrin-hikayesi-12\/"},"modified":"2026-04-16T02:31:46","modified_gmt":"2026-04-15T23:31:46","slug":"iki-sehrin-hikayesi-12","status":"publish","type":"product","link":"https:\/\/roveyayinevi.com.tr\/index.php\/urun\/iki-sehrin-hikayesi-12\/","title":{"rendered":"\u0130ki \u015eehrin Hikayesi"},"content":{"rendered":"<p>Charles Dickens, e\u015fsiz roman\u0131 \u0130ki \u015eehrin Hik\u00e2yesi\u2019nde, Frans\u0131z Devrimi s\u0131ras\u0131nda Londra ve Paris&#8217;te ge\u00e7en hazin bir a\u015fk hik\u00e2yesini, insanlar\u0131n maruz kald\u0131\u011f\u0131 haks\u0131zl\u0131klar ve Frans\u0131z aristokrasinin insanlara reva g\u00f6rd\u00fc\u011f\u00fc zul\u00fcm ile birlikte ustal\u0131kla i\u015fler. Hik\u00e2yenin kahramanlar\u0131n\u0131n hayatlar\u0131 bu bask\u0131, zul\u00fcm ve sava\u015f ortam\u0131nda b\u00fcy\u00fck s\u0131navlardan ge\u00e7ecektir.A\u015fk, ihanet, sadakat ve m\u00fccadelenin i\u00e7 i\u00e7e ge\u00e7ti\u011fi ola\u011fan\u00fcst\u00fc bir destan, mutlaka okunmas\u0131 gereken bir ba\u015fyap\u0131t\u2026<\/p>\n","protected":false},"excerpt":{"rendered":"<p>Charles Dickens, e\u015fsiz roman\u0131 \u0130ki \u015eehrin Hik\u00e2yesi\u2019nde, Frans\u0131z Devrimi s\u0131ras\u0131nda Londra ve Paris&#8217;te ge\u00e7en hazin bir a\u015fk hik\u00e2yesini, insanlar\u0131n maruz kald\u0131\u011f\u0131 haks\u0131zl\u0131klar ve Frans\u0131z aristokrasinin insanlara<span class=\"excerpt-hellip\"> [\u2026]<\/span><\/p>\n","protected":false},"featured_media":0,"template":"","meta":{"_monsterinsights_skip_tracking":false,"_monsterinsights_sitenote_active":false,"_monsterinsights_sitenote_note":"","_monsterinsights_sitenote_category":0},"product_brand":[],"product_cat":[12291,12711],"product_tag":[],"class_list":{"0":"post-723667","1":"product","2":"type-product","3":"status-publish","5":"product_cat-edebiyat","6":"product_cat-roman-oyku","7":"pa_cilt-ciltsiz","8":"pa_tur-kitap","9":"pa_yayinevi-bilgi-yayinevi","10":"pa_yazar-charles-dickens","12":"first","13":"instock","14":"sale","15":"shipping-taxable","16":"purchasable","17":"product-type-simple"},"_links":{"self":[{"href":"https:\/\/roveyayinevi.com.tr\/index.php\/wp-json\/wp\/v2\/product\/723667","targetHints":{"allow":["GET"]}}],"collection":[{"href":"https:\/\/roveyayinevi.com.tr\/index.php\/wp-json\/wp\/v2\/product"}],"about":[{"href":"https:\/\/roveyayinevi.com.tr\/index.php\/wp-json\/wp\/v2\/types\/product"}],"wp:attachment":[{"href":"https:\/\/roveyayinevi.com.tr\/index.php\/wp-json\/wp\/v2\/media?parent=723667"}],"wp:term":[{"taxonomy":"product_brand","embeddable":true,"href":"https:\/\/roveyayinevi.com.tr\/index.php\/wp-json\/wp\/v2\/product_brand?post=723667"},{"taxonomy":"product_cat","embeddable":true,"href":"https:\/\/roveyayinevi.com.tr\/index.php\/wp-json\/wp\/v2\/product_cat?post=723667"},{"taxonomy":"product_tag","embeddable":true,"href":"https:\/\/roveyayinevi.com.tr\/index.php\/wp-json\/wp\/v2\/product_tag?post=723667"}],"curies":[{"name":"wp","href":"https:\/\/api.w.org\/{rel}","templated":true}]}}