{"id":723666,"date":"2025-08-27T19:22:43","date_gmt":"2025-08-27T16:22:43","guid":{"rendered":"https:\/\/roveyayinevi.com.tr\/index.php\/urun\/genclerle-bas-basa-iklim-krizi-ve-ekolojik-yikim\/"},"modified":"2026-04-16T02:31:46","modified_gmt":"2026-04-15T23:31:46","slug":"genclerle-bas-basa-iklim-krizi-ve-ekolojik-yikim","status":"publish","type":"product","link":"https:\/\/roveyayinevi.com.tr\/index.php\/urun\/genclerle-bas-basa-iklim-krizi-ve-ekolojik-yikim\/","title":{"rendered":"Gen\u00e7lerle Ba\u015f Ba\u015fa &#8211; \u0130klim Krizi ve Ekolojik Y\u0131k\u0131m"},"content":{"rendered":"<p>\u0130klim de\u011fi\u015fikli\u011finin belirtileri neler? K\u00fcresel \u0131s\u0131nmay\u0131 durduramazsak d\u00fcnyam\u0131z\u0131 nas\u0131l bir gelecek bekliyor? Fosil yak\u0131tlar neden sera etkisi yarat\u0131yor? Alternatif enerji kaynaklar\u0131 s\u00f6ylendi\u011fi kadar masum mu? N\u00fckleer enerji  \u00e7\u00f6z\u00fcm olabilir mi? Kyoto Protokol\u00fc neden i\u015fe yaram\u0131yor? \u0130klim krizi ekosistemi nas\u0131l etkiliyor? Do\u011fal kaynaklar\u0131m\u0131z t\u00fckeniyor mu? Akarsular\u0131, topra\u011f\u0131, havay\u0131 kirletmeyen \u201ctemiz\u201d bir sanayi m\u00fcmk\u00fcn m\u00fc? Elektrikle \u00e7al\u0131\u015fan arabalar sahiden \u00e7evre dostu mu? Monok\u00fclt\u00fcr nedir ve neden zararl\u0131? GDO\u2019lu \u00fcr\u00fcnler a\u00e7l\u0131k sorununa \u00e7are mi? Ar\u0131lar\u0131n \u00f6l\u00fcm\u00fc neyin habercisi? Biyo\u00e7e\u015fitlili\u011fin azalmas\u0131ndan endi\u015fe etmeli miyiz? \u2026Ve en \u00f6nemli soru: \u0130klim krizi ve ekolojik y\u0131k\u0131mdan kim sorumlu? Fikret Ba\u015fkaya bu k\u0131sa fakat yo\u011fun kitapta, iklim ve ekolojiye dair en temel ve can al\u0131c\u0131 sorular\u0131 kendine \u00f6zg\u00fc \u00fcslubuyla yan\u0131tl\u0131yor. \u0130klim Krizi ve Ekolojik Y\u0131k\u0131m hem gen\u00e7lere hem de genel bilgi sahibi olmak isteyen merakl\u0131 okurlara hitap edecek \u015fekilde, ak\u0131c\u0131 bir s\u00f6yle\u015fi havas\u0131nda kaleme al\u0131nd\u0131. Ba\u015fkaya, genel \u00e7er\u00e7eveyi \u00e7izerken bu alana \u00f6zg\u00fc teknik terimleri ve olgular\u0131 sade bir dille a\u00e7\u0131klamakla yetinmeyip sorunun as\u0131l failini de net olarak \u00e7\u00f6z\u00fcml\u00fcyor: kapitalizm. \u201cDo\u011fan\u0131n bir y\u0131lda \u00fcretti\u011fi kayna\u011f\u0131 biz yakla\u015f\u0131k alt\u0131 ayda t\u00fcketiyoruz. Bu da, bug\u00fcnk\u00fc \u00fcretim ve t\u00fcketim d\u00fczeyini s\u00fcrd\u00fcrebilmek i\u00e7in 2-3 gezegene daha ihtiya\u00e7 var demek. Y\u0131k\u0131m veya \u00e7\u00f6k\u00fc\u015f olarak ifade edilebilen yeni durum, do\u011fan\u0131n kendini yenileme ritmi ile kapitalizmin kendini yeniden \u00fcretme ritmi aras\u0131ndaki uyumsuzlu\u011fun sonucu. Bu da bir metabolik s\u00fcrd\u00fcr\u00fclemezlik demek.\u201d <\/p>\n","protected":false},"excerpt":{"rendered":"<p>\u0130klim de\u011fi\u015fikli\u011finin belirtileri neler? K\u00fcresel \u0131s\u0131nmay\u0131 durduramazsak d\u00fcnyam\u0131z\u0131 nas\u0131l bir gelecek bekliyor? Fosil yak\u0131tlar neden sera etkisi yarat\u0131yor? Alternatif enerji kaynaklar\u0131 s\u00f6ylendi\u011fi kadar masum mu? N\u00fckleer<span class=\"excerpt-hellip\"> [\u2026]<\/span><\/p>\n","protected":false},"featured_media":0,"template":"","meta":{"_monsterinsights_skip_tracking":false,"_monsterinsights_sitenote_active":false,"_monsterinsights_sitenote_note":"","_monsterinsights_sitenote_category":0},"product_brand":[],"product_cat":[23323,12364],"product_tag":[],"class_list":{"0":"post-723666","1":"product","2":"type-product","3":"status-publish","5":"product_cat-ekoloji","6":"product_cat-genel-konular","7":"pa_cilt-ciltsiz","8":"pa_tur-kitap","9":"pa_yayinevi-yordam-kitap","10":"pa_yazar-fikret-baskaya","12":"first","13":"instock","14":"sale","15":"shipping-taxable","16":"purchasable","17":"product-type-simple"},"_links":{"self":[{"href":"https:\/\/roveyayinevi.com.tr\/index.php\/wp-json\/wp\/v2\/product\/723666","targetHints":{"allow":["GET"]}}],"collection":[{"href":"https:\/\/roveyayinevi.com.tr\/index.php\/wp-json\/wp\/v2\/product"}],"about":[{"href":"https:\/\/roveyayinevi.com.tr\/index.php\/wp-json\/wp\/v2\/types\/product"}],"wp:attachment":[{"href":"https:\/\/roveyayinevi.com.tr\/index.php\/wp-json\/wp\/v2\/media?parent=723666"}],"wp:term":[{"taxonomy":"product_brand","embeddable":true,"href":"https:\/\/roveyayinevi.com.tr\/index.php\/wp-json\/wp\/v2\/product_brand?post=723666"},{"taxonomy":"product_cat","embeddable":true,"href":"https:\/\/roveyayinevi.com.tr\/index.php\/wp-json\/wp\/v2\/product_cat?post=723666"},{"taxonomy":"product_tag","embeddable":true,"href":"https:\/\/roveyayinevi.com.tr\/index.php\/wp-json\/wp\/v2\/product_tag?post=723666"}],"curies":[{"name":"wp","href":"https:\/\/api.w.org\/{rel}","templated":true}]}}