{"id":723665,"date":"2025-08-27T19:22:42","date_gmt":"2025-08-27T16:22:42","guid":{"rendered":"https:\/\/roveyayinevi.com.tr\/index.php\/urun\/genclerle-bas-basa-kapitalizm\/"},"modified":"2026-04-16T02:31:46","modified_gmt":"2026-04-15T23:31:46","slug":"genclerle-bas-basa-kapitalizm","status":"publish","type":"product","link":"https:\/\/roveyayinevi.com.tr\/index.php\/urun\/genclerle-bas-basa-kapitalizm\/","title":{"rendered":"Gen\u00e7lerle Ba\u015f Ba\u015fa &#8211; Kapitalizm"},"content":{"rendered":"<p>Kapitalizm nas\u0131l do\u011fdu? Marx neden bu kadar \u00fcnl\u00fc? Art\u0131k de\u011fer ne demek? Finansal sermaye nedir? T\u00fcketim toplumundan kurtulmak m\u00fcmk\u00fcn m\u00fc? Bor\u00e7 neden giderek art\u0131yor? Sosyal refah devleti ne? Neoliberalizm nas\u0131l i\u015fliyor? Tekelle\u015fme ve \u00e7okuluslula\u015fma ne demek? \u00c7ok zenginlerle \u00e7ok fakirler aras\u0131ndaki u\u00e7urum zamanla kapanacak m\u0131? \u0130nsanlar bu kadar adaletsizli\u011fe neden ses \u00e7\u0131karm\u0131yor? Yabanc\u0131la\u015fma ne demek? Kapitalizm iyile\u015ftirilebilir mi? \u00dctopyalar ger\u00e7e\u011fe d\u00f6n\u00fc\u015febilir mi?   Sorbonne ve Cenevre \u00fcniversitelerinde g\u00f6rev yapm\u0131\u015f olan emekli sosyoloji profes\u00f6r\u00fc Jean Ziegler, torunu Zohra\u2019ya nas\u0131l bir sistemde ya\u015fad\u0131\u011f\u0131m\u0131z\u0131 basit bir dille ama olanca derinli\u011fi i\u00e7inde anlat\u0131yor. Dede ile torunun bu zevkli sohbetinde kapitalizmin temel kavramlar\u0131, tarihsel geli\u015fimi ve g\u00fcncel i\u015fleyi\u015fi ak\u0131c\u0131 bir \u00fcslupla okurlara sunuluyor. A\u00e7l\u0131k sorunu ve g\u0131da hakk\u0131 \u00fczerine \u00f6nemli \u00e7al\u0131\u015fmalar\u0131 bulunan Ziegler, d\u00fcnya \u00fczerindeki utan\u00e7 verici e\u015fitsizli\u011fi ortadan kald\u0131rmak i\u00e7in \u00f6ncelikle kapitalizmin nas\u0131l i\u015fledi\u011fini \u00f6\u011frenip anlamak ve i\u00e7imizdeki ahlaki y\u00fck\u00fcml\u00fcl\u00fc\u011f\u00fc uyand\u0131rmak gerekti\u011fini s\u00f6yl\u00fcyor. Yordam Kitap\u2019\u0131n \u201cGen\u00e7lerle Ba\u015f Ba\u015fa\u201d dizisine dahil etmekten mutluluk duydu\u011fu bu kitap, \u00f6\u011frenip anlamak ve \u201c\u00e7imin boy verdi\u011fini i\u015fitmek\u201d isteyenler i\u00e7in&#8230; <\/p>\n","protected":false},"excerpt":{"rendered":"<p>Kapitalizm nas\u0131l do\u011fdu? Marx neden bu kadar \u00fcnl\u00fc? Art\u0131k de\u011fer ne demek? Finansal sermaye nedir? T\u00fcketim toplumundan kurtulmak m\u00fcmk\u00fcn m\u00fc? Bor\u00e7 neden giderek art\u0131yor? Sosyal refah<span class=\"excerpt-hellip\"> [\u2026]<\/span><\/p>\n","protected":false},"featured_media":0,"template":"","meta":{"_monsterinsights_skip_tracking":false,"_monsterinsights_sitenote_active":false,"_monsterinsights_sitenote_note":"","_monsterinsights_sitenote_category":0},"product_brand":[],"product_cat":[13590,12337],"product_tag":[],"class_list":{"0":"post-723665","1":"product","2":"type-product","3":"status-publish","5":"product_cat-arastirma-inceleme-politika-siyaset","6":"product_cat-politika-siyaset","7":"pa_cilt-ciltsiz","8":"pa_tur-kitap","9":"pa_yayinevi-yordam-kitap","10":"pa_yazar-jean-ziegler","12":"first","13":"instock","14":"sale","15":"shipping-taxable","16":"purchasable","17":"product-type-simple"},"_links":{"self":[{"href":"https:\/\/roveyayinevi.com.tr\/index.php\/wp-json\/wp\/v2\/product\/723665","targetHints":{"allow":["GET"]}}],"collection":[{"href":"https:\/\/roveyayinevi.com.tr\/index.php\/wp-json\/wp\/v2\/product"}],"about":[{"href":"https:\/\/roveyayinevi.com.tr\/index.php\/wp-json\/wp\/v2\/types\/product"}],"wp:attachment":[{"href":"https:\/\/roveyayinevi.com.tr\/index.php\/wp-json\/wp\/v2\/media?parent=723665"}],"wp:term":[{"taxonomy":"product_brand","embeddable":true,"href":"https:\/\/roveyayinevi.com.tr\/index.php\/wp-json\/wp\/v2\/product_brand?post=723665"},{"taxonomy":"product_cat","embeddable":true,"href":"https:\/\/roveyayinevi.com.tr\/index.php\/wp-json\/wp\/v2\/product_cat?post=723665"},{"taxonomy":"product_tag","embeddable":true,"href":"https:\/\/roveyayinevi.com.tr\/index.php\/wp-json\/wp\/v2\/product_tag?post=723665"}],"curies":[{"name":"wp","href":"https:\/\/api.w.org\/{rel}","templated":true}]}}