{"id":723664,"date":"2025-08-27T19:22:41","date_gmt":"2025-08-27T16:22:41","guid":{"rendered":"https:\/\/roveyayinevi.com.tr\/index.php\/urun\/hic-vazgecmedim\/"},"modified":"2026-02-26T02:42:28","modified_gmt":"2026-02-25T23:42:28","slug":"hic-vazgecmedim","status":"publish","type":"product","link":"https:\/\/roveyayinevi.com.tr\/index.php\/urun\/hic-vazgecmedim\/","title":{"rendered":"Hi\u00e7 Vazge\u00e7medim"},"content":{"rendered":"<p>\u201cG\u00fczel g\u00fcnler sana gelmez, sen onlara y\u00fcr\u00fcyeceksin\u201d der Hz. Mevlana   \u201cK\u0131br\u0131s T\u00fcrk Halk\u0131\u2019n\u0131n kendi kimli\u011fi, kendi \u015fahsiyeti, kendi haysiyeti ile, bunca y\u0131ll\u0131k m\u00fccadelesini ta\u00e7land\u0131rmak ve g\u00fcvenli bir gelecek i\u00e7in, art\u0131k yeni s\u00f6zler s\u00f6ylemenin zaman\u0131 geldi. G\u00fczel g\u00fcnlere hep birlikte y\u00fcr\u00fcyece\u011fiz.\u201d Ersin Tatar <\/p>\n","protected":false},"excerpt":{"rendered":"<p>\u201cG\u00fczel g\u00fcnler sana gelmez, sen onlara y\u00fcr\u00fcyeceksin\u201d der Hz. Mevlana \u201cK\u0131br\u0131s T\u00fcrk Halk\u0131\u2019n\u0131n kendi kimli\u011fi, kendi \u015fahsiyeti, kendi haysiyeti ile, bunca y\u0131ll\u0131k m\u00fccadelesini ta\u00e7land\u0131rmak ve g\u00fcvenli<span class=\"excerpt-hellip\"> [\u2026]<\/span><\/p>\n","protected":false},"featured_media":0,"template":"","meta":{"_monsterinsights_skip_tracking":false,"_monsterinsights_sitenote_active":false,"_monsterinsights_sitenote_note":"","_monsterinsights_sitenote_category":0},"product_brand":[],"product_cat":[14009,12291],"product_tag":[],"class_list":{"0":"post-723664","1":"product","2":"type-product","3":"status-publish","5":"product_cat-biyografi-otobiyografi-edebiyat","6":"product_cat-edebiyat","7":"pa_cilt-ciltsiz","8":"pa_tur-kitap","9":"pa_yayinevi-destek-yayinlari","10":"pa_yazar-ferhat-atik","12":"first","13":"instock","14":"sale","15":"shipping-taxable","16":"purchasable","17":"product-type-simple"},"_links":{"self":[{"href":"https:\/\/roveyayinevi.com.tr\/index.php\/wp-json\/wp\/v2\/product\/723664","targetHints":{"allow":["GET"]}}],"collection":[{"href":"https:\/\/roveyayinevi.com.tr\/index.php\/wp-json\/wp\/v2\/product"}],"about":[{"href":"https:\/\/roveyayinevi.com.tr\/index.php\/wp-json\/wp\/v2\/types\/product"}],"wp:attachment":[{"href":"https:\/\/roveyayinevi.com.tr\/index.php\/wp-json\/wp\/v2\/media?parent=723664"}],"wp:term":[{"taxonomy":"product_brand","embeddable":true,"href":"https:\/\/roveyayinevi.com.tr\/index.php\/wp-json\/wp\/v2\/product_brand?post=723664"},{"taxonomy":"product_cat","embeddable":true,"href":"https:\/\/roveyayinevi.com.tr\/index.php\/wp-json\/wp\/v2\/product_cat?post=723664"},{"taxonomy":"product_tag","embeddable":true,"href":"https:\/\/roveyayinevi.com.tr\/index.php\/wp-json\/wp\/v2\/product_tag?post=723664"}],"curies":[{"name":"wp","href":"https:\/\/api.w.org\/{rel}","templated":true}]}}