{"id":723661,"date":"2025-08-27T19:22:39","date_gmt":"2025-08-27T16:22:39","guid":{"rendered":"https:\/\/roveyayinevi.com.tr\/index.php\/urun\/noralterapi\/"},"modified":"2026-04-08T02:39:25","modified_gmt":"2026-04-07T23:39:25","slug":"noralterapi","status":"publish","type":"product","link":"https:\/\/roveyayinevi.com.tr\/index.php\/urun\/noralterapi\/","title":{"rendered":"N\u00f6ralterapi"},"content":{"rendered":"<p>GER\u00c7EK N\u00d6RALTERAP\u0130YLE \u015e\u0130FA HERKES\u0130N HAKKIDIR&#8230;   N\u00d6RALTERAP\u0130N\u0130N do\u011frular\u0131n\u0131 ve do\u011fru uygulamalar\u0131n\u0131 anlatan \u0130LK ve TEK kitap&#8230; Bu kitapta n\u00f6ralterapinin ne oldu\u011fu ile yetinmeyece\u011fiz; hastal\u0131\u011f\u0131n ne oldu\u011funu, nas\u0131l olu\u015ftu\u011funu, hastal\u0131\u011f\u0131n olu\u015fmas\u0131nda nelerin rol oynad\u0131\u011f\u0131n\u0131, ortaya \u00e7\u0131kan semptomlar\u0131n neler oldu\u011funu ve nas\u0131l anla\u015f\u0131ld\u0131klar\u0131n\u0131, n\u00f6ralterapinin \u015fik\u00e2yetleri sadece bast\u0131rmad\u0131\u011f\u0131n\u0131 ve ger\u00e7ek manada tedavinin m\u00fcmk\u00fcn oldu\u011funu g\u00f6receksiniz. \u00c7\u00fcnk\u00fc v\u00fccudumuz ola\u011fan\u00fcst\u00fc kompleks sistemlerin birbiri \u00fcst\u00fcnde iyi bi\u00e7imde organize olmas\u0131 ve belirli kurallar ve d\u00f6ng\u00fcler halinde \u00e7al\u0131\u015fmas\u0131 ile var olmu\u015ftur; dola\u015f\u0131m sistemi, metabolizma, sindirim sistemi, hormonal d\u00fczenleme, \u0131s\u0131 d\u00fczenlemesi ve ba\u011f\u0131\u015f\u0131kl\u0131k sistemi gibi&#8230; N\u00f6ralterapi yakla\u015f\u0131m\u0131nda bedene organlar\u0131n tek tek toplam\u0131ndan olu\u015fan bir organizma olarak bak\u0131lmaz. \u00c7\u00fcnk\u00fc b\u00fct\u00fcnl\u00fck ve reg\u00fclasyon yakla\u015f\u0131m\u0131nda organlar\u0131n tek tek sorunsuz \u00e7al\u0131\u015fmalar\u0131n\u0131n yan\u0131 s\u0131ra birbiriyle olan ili\u015fkileri, bedenin enerjisi, ki\u015finin psikolojik ve toplumsal durumu da \u00f6nemlidir. Bu y\u00fczden bu yakla\u015f\u0131m\u0131n temelinde ana ekseni olu\u015fturan ba\u011f dokusunun ve v\u00fccudun b\u00fct\u00fcn fonksiyonlar\u0131n\u0131 d\u00fczenleyen otonom sinir sisteminin i\u015flevselli\u011fi b\u00fct\u00fcnl\u00fck i\u00e7inde de\u011ferlendirilip tan\u0131 konur ve tedavi ger\u00e7ekle\u015fir. <\/p>\n","protected":false},"excerpt":{"rendered":"<p>GER\u00c7EK N\u00d6RALTERAP\u0130YLE \u015e\u0130FA HERKES\u0130N HAKKIDIR&#8230; N\u00d6RALTERAP\u0130N\u0130N do\u011frular\u0131n\u0131 ve do\u011fru uygulamalar\u0131n\u0131 anlatan \u0130LK ve TEK kitap&#8230; Bu kitapta n\u00f6ralterapinin ne oldu\u011fu ile yetinmeyece\u011fiz; hastal\u0131\u011f\u0131n ne oldu\u011funu, nas\u0131l<span class=\"excerpt-hellip\"> [\u2026]<\/span><\/p>\n","protected":false},"featured_media":0,"template":"","meta":{"_monsterinsights_skip_tracking":false,"_monsterinsights_sitenote_active":false,"_monsterinsights_sitenote_note":"","_monsterinsights_sitenote_category":0},"product_brand":[],"product_cat":[13366,13365],"product_tag":[],"class_list":{"0":"post-723661","1":"product","2":"type-product","3":"status-publish","5":"product_cat-diger-saglik","6":"product_cat-saglik","7":"pa_cilt-ciltsiz","8":"pa_tur-kitap","9":"pa_yayinevi-destek-yayinlari","10":"pa_yazar-huseyin-nazlikul","12":"first","13":"instock","14":"sale","15":"shipping-taxable","16":"purchasable","17":"product-type-simple"},"_links":{"self":[{"href":"https:\/\/roveyayinevi.com.tr\/index.php\/wp-json\/wp\/v2\/product\/723661","targetHints":{"allow":["GET"]}}],"collection":[{"href":"https:\/\/roveyayinevi.com.tr\/index.php\/wp-json\/wp\/v2\/product"}],"about":[{"href":"https:\/\/roveyayinevi.com.tr\/index.php\/wp-json\/wp\/v2\/types\/product"}],"wp:attachment":[{"href":"https:\/\/roveyayinevi.com.tr\/index.php\/wp-json\/wp\/v2\/media?parent=723661"}],"wp:term":[{"taxonomy":"product_brand","embeddable":true,"href":"https:\/\/roveyayinevi.com.tr\/index.php\/wp-json\/wp\/v2\/product_brand?post=723661"},{"taxonomy":"product_cat","embeddable":true,"href":"https:\/\/roveyayinevi.com.tr\/index.php\/wp-json\/wp\/v2\/product_cat?post=723661"},{"taxonomy":"product_tag","embeddable":true,"href":"https:\/\/roveyayinevi.com.tr\/index.php\/wp-json\/wp\/v2\/product_tag?post=723661"}],"curies":[{"name":"wp","href":"https:\/\/api.w.org\/{rel}","templated":true}]}}