{"id":723660,"date":"2025-08-27T19:22:39","date_gmt":"2025-08-27T16:22:39","guid":{"rendered":"https:\/\/roveyayinevi.com.tr\/index.php\/urun\/dil-ve-konusma-aktiviteleri\/"},"modified":"2026-04-16T02:31:46","modified_gmt":"2026-04-15T23:31:46","slug":"dil-ve-konusma-aktiviteleri","status":"publish","type":"product","link":"https:\/\/roveyayinevi.com.tr\/index.php\/urun\/dil-ve-konusma-aktiviteleri\/","title":{"rendered":"Dil ve Konu\u015fma Aktiviteleri"},"content":{"rendered":"<p>\u00c7ocu\u011funuzun ilk \u00fc\u00e7 y\u0131l\u0131, zihinsel geli\u015fimi a\u00e7\u0131s\u0131ndan \u00e7ok \u00f6nemlidir. Zihinsel geli\u015fimin yakla\u015f\u0131k %80\u2019i, bu \u00fc\u00e7 y\u0131lda tamamlan\u0131r. Do\u011fumdan sonraki ilk aylarda bebek kendisi bir tak\u0131m sesler \u00e7\u0131kar\u0131rken, b\u00fcy\u00fcd\u00fck\u00e7e d\u0131\u015far\u0131dan duydu\u011fu sesleri taklit ederek konu\u015fmay\u0131 \u00f6\u011frenmeye ba\u015flar. \u00c7ocu\u011funuz dil ve konu\u015fma becerisini \u00f6\u011frenmeye \u00e7al\u0131\u015f\u0131rken, konu\u015fmas\u0131 i\u00e7in desteklenmesine, uygun ortamlar yarat\u0131lmas\u0131na ve \u00e7e\u015fitli uyar\u0131c\u0131lar sunulmas\u0131na ihtiyac\u0131 vard\u0131r.\u00c7ocu\u011funuza oyun, \u015fiir, tekerleme, parmak oyunlar\u0131, hik\u00e2ye anlatma, tekrarlama, yorumlama gibi \u00e7al\u0131\u015fmalar yapt\u0131rarak hem dili d\u00fczg\u00fcn kullanmay\u0131 \u00f6\u011fretebilir hem de bunu yaparken \u00e7ocu\u011funuzun keyif almas\u0131n\u0131 sa\u011flayabilirsiniz. \u00c7ocu\u011funuz keyif al\u0131rsa, bu \u00e7al\u0131\u015fmalar\u0131 daha \u00e7ok yapar.  Bu sayede, dil geli\u015fim d\u00f6nemini verimli bir \u015fekilde ge\u00e7irmi\u015f olur. <\/p>\n","protected":false},"excerpt":{"rendered":"<p>\u00c7ocu\u011funuzun ilk \u00fc\u00e7 y\u0131l\u0131, zihinsel geli\u015fimi a\u00e7\u0131s\u0131ndan \u00e7ok \u00f6nemlidir. Zihinsel geli\u015fimin yakla\u015f\u0131k %80\u2019i, bu \u00fc\u00e7 y\u0131lda tamamlan\u0131r. Do\u011fumdan sonraki ilk aylarda bebek kendisi bir tak\u0131m sesler<span class=\"excerpt-hellip\"> [\u2026]<\/span><\/p>\n","protected":false},"featured_media":0,"template":"","meta":{"_monsterinsights_skip_tracking":false,"_monsterinsights_sitenote_active":false,"_monsterinsights_sitenote_note":"","_monsterinsights_sitenote_category":0},"product_brand":[],"product_cat":[12274,15842],"product_tag":[],"class_list":{"0":"post-723660","1":"product","2":"type-product","3":"status-publish","5":"product_cat-cocuk-ve-genclik-kitaplari","6":"product_cat-egitici-kitaplar","7":"pa_cilt-ciltsiz","8":"pa_tur-kitap","9":"pa_yayinevi-potikare-yayincilik","10":"pa_yazar-elif-koc-unaldi-songul-islak-yilmaz","12":"first","13":"instock","14":"sale","15":"shipping-taxable","16":"purchasable","17":"product-type-simple"},"_links":{"self":[{"href":"https:\/\/roveyayinevi.com.tr\/index.php\/wp-json\/wp\/v2\/product\/723660","targetHints":{"allow":["GET"]}}],"collection":[{"href":"https:\/\/roveyayinevi.com.tr\/index.php\/wp-json\/wp\/v2\/product"}],"about":[{"href":"https:\/\/roveyayinevi.com.tr\/index.php\/wp-json\/wp\/v2\/types\/product"}],"wp:attachment":[{"href":"https:\/\/roveyayinevi.com.tr\/index.php\/wp-json\/wp\/v2\/media?parent=723660"}],"wp:term":[{"taxonomy":"product_brand","embeddable":true,"href":"https:\/\/roveyayinevi.com.tr\/index.php\/wp-json\/wp\/v2\/product_brand?post=723660"},{"taxonomy":"product_cat","embeddable":true,"href":"https:\/\/roveyayinevi.com.tr\/index.php\/wp-json\/wp\/v2\/product_cat?post=723660"},{"taxonomy":"product_tag","embeddable":true,"href":"https:\/\/roveyayinevi.com.tr\/index.php\/wp-json\/wp\/v2\/product_tag?post=723660"}],"curies":[{"name":"wp","href":"https:\/\/api.w.org\/{rel}","templated":true}]}}