{"id":723657,"date":"2025-08-27T19:22:37","date_gmt":"2025-08-27T16:22:37","guid":{"rendered":"https:\/\/roveyayinevi.com.tr\/index.php\/urun\/basarinin-sirri\/"},"modified":"2026-04-08T02:39:25","modified_gmt":"2026-04-07T23:39:25","slug":"basarinin-sirri","status":"publish","type":"product","link":"https:\/\/roveyayinevi.com.tr\/index.php\/urun\/basarinin-sirri\/","title":{"rendered":"Ba\u015far\u0131n\u0131n S\u0131rr\u0131"},"content":{"rendered":"<p>On \u00fc\u00e7 ya\u015f\u0131nda ilk defa \u0130stanbul\u2019a geldi\u011finde kirden siyahla\u015fm\u0131\u015f \u00e7ar\u015faflarda, tarifsiz kokular i\u00e7inde yatarak da olsa \u015fehre tutunmaya \u00e7al\u0131\u015ft\u0131. Olmad\u0131. Birka\u00e7 ay sonra tekrar geldi, bu kez Zeytinburnu\u2019na, s\u0131rt\u0131nda yorgan\u0131, elinde tahta valizi. \u00c7ocuk omuzlar\u0131na y\u00fcklendi hayat\u0131 ve y\u0131llar i\u00e7inde bir \u00e7\u0131raktan, \u00fcnl\u00fc ve \u00f6nemli markalara kaliteli \u00fcretim yapan bir i\u015f adam\u0131na d\u00f6n\u00fc\u015ft\u00fc.   Bu kitapta hayata \u00e7ocuk ya\u015flarda s\u0131f\u0131rdan ba\u015flayan bir ki\u015finin nas\u0131l ba\u015far\u0131l\u0131 bir i\u015fadam\u0131 oldu\u011fu anlat\u0131l\u0131yor.   Ba\u015far\u0131n\u0131n s\u0131rr\u0131 belki de o kadar uzakta de\u011fildir.   Hayallerine sahip \u00e7\u0131kan Mehmet Yayla\u2019n\u0131n ilham verici \u00f6yk\u00fcs\u00fc&#8230;   Bir kitapla k\u0131rk y\u0131ll\u0131k bir hayat tecr\u00fcbesi kazanacaks\u0131n\u0131z. <\/p>\n","protected":false},"excerpt":{"rendered":"<p>On \u00fc\u00e7 ya\u015f\u0131nda ilk defa \u0130stanbul\u2019a geldi\u011finde kirden siyahla\u015fm\u0131\u015f \u00e7ar\u015faflarda, tarifsiz kokular i\u00e7inde yatarak da olsa \u015fehre tutunmaya \u00e7al\u0131\u015ft\u0131. Olmad\u0131. Birka\u00e7 ay sonra tekrar geldi, bu<span class=\"excerpt-hellip\"> [\u2026]<\/span><\/p>\n","protected":false},"featured_media":0,"template":"","meta":{"_monsterinsights_skip_tracking":false,"_monsterinsights_sitenote_active":false,"_monsterinsights_sitenote_note":"","_monsterinsights_sitenote_category":0},"product_brand":[],"product_cat":[14009,12291],"product_tag":[],"class_list":{"0":"post-723657","1":"product","2":"type-product","3":"status-publish","5":"product_cat-biyografi-otobiyografi-edebiyat","6":"product_cat-edebiyat","7":"pa_cilt-ciltsiz","8":"pa_tur-kitap","9":"pa_yayinevi-hayykitap","10":"pa_yazar-teoman-sabri","12":"first","13":"instock","14":"sale","15":"shipping-taxable","16":"purchasable","17":"product-type-simple"},"_links":{"self":[{"href":"https:\/\/roveyayinevi.com.tr\/index.php\/wp-json\/wp\/v2\/product\/723657","targetHints":{"allow":["GET"]}}],"collection":[{"href":"https:\/\/roveyayinevi.com.tr\/index.php\/wp-json\/wp\/v2\/product"}],"about":[{"href":"https:\/\/roveyayinevi.com.tr\/index.php\/wp-json\/wp\/v2\/types\/product"}],"wp:attachment":[{"href":"https:\/\/roveyayinevi.com.tr\/index.php\/wp-json\/wp\/v2\/media?parent=723657"}],"wp:term":[{"taxonomy":"product_brand","embeddable":true,"href":"https:\/\/roveyayinevi.com.tr\/index.php\/wp-json\/wp\/v2\/product_brand?post=723657"},{"taxonomy":"product_cat","embeddable":true,"href":"https:\/\/roveyayinevi.com.tr\/index.php\/wp-json\/wp\/v2\/product_cat?post=723657"},{"taxonomy":"product_tag","embeddable":true,"href":"https:\/\/roveyayinevi.com.tr\/index.php\/wp-json\/wp\/v2\/product_tag?post=723657"}],"curies":[{"name":"wp","href":"https:\/\/api.w.org\/{rel}","templated":true}]}}