{"id":723655,"date":"2025-08-27T19:22:35","date_gmt":"2025-08-27T16:22:35","guid":{"rendered":"https:\/\/roveyayinevi.com.tr\/index.php\/urun\/epikuros\/"},"modified":"2026-04-16T02:31:46","modified_gmt":"2026-04-15T23:31:46","slug":"epikuros","status":"publish","type":"product","link":"https:\/\/roveyayinevi.com.tr\/index.php\/urun\/epikuros\/","title":{"rendered":"Epikuros"},"content":{"rendered":"<p>Bu eser, Epikuros\u2019un hayat\u0131 ve felsefesine k\u0131sa bir giri\u015f yapmaktad\u0131r. Epikuros\u2019un ahlak ve haz anlay\u0131\u015f\u0131, madde ve atom \u00f6\u011fretisi, farkl\u0131 ele\u015ftirmenlerin yorumlar\u0131yla birlikte ele al\u0131nmaktad\u0131r.Epikuros felsefesinin, Demokritos, Platon ve Aristoteles\u2019ten ald\u0131\u011f\u0131 etkilerin incelenmesi nedeniyle ayn\u0131 zamanda eser, Antik\u00e7a\u011f Yunan Felsefesi alan\u0131na da \u0131\u015f\u0131k tutmaktad\u0131r. Yine Epikuros\u2019un fikirlerinin \u00e7e\u015fitli ahlak felsefeleri, Hristiyanl\u0131k d\u00fc\u015f\u00fcncesi, astronomi ve hatta evrim tart\u0131\u015fmalar\u0131yla ili\u015fkilendirilmesi, okura farkl\u0131 bak\u0131\u015f a\u00e7\u0131lar\u0131 sunmaktad\u0131r. Alfred Edward Taylor\u2019\u0131n bu de\u011ferli \u00e7al\u0131\u015fmas\u0131n\u0131, Cengiz \u00c7akmak\u2019\u0131n Sunu\u015fu ve Ceyda \u00dcst\u00fcnel \u00e7evirisi ile sunuyoruz.<\/p>\n","protected":false},"excerpt":{"rendered":"<p>Bu eser, Epikuros\u2019un hayat\u0131 ve felsefesine k\u0131sa bir giri\u015f yapmaktad\u0131r. Epikuros\u2019un ahlak ve haz anlay\u0131\u015f\u0131, madde ve atom \u00f6\u011fretisi, farkl\u0131 ele\u015ftirmenlerin yorumlar\u0131yla birlikte ele al\u0131nmaktad\u0131r.Epikuros felsefesinin,<span class=\"excerpt-hellip\"> [\u2026]<\/span><\/p>\n","protected":false},"featured_media":0,"template":"","meta":{"_monsterinsights_skip_tracking":false,"_monsterinsights_sitenote_active":false,"_monsterinsights_sitenote_note":"","_monsterinsights_sitenote_category":0},"product_brand":[],"product_cat":[12388,14717],"product_tag":[],"class_list":{"0":"post-723655","1":"product","2":"type-product","3":"status-publish","5":"product_cat-felsefe","6":"product_cat-felsefe-tarihi","7":"pa_cilt-ciltsiz","8":"pa_tur-kitap","9":"pa_yayinevi-fol-kitap","10":"pa_yazar-alfred-edward-taylor","12":"first","13":"instock","14":"sale","15":"shipping-taxable","16":"purchasable","17":"product-type-simple"},"_links":{"self":[{"href":"https:\/\/roveyayinevi.com.tr\/index.php\/wp-json\/wp\/v2\/product\/723655","targetHints":{"allow":["GET"]}}],"collection":[{"href":"https:\/\/roveyayinevi.com.tr\/index.php\/wp-json\/wp\/v2\/product"}],"about":[{"href":"https:\/\/roveyayinevi.com.tr\/index.php\/wp-json\/wp\/v2\/types\/product"}],"wp:attachment":[{"href":"https:\/\/roveyayinevi.com.tr\/index.php\/wp-json\/wp\/v2\/media?parent=723655"}],"wp:term":[{"taxonomy":"product_brand","embeddable":true,"href":"https:\/\/roveyayinevi.com.tr\/index.php\/wp-json\/wp\/v2\/product_brand?post=723655"},{"taxonomy":"product_cat","embeddable":true,"href":"https:\/\/roveyayinevi.com.tr\/index.php\/wp-json\/wp\/v2\/product_cat?post=723655"},{"taxonomy":"product_tag","embeddable":true,"href":"https:\/\/roveyayinevi.com.tr\/index.php\/wp-json\/wp\/v2\/product_tag?post=723655"}],"curies":[{"name":"wp","href":"https:\/\/api.w.org\/{rel}","templated":true}]}}