{"id":723654,"date":"2025-08-27T19:22:34","date_gmt":"2025-08-27T16:22:34","guid":{"rendered":"https:\/\/roveyayinevi.com.tr\/index.php\/urun\/gayya-kuyusu\/"},"modified":"2026-04-16T02:31:46","modified_gmt":"2026-04-15T23:31:46","slug":"gayya-kuyusu","status":"publish","type":"product","link":"https:\/\/roveyayinevi.com.tr\/index.php\/urun\/gayya-kuyusu\/","title":{"rendered":"Gayya Kuyusu"},"content":{"rendered":"<p>Emine Semiye son roman\u0131 Gayya Kuyusu ile okurlar\u0131 1910\u2019lar\u0131n \u0130stanbul\u2019una davet ediyor. Yoksullar\u0131, zenginleri, yang\u0131nlar\u0131 ve ya\u015fanan sava\u015f\u0131n etkileri arac\u0131l\u0131\u011f\u0131yla capcanl\u0131 k\u0131l\u0131nm\u0131\u015f \u0130stanbul\u2019un ba\u015fta Aksaray ve \u00dcsk\u00fcdar olmak \u00fczere \u00e7e\u015fitli semtlerini dola\u015f\u0131rken hayatlar birbirine ba\u011flan\u0131yor, dayan\u0131\u015fmalar kuruluyor, ihanetler ger\u00e7ekle\u015fiyor. Evlerin i\u00e7lerinin de, d\u0131\u015flar\u0131n\u0131n da nice felaketle, \u00f6zellikle de cinsel \u015fiddetle dolu oldu\u011fu tarihsel ko\u015fullarda Emine Semiye\u2019nin roman ki\u015fileri umut dev\u015firebilecekleri ili\u015fkilerin pe\u015fine d\u00fc\u015f\u00fcyor. \u015eehrin, toplumun ve ki\u015filerin zemini sars\u0131l\u0131rken ve \u015fehir bir gayya kuyusuna d\u00f6nm\u00fc\u015fken kurtulu\u015f nas\u0131l m\u00fcmk\u00fcn olabilir? <\/p>\n","protected":false},"excerpt":{"rendered":"<p>Emine Semiye son roman\u0131 Gayya Kuyusu ile okurlar\u0131 1910\u2019lar\u0131n \u0130stanbul\u2019una davet ediyor. Yoksullar\u0131, zenginleri, yang\u0131nlar\u0131 ve ya\u015fanan sava\u015f\u0131n etkileri arac\u0131l\u0131\u011f\u0131yla capcanl\u0131 k\u0131l\u0131nm\u0131\u015f \u0130stanbul\u2019un ba\u015fta Aksaray ve<span class=\"excerpt-hellip\"> [\u2026]<\/span><\/p>\n","protected":false},"featured_media":0,"template":"","meta":{"_monsterinsights_skip_tracking":false,"_monsterinsights_sitenote_active":false,"_monsterinsights_sitenote_note":"","_monsterinsights_sitenote_category":0},"product_brand":[],"product_cat":[12291,12711],"product_tag":[],"class_list":{"0":"post-723654","1":"product","2":"type-product","3":"status-publish","5":"product_cat-edebiyat","6":"product_cat-roman-oyku","7":"pa_cilt-ciltsiz","8":"pa_tur-kitap","9":"pa_yayinevi-turkuvaz-kitap","10":"pa_yazar-emine-semiye","12":"first","13":"instock","14":"sale","15":"shipping-taxable","16":"purchasable","17":"product-type-simple"},"_links":{"self":[{"href":"https:\/\/roveyayinevi.com.tr\/index.php\/wp-json\/wp\/v2\/product\/723654","targetHints":{"allow":["GET"]}}],"collection":[{"href":"https:\/\/roveyayinevi.com.tr\/index.php\/wp-json\/wp\/v2\/product"}],"about":[{"href":"https:\/\/roveyayinevi.com.tr\/index.php\/wp-json\/wp\/v2\/types\/product"}],"wp:attachment":[{"href":"https:\/\/roveyayinevi.com.tr\/index.php\/wp-json\/wp\/v2\/media?parent=723654"}],"wp:term":[{"taxonomy":"product_brand","embeddable":true,"href":"https:\/\/roveyayinevi.com.tr\/index.php\/wp-json\/wp\/v2\/product_brand?post=723654"},{"taxonomy":"product_cat","embeddable":true,"href":"https:\/\/roveyayinevi.com.tr\/index.php\/wp-json\/wp\/v2\/product_cat?post=723654"},{"taxonomy":"product_tag","embeddable":true,"href":"https:\/\/roveyayinevi.com.tr\/index.php\/wp-json\/wp\/v2\/product_tag?post=723654"}],"curies":[{"name":"wp","href":"https:\/\/api.w.org\/{rel}","templated":true}]}}