{"id":723653,"date":"2025-08-27T19:22:34","date_gmt":"2025-08-27T16:22:34","guid":{"rendered":"https:\/\/roveyayinevi.com.tr\/index.php\/urun\/mukafat-i-ilahiye-ilahi-mikafat\/"},"modified":"2026-04-16T02:31:46","modified_gmt":"2026-04-15T23:31:46","slug":"mukafat-i-ilahiye-ilahi-mikafat","status":"publish","type":"product","link":"https:\/\/roveyayinevi.com.tr\/index.php\/urun\/mukafat-i-ilahiye-ilahi-mikafat\/","title":{"rendered":"M\u00fckafat-\u0131 \u0130lahiye \u0130lahi Mikafat"},"content":{"rendered":"<p>Osmanl\u0131 kad\u0131n hareketi \u00f6nc\u00fclerinden Emine Semiye\u2019nin ikinci roman\u0131 M\u00fck\u00e2fat-i \u0130lahiye ile okur olarak erdemlerin, felaketlerin ve \u00f6d\u00fcllerin d\u00fcnyas\u0131na gireriz. \u00dcst s\u0131n\u0131ftan Frans\u0131z ailelerinin g\u00fcndelik hayatlar\u0131 ve duygusal d\u00fcnyalar\u0131 sergilenirken ba\u015fa gelen felaketleri nas\u0131l kar\u015f\u0131lamak gerekti\u011fine dair ahlaki modeller de geli\u015ftirilir. 19. y\u00fczy\u0131l sonunda ya\u015fanan aile ve erkeklik krizinin kad\u0131nlar\u0131n hayat\u0131n\u0131 nas\u0131l etkiledi\u011fi g\u00f6zler \u00f6n\u00fcne serilir. Gelecekten umutlu olmak k\u0131z karde\u015fler aras\u0131nda dayan\u0131\u015fmayla i\u00e7 i\u00e7e ge\u00e7er. Haks\u0131zl\u0131klar er ya da ge\u00e7 telafi edilecektir: \u201cM\u00fck\u00e2fat-\u0131 ilahiye mazlumlar\u0131n hakk\u0131d\u0131r.\u201d <\/p>\n","protected":false},"excerpt":{"rendered":"<p>Osmanl\u0131 kad\u0131n hareketi \u00f6nc\u00fclerinden Emine Semiye\u2019nin ikinci roman\u0131 M\u00fck\u00e2fat-i \u0130lahiye ile okur olarak erdemlerin, felaketlerin ve \u00f6d\u00fcllerin d\u00fcnyas\u0131na gireriz. \u00dcst s\u0131n\u0131ftan Frans\u0131z ailelerinin g\u00fcndelik hayatlar\u0131 ve<span class=\"excerpt-hellip\"> [\u2026]<\/span><\/p>\n","protected":false},"featured_media":0,"template":"","meta":{"_monsterinsights_skip_tracking":false,"_monsterinsights_sitenote_active":false,"_monsterinsights_sitenote_note":"","_monsterinsights_sitenote_category":0},"product_brand":[],"product_cat":[12291,12711],"product_tag":[],"class_list":{"0":"post-723653","1":"product","2":"type-product","3":"status-publish","5":"product_cat-edebiyat","6":"product_cat-roman-oyku","7":"pa_cilt-ciltsiz","8":"pa_tur-kitap","9":"pa_yayinevi-turkuvaz-kitap","10":"pa_yazar-emine-semiye","12":"first","13":"instock","14":"sale","15":"shipping-taxable","16":"purchasable","17":"product-type-simple"},"_links":{"self":[{"href":"https:\/\/roveyayinevi.com.tr\/index.php\/wp-json\/wp\/v2\/product\/723653","targetHints":{"allow":["GET"]}}],"collection":[{"href":"https:\/\/roveyayinevi.com.tr\/index.php\/wp-json\/wp\/v2\/product"}],"about":[{"href":"https:\/\/roveyayinevi.com.tr\/index.php\/wp-json\/wp\/v2\/types\/product"}],"wp:attachment":[{"href":"https:\/\/roveyayinevi.com.tr\/index.php\/wp-json\/wp\/v2\/media?parent=723653"}],"wp:term":[{"taxonomy":"product_brand","embeddable":true,"href":"https:\/\/roveyayinevi.com.tr\/index.php\/wp-json\/wp\/v2\/product_brand?post=723653"},{"taxonomy":"product_cat","embeddable":true,"href":"https:\/\/roveyayinevi.com.tr\/index.php\/wp-json\/wp\/v2\/product_cat?post=723653"},{"taxonomy":"product_tag","embeddable":true,"href":"https:\/\/roveyayinevi.com.tr\/index.php\/wp-json\/wp\/v2\/product_tag?post=723653"}],"curies":[{"name":"wp","href":"https:\/\/api.w.org\/{rel}","templated":true}]}}